{"id":8516,"date":"2017-07-11T16:18:43","date_gmt":"2017-07-11T09:18:43","guid":{"rendered":"http:\/\/sentio.pl\/?page_id=8516"},"modified":"2025-05-19T21:24:51","modified_gmt":"2025-05-19T19:24:51","slug":"blog","status":"publish","type":"page","link":"https:\/\/sentio.pl\/ru\/blog\/","title":{"rendered":"Blog psychologa"},"content":{"rendered":"<div class=\"wpb-content-wrapper\">\t<div  class=\"vc_row wpb_row vc_row-fluid vc_column-gap-default ts-row-wide\"  ><div class=\"wpb_column vc_column_container vc_col-sm-12\">\n\t<div class=\"wpb_wrapper\">\n\t<div class=\"vc_empty_space\"   style=\"height: 32px\"><span class=\"vc_empty_space_inner\"><\/span><\/div>\t\t\t<div class=\"ts-blogs-wrapper ts-shortcode ts-blogs heading-center style-default ts-masonry loading grid columns-3\" data-atts=\"{&quot;layout&quot;:&quot;masonry&quot;,&quot;columns&quot;:3,&quot;categories&quot;:&quot;&quot;,&quot;per_page&quot;:&quot;12&quot;,&quot;orderby&quot;:&quot;date&quot;,&quot;order&quot;:&quot;DESC&quot;,&quot;item_layout&quot;:&quot;grid&quot;,&quot;show_title&quot;:&quot;1&quot;,&quot;show_thumbnail&quot;:&quot;1&quot;,&quot;show_author&quot;:&quot;0&quot;,&quot;show_tags&quot;:&quot;0&quot;,&quot;show_categories&quot;:&quot;0&quot;,&quot;show_date&quot;:&quot;0&quot;,&quot;show_comment&quot;:&quot;0&quot;,&quot;show_excerpt&quot;:&quot;0&quot;,&quot;show_readmore&quot;:&quot;0&quot;,&quot;excerpt_words&quot;:&quot;20&quot;,&quot;is_slider&quot;:0,&quot;show_nav&quot;:&quot;0&quot;,&quot;auto_play&quot;:&quot;0&quot;,&quot;margin&quot;:0,&quot;is_masonry&quot;:1,&quot;show_load_more&quot;:0}\">\n\t\t\t\n\t\t\t\t\t\t\t\t\n\t\t\t\t<div class=\"content-wrapper\">\n\t\t\t\t\t<div class=\"blogs items\">\n\t\t\t\t\t\t\t\t\t\t<article class=\"item   ts-col-8 first\">\n\t\t\t\t\t\t\n\t\t\t\t\t\t\t\t\t\t\n\t\t\t\t\t\t\t\t\t\t\t<div class=\"thumbnail-content\">\n\t\t\t\t\t\t\t\t\t\t\t\t\t\t\t<a class=\"thumbnail\" href=\"https:\/\/sentio.pl\/ru\/typy-adhd-czym-sie-charakteryzuje-kazdy-z-nich\/\">\n\t\t\t\t\t\t\t\t\t<figure>\n\t\t\t\t\t\t\t\t\t<img loading=\"lazy\" decoding=\"async\" width=\"496\" height=\"262\" src=\"https:\/\/sentio.pl\/wp-content\/uploads\/2025\/05\/001-3-496x262.jpg\" class=\"attachment-mymedi_blog_thumb_shortcode size-mymedi_blog_thumb_shortcode wp-post-image\" alt=\"\" srcset=\"https:\/\/sentio.pl\/wp-content\/uploads\/2025\/05\/001-3-496x262.jpg 496w, https:\/\/sentio.pl\/wp-content\/uploads\/2025\/05\/001-3-992x525.jpg 992w\" sizes=\"auto, (max-width: 496px) 100vw, 496px\" \/>\t\t\t\t\t\t\t\t\t<\/figure>\n\t\t\t\t\t\t\t\t\t<div class=\"effect-thumbnail\"><\/div>\n\t\t\t\t\t\t\t\t<\/a>\n\t\t\t\t\t\t\t\t\t\t\t\t\t\n\t\t\t\t\t\t<\/div>\n\t\t\t\t\t\t\t\t\t\n\t\t\t\t\t\t\t\t\t\t\t\n\t\t\t\t\t\t<div class=\"entry-content\">\n\t\t\t\t\t\t\t\n\t\t\t\t\t\t\t\t\t\t\t\t\t\t<header>\n\t\t\t\t\t\t\t\t<h4 class=\"heading-title entry-title\">\n\t\t\t\t\t\t\t\t\t<a class=\"post-title heading-title\" href=\"https:\/\/sentio.pl\/ru\/typy-adhd-czym-sie-charakteryzuje-kazdy-z-nich\/\">Typy ADHD \u2014 czym si\u0119 charakteryzuje ka\u017cdy z nich?<\/a>\n\t\t\t\t\t\t\t\t<\/h4>\n\t\t\t\t\t\t\t<\/header>\n\t\t\t\t\t\t\t\t\t\t\t\t\t\t\n\t\t\t\t\t\t\t\t\t\t\t\t\t\t\n\t\t\t\t\t\t\t\t\t\t\t\t\t\t\n\t\t\t\t\t\t\t\t\t\t\t\t\t<\/div>\n\t\t\t\t\t\t\t\n\t\t\t\t\t\t\t\t\t<\/article>\n\t\t\t\t\t\t\t<article class=\"item   ts-col-8\">\n\t\t\t\t\t\t\n\t\t\t\t\t\t\t\t\t\t\n\t\t\t\t\t\t\t\t\t\t\t<div class=\"thumbnail-content\">\n\t\t\t\t\t\t\t\t\t\t\t\t\t\t\t<a class=\"thumbnail\" href=\"https:\/\/sentio.pl\/ru\/psychoedukacja-jej-znaczenie-w-leczeniu-adhd\/\">\n\t\t\t\t\t\t\t\t\t<figure>\n\t\t\t\t\t\t\t\t\t<img loading=\"lazy\" decoding=\"async\" width=\"496\" height=\"262\" src=\"https:\/\/sentio.pl\/wp-content\/uploads\/2025\/05\/001-2-496x262.jpg\" class=\"attachment-mymedi_blog_thumb_shortcode size-mymedi_blog_thumb_shortcode wp-post-image\" alt=\"\" srcset=\"https:\/\/sentio.pl\/wp-content\/uploads\/2025\/05\/001-2-496x262.jpg 496w, https:\/\/sentio.pl\/wp-content\/uploads\/2025\/05\/001-2-992x525.jpg 992w\" sizes=\"auto, (max-width: 496px) 100vw, 496px\" \/>\t\t\t\t\t\t\t\t\t<\/figure>\n\t\t\t\t\t\t\t\t\t<div class=\"effect-thumbnail\"><\/div>\n\t\t\t\t\t\t\t\t<\/a>\n\t\t\t\t\t\t\t\t\t\t\t\t\t\n\t\t\t\t\t\t<\/div>\n\t\t\t\t\t\t\t\t\t\n\t\t\t\t\t\t\t\t\t\t\t\n\t\t\t\t\t\t<div class=\"entry-content\">\n\t\t\t\t\t\t\t\n\t\t\t\t\t\t\t\t\t\t\t\t\t\t<header>\n\t\t\t\t\t\t\t\t<h4 class=\"heading-title entry-title\">\n\t\t\t\t\t\t\t\t\t<a class=\"post-title heading-title\" href=\"https:\/\/sentio.pl\/ru\/psychoedukacja-jej-znaczenie-w-leczeniu-adhd\/\">Psychoedukacja \u2014 jej znaczenie w leczeniu ADHD<\/a>\n\t\t\t\t\t\t\t\t<\/h4>\n\t\t\t\t\t\t\t<\/header>\n\t\t\t\t\t\t\t\t\t\t\t\t\t\t\n\t\t\t\t\t\t\t\t\t\t\t\t\t\t\n\t\t\t\t\t\t\t\t\t\t\t\t\t\t\n\t\t\t\t\t\t\t\t\t\t\t\t\t<\/div>\n\t\t\t\t\t\t\t\n\t\t\t\t\t\t\t\t\t<\/article>\n\t\t\t\t\t\t\t<article class=\"item   ts-col-8 last\">\n\t\t\t\t\t\t\n\t\t\t\t\t\t\t\t\t\t\n\t\t\t\t\t\t\t\t\t\t\t<div class=\"thumbnail-content\">\n\t\t\t\t\t\t\t\t\t\t\t\t\t\t\t<a class=\"thumbnail\" href=\"https:\/\/sentio.pl\/ru\/jakie-sa-najczestsze-przyczyny-adhd-poznaj-4-z-nich\/\">\n\t\t\t\t\t\t\t\t\t<figure>\n\t\t\t\t\t\t\t\t\t<img loading=\"lazy\" decoding=\"async\" width=\"496\" height=\"262\" src=\"https:\/\/sentio.pl\/wp-content\/uploads\/2025\/05\/001-1-496x262.jpg\" class=\"attachment-mymedi_blog_thumb_shortcode size-mymedi_blog_thumb_shortcode wp-post-image\" alt=\"\" srcset=\"https:\/\/sentio.pl\/wp-content\/uploads\/2025\/05\/001-1-496x262.jpg 496w, https:\/\/sentio.pl\/wp-content\/uploads\/2025\/05\/001-1-18x10.jpg 18w, https:\/\/sentio.pl\/wp-content\/uploads\/2025\/05\/001-1-992x525.jpg 992w\" sizes=\"auto, (max-width: 496px) 100vw, 496px\" \/>\t\t\t\t\t\t\t\t\t<\/figure>\n\t\t\t\t\t\t\t\t\t<div class=\"effect-thumbnail\"><\/div>\n\t\t\t\t\t\t\t\t<\/a>\n\t\t\t\t\t\t\t\t\t\t\t\t\t\n\t\t\t\t\t\t<\/div>\n\t\t\t\t\t\t\t\t\t\n\t\t\t\t\t\t\t\t\t\t\t\n\t\t\t\t\t\t<div class=\"entry-content\">\n\t\t\t\t\t\t\t\n\t\t\t\t\t\t\t\t\t\t\t\t\t\t<header>\n\t\t\t\t\t\t\t\t<h4 class=\"heading-title entry-title\">\n\t\t\t\t\t\t\t\t\t<a class=\"post-title heading-title\" href=\"https:\/\/sentio.pl\/ru\/jakie-sa-najczestsze-przyczyny-adhd-poznaj-4-z-nich\/\">Jakie s\u0105 najcz\u0119stsze przyczyny ADHD? Poznaj 4 z nich!<\/a>\n\t\t\t\t\t\t\t\t<\/h4>\n\t\t\t\t\t\t\t<\/header>\n\t\t\t\t\t\t\t\t\t\t\t\t\t\t\n\t\t\t\t\t\t\t\t\t\t\t\t\t\t\n\t\t\t\t\t\t\t\t\t\t\t\t\t\t\n\t\t\t\t\t\t\t\t\t\t\t\t\t<\/div>\n\t\t\t\t\t\t\t\n\t\t\t\t\t\t\t\t\t<\/article>\n\t\t\t\t\t\t\t<article class=\"item   ts-col-8 first\">\n\t\t\t\t\t\t\n\t\t\t\t\t\t\t\t\t\t\n\t\t\t\t\t\t\t\t\t\t\t<div class=\"thumbnail-content\">\n\t\t\t\t\t\t\t\t\t\t\t\t\t\t\t<a class=\"thumbnail\" href=\"https:\/\/sentio.pl\/ru\/czym-jest-adhd-i-jak-sie-objawia\/\">\n\t\t\t\t\t\t\t\t\t<figure>\n\t\t\t\t\t\t\t\t\t<img loading=\"lazy\" decoding=\"async\" width=\"496\" height=\"262\" src=\"https:\/\/sentio.pl\/wp-content\/uploads\/2025\/05\/002-496x262.jpg\" class=\"attachment-mymedi_blog_thumb_shortcode size-mymedi_blog_thumb_shortcode wp-post-image\" alt=\"\" srcset=\"https:\/\/sentio.pl\/wp-content\/uploads\/2025\/05\/002-496x262.jpg 496w, https:\/\/sentio.pl\/wp-content\/uploads\/2025\/05\/002-992x525.jpg 992w\" sizes=\"auto, (max-width: 496px) 100vw, 496px\" \/>\t\t\t\t\t\t\t\t\t<\/figure>\n\t\t\t\t\t\t\t\t\t<div class=\"effect-thumbnail\"><\/div>\n\t\t\t\t\t\t\t\t<\/a>\n\t\t\t\t\t\t\t\t\t\t\t\t\t\n\t\t\t\t\t\t<\/div>\n\t\t\t\t\t\t\t\t\t\n\t\t\t\t\t\t\t\t\t\t\t\n\t\t\t\t\t\t<div class=\"entry-content\">\n\t\t\t\t\t\t\t\n\t\t\t\t\t\t\t\t\t\t\t\t\t\t<header>\n\t\t\t\t\t\t\t\t<h4 class=\"heading-title entry-title\">\n\t\t\t\t\t\t\t\t\t<a class=\"post-title heading-title\" href=\"https:\/\/sentio.pl\/ru\/czym-jest-adhd-i-jak-sie-objawia\/\">Czym jest ADHD i jak si\u0119 objawia?<\/a>\n\t\t\t\t\t\t\t\t<\/h4>\n\t\t\t\t\t\t\t<\/header>\n\t\t\t\t\t\t\t\t\t\t\t\t\t\t\n\t\t\t\t\t\t\t\t\t\t\t\t\t\t\n\t\t\t\t\t\t\t\t\t\t\t\t\t\t\n\t\t\t\t\t\t\t\t\t\t\t\t\t<\/div>\n\t\t\t\t\t\t\t\n\t\t\t\t\t\t\t\t\t<\/article>\n\t\t\t\t\t\t\t<article class=\"item   ts-col-8\">\n\t\t\t\t\t\t\n\t\t\t\t\t\t\t\t\t\t\n\t\t\t\t\t\t\t\t\t\t\t<div class=\"thumbnail-content\">\n\t\t\t\t\t\t\t\t\t\t\t\t\t\t\t<a class=\"thumbnail\" href=\"https:\/\/sentio.pl\/ru\/jakie-sa-objawy-autyzmu\/\">\n\t\t\t\t\t\t\t\t\t<figure>\n\t\t\t\t\t\t\t\t\t<img loading=\"lazy\" decoding=\"async\" width=\"496\" height=\"262\" src=\"https:\/\/sentio.pl\/wp-content\/uploads\/2023\/12\/autyzm03-496x262.jpg\" class=\"attachment-mymedi_blog_thumb_shortcode size-mymedi_blog_thumb_shortcode wp-post-image\" alt=\"\" srcset=\"https:\/\/sentio.pl\/wp-content\/uploads\/2023\/12\/autyzm03-496x262.jpg 496w, https:\/\/sentio.pl\/wp-content\/uploads\/2023\/12\/autyzm03-992x525.jpg 992w\" sizes=\"auto, (max-width: 496px) 100vw, 496px\" \/>\t\t\t\t\t\t\t\t\t<\/figure>\n\t\t\t\t\t\t\t\t\t<div class=\"effect-thumbnail\"><\/div>\n\t\t\t\t\t\t\t\t<\/a>\n\t\t\t\t\t\t\t\t\t\t\t\t\t\n\t\t\t\t\t\t<\/div>\n\t\t\t\t\t\t\t\t\t\n\t\t\t\t\t\t\t\t\t\t\t\n\t\t\t\t\t\t<div class=\"entry-content\">\n\t\t\t\t\t\t\t\n\t\t\t\t\t\t\t\t\t\t\t\t\t\t<header>\n\t\t\t\t\t\t\t\t<h4 class=\"heading-title entry-title\">\n\t\t\t\t\t\t\t\t\t<a class=\"post-title heading-title\" href=\"https:\/\/sentio.pl\/ru\/jakie-sa-objawy-autyzmu\/\">Jakie s\u0105 objawy autyzmu?<\/a>\n\t\t\t\t\t\t\t\t<\/h4>\n\t\t\t\t\t\t\t<\/header>\n\t\t\t\t\t\t\t\t\t\t\t\t\t\t\n\t\t\t\t\t\t\t\t\t\t\t\t\t\t\n\t\t\t\t\t\t\t\t\t\t\t\t\t\t\n\t\t\t\t\t\t\t\t\t\t\t\t\t<\/div>\n\t\t\t\t\t\t\t\n\t\t\t\t\t\t\t\t\t<\/article>\n\t\t\t\t\t\t\t<article class=\"item   ts-col-8 last\">\n\t\t\t\t\t\t\n\t\t\t\t\t\t\t\t\t\t\n\t\t\t\t\t\t\t\t\t\t\t<div class=\"thumbnail-content\">\n\t\t\t\t\t\t\t\t\t\t\t\t\t\t\t<a class=\"thumbnail\" href=\"https:\/\/sentio.pl\/ru\/czym-jest-autyzm\/\">\n\t\t\t\t\t\t\t\t\t<figure>\n\t\t\t\t\t\t\t\t\t<img loading=\"lazy\" decoding=\"async\" width=\"496\" height=\"262\" src=\"https:\/\/sentio.pl\/wp-content\/uploads\/2023\/12\/autyzm02-496x262.jpg\" class=\"attachment-mymedi_blog_thumb_shortcode size-mymedi_blog_thumb_shortcode wp-post-image\" alt=\"\" srcset=\"https:\/\/sentio.pl\/wp-content\/uploads\/2023\/12\/autyzm02-496x262.jpg 496w, https:\/\/sentio.pl\/wp-content\/uploads\/2023\/12\/autyzm02-992x525.jpg 992w\" sizes=\"auto, (max-width: 496px) 100vw, 496px\" \/>\t\t\t\t\t\t\t\t\t<\/figure>\n\t\t\t\t\t\t\t\t\t<div class=\"effect-thumbnail\"><\/div>\n\t\t\t\t\t\t\t\t<\/a>\n\t\t\t\t\t\t\t\t\t\t\t\t\t\n\t\t\t\t\t\t<\/div>\n\t\t\t\t\t\t\t\t\t\n\t\t\t\t\t\t\t\t\t\t\t\n\t\t\t\t\t\t<div class=\"entry-content\">\n\t\t\t\t\t\t\t\n\t\t\t\t\t\t\t\t\t\t\t\t\t\t<header>\n\t\t\t\t\t\t\t\t<h4 class=\"heading-title entry-title\">\n\t\t\t\t\t\t\t\t\t<a class=\"post-title heading-title\" href=\"https:\/\/sentio.pl\/ru\/czym-jest-autyzm\/\">Czym jest autyzm?<\/a>\n\t\t\t\t\t\t\t\t<\/h4>\n\t\t\t\t\t\t\t<\/header>\n\t\t\t\t\t\t\t\t\t\t\t\t\t\t\n\t\t\t\t\t\t\t\t\t\t\t\t\t\t\n\t\t\t\t\t\t\t\t\t\t\t\t\t\t\n\t\t\t\t\t\t\t\t\t\t\t\t\t<\/div>\n\t\t\t\t\t\t\t\n\t\t\t\t\t\t\t\t\t<\/article>\n\t\t\t\t\t\t\t<article class=\"item   ts-col-8 first\">\n\t\t\t\t\t\t\n\t\t\t\t\t\t\t\t\t\t\n\t\t\t\t\t\t\t\t\t\t\t<div class=\"thumbnail-content\">\n\t\t\t\t\t\t\t\t\t\t\t\t\t\t\t<a class=\"thumbnail\" href=\"https:\/\/sentio.pl\/ru\/autyzm-diagnoza-i-co-dalej\/\">\n\t\t\t\t\t\t\t\t\t<figure>\n\t\t\t\t\t\t\t\t\t<img loading=\"lazy\" decoding=\"async\" width=\"496\" height=\"262\" src=\"https:\/\/sentio.pl\/wp-content\/uploads\/2023\/12\/autyzm01-496x262.jpg\" class=\"attachment-mymedi_blog_thumb_shortcode size-mymedi_blog_thumb_shortcode wp-post-image\" alt=\"\" srcset=\"https:\/\/sentio.pl\/wp-content\/uploads\/2023\/12\/autyzm01-496x262.jpg 496w, https:\/\/sentio.pl\/wp-content\/uploads\/2023\/12\/autyzm01-992x525.jpg 992w\" sizes=\"auto, (max-width: 496px) 100vw, 496px\" \/>\t\t\t\t\t\t\t\t\t<\/figure>\n\t\t\t\t\t\t\t\t\t<div class=\"effect-thumbnail\"><\/div>\n\t\t\t\t\t\t\t\t<\/a>\n\t\t\t\t\t\t\t\t\t\t\t\t\t\n\t\t\t\t\t\t<\/div>\n\t\t\t\t\t\t\t\t\t\n\t\t\t\t\t\t\t\t\t\t\t\n\t\t\t\t\t\t<div class=\"entry-content\">\n\t\t\t\t\t\t\t\n\t\t\t\t\t\t\t\t\t\t\t\t\t\t<header>\n\t\t\t\t\t\t\t\t<h4 class=\"heading-title entry-title\">\n\t\t\t\t\t\t\t\t\t<a class=\"post-title heading-title\" href=\"https:\/\/sentio.pl\/ru\/autyzm-diagnoza-i-co-dalej\/\">Autyzm \u2013 diagnoza i co dalej?<\/a>\n\t\t\t\t\t\t\t\t<\/h4>\n\t\t\t\t\t\t\t<\/header>\n\t\t\t\t\t\t\t\t\t\t\t\t\t\t\n\t\t\t\t\t\t\t\t\t\t\t\t\t\t\n\t\t\t\t\t\t\t\t\t\t\t\t\t\t\n\t\t\t\t\t\t\t\t\t\t\t\t\t<\/div>\n\t\t\t\t\t\t\t\n\t\t\t\t\t\t\t\t\t<\/article>\n\t\t\t\t\t\t\t\t<\/div>\n\t\t\t\t\t\t\t\t\t<\/div>\n\t\t\t<\/div>\n\t\t\t<\/div>\n<\/div><\/div>\n<\/div>","protected":false},"excerpt":{"rendered":"Moment w kt\u00f3rym zdiagnozowano u dziecka autyzm z pewno\u015bci\u0105 jest bardzo trudny dla jego rodzic\u00f3w. Z jednej strony, pojawia si\u0119 pewno\u015b\u0107, \u017ce dziecko nie rozwija si\u0119 prawid\u0142owo i nietypowe zachowania maj\u0105 okre\u015blon\u0105, znan\u0105 medycynie przyczyn\u0119. Z drugiej strony, pojawia si\u0119 \u017ca\u0142oba po wyobra\u017caniach o dziecku, o tym jakie b\u0119dzie \u2013 zast\u0119puje je l\u0119k o dziecko, [...]","protected":false},"author":1,"featured_media":0,"parent":0,"menu_order":0,"comment_status":"closed","ping_status":"closed","template":"","meta":{"footnotes":""},"class_list":["post-8516","page","type-page","status-publish","hentry"],"_links":{"self":[{"href":"https:\/\/sentio.pl\/ru\/wp-json\/wp\/v2\/pages\/8516","targetHints":{"allow":["GET"]}}],"collection":[{"href":"https:\/\/sentio.pl\/ru\/wp-json\/wp\/v2\/pages"}],"about":[{"href":"https:\/\/sentio.pl\/ru\/wp-json\/wp\/v2\/types\/page"}],"author":[{"embeddable":true,"href":"https:\/\/sentio.pl\/ru\/wp-json\/wp\/v2\/users\/1"}],"replies":[{"embeddable":true,"href":"https:\/\/sentio.pl\/ru\/wp-json\/wp\/v2\/comments?post=8516"}],"version-history":[{"count":7,"href":"https:\/\/sentio.pl\/ru\/wp-json\/wp\/v2\/pages\/8516\/revisions"}],"predecessor-version":[{"id":18839,"href":"https:\/\/sentio.pl\/ru\/wp-json\/wp\/v2\/pages\/8516\/revisions\/18839"}],"wp:attachment":[{"href":"https:\/\/sentio.pl\/ru\/wp-json\/wp\/v2\/media?parent=8516"}],"curies":[{"name":"wp","href":"https:\/\/api.w.org\/{rel}","templated":true}]}}