{"id":18757,"date":"2025-04-06T17:53:21","date_gmt":"2025-04-06T15:53:21","guid":{"rendered":"https:\/\/sentio.pl\/?page_id=18757"},"modified":"2025-06-22T18:59:42","modified_gmt":"2025-06-22T16:59:42","slug":"darmowy-test-adhd-zachowania-dziecka","status":"publish","type":"page","link":"https:\/\/sentio.pl\/ru\/darmowy-test-adhd-zachowania-dziecka\/","title":{"rendered":"Darmowy test ADHD zachowania dziecka"},"content":{"rendered":"<div class=\"wpb-content-wrapper\"><div  class=\"vc_row wpb_row vc_row-fluid bg-right vc_custom_1739726918450 vc_column-gap-default ts-row-wide loading\"  data-vc-full-width=\"true\" data-vc-full-width-init=\"false\"  ><div class=\"wpb_column vc_column_container vc_col-sm-10 vc_col-lg-12 vc_col-md-12\">\n\t<div class=\"wpb_wrapper\">\n\t<div class=\"vc_row wpb_row vc_inner vc_row-fluid vc_column-gap-default\"><div class=\"wpb_column vc_column_container vc_col-sm-12 vc_hidden-md vc_hidden-sm vc_hidden-xs\"><div class=\"vc_column-inner\"><div class=\"wpb_wrapper\"><div class=\"vc_empty_space\"   style=\"height: 30px\"><span class=\"vc_empty_space_inner\"><\/span><\/div><\/div><\/div><\/div><\/div>\n\t<div class=\"wpb_text_column wpb_content_element vc_custom_1743954756429\" >\n\t\t<div class=\"wpb_wrapper\">\n\t\t\t<h2 style=\"margin-bottom: 25px;\">Darmowy test ADHD zachowania dziecka<\/h2>\n\n\t\t<\/div>\n\t<\/div>\n<div class=\"vc_btn3-container vc_btn3-inline vc_do_btn\" ><a class=\"vc_general vc_btn3 vc_btn3-size-lg vc_btn3-shape-rounded vc_btn3-style-outline vc_btn3-color-black\" href=\"https:\/\/sentio.pl\/darmowy-test-adhd-dla-doroslych\/\" title=\"Darmowy test ADHD dla doros\u0142ych\">Przejd\u017a do testu dla doros\u0142ych<\/a><\/div><div class=\"vc_row wpb_row vc_inner vc_row-fluid vc_column-gap-default\"><div class=\"wpb_column vc_column_container vc_col-sm-12 vc_hidden-md vc_hidden-sm vc_hidden-xs\"><div class=\"vc_column-inner\"><div class=\"wpb_wrapper\"><div class=\"vc_empty_space\"   style=\"height: 30px\"><span class=\"vc_empty_space_inner\"><\/span><\/div><\/div><\/div><\/div><\/div>\t<\/div>\n<\/div><\/div><div class=\"vc_row-full-width\"><\/div>\t<div  class=\"vc_row wpb_row vc_row-fluid vc_column-gap-default ts-row-wide\"  ><div class=\"wpb_column vc_column_container vc_col-sm-12\">\n\t<div class=\"wpb_wrapper\">\n\t\n\t<div class=\"wpb_text_column wpb_content_element\" >\n\t\t<div class=\"wpb_wrapper\">\n\t\t\t<p><strong>Darmowy test ADHD<\/strong> zosta\u0142 stworzony przez psychologa w celu dokonania wst\u0119pnej oceny potencjalnego wyst\u0105pienia zaburzenia z deficytem uwagi i nadpobudliwo\u015bci\u0105.<\/p>\n<p>Pami\u0119taj, \u017ce ten test nie zast\u0119puje profesjonalnej oceny lekarskiej i nie mo\u017ce by\u0107 u\u017cywany do postawienia ostatecznej diagnozy. <strong>Je\u015bli masz podejrzenia dotycz\u0105ce ADHD<\/strong>, wa\u017cne jest skonsultowanie si\u0119 ze specjalist\u0105 w dziedzinie zdrowia psychicznego.<\/p>\n\n\t\t<\/div>\n\t<\/div>\n\n\t<div class=\"wpb_text_column wpb_content_element\" >\n\t\t<div class=\"wpb_wrapper\">\n\t\t\t<form id=\"forminator-module-18756\" class=\"forminator-quiz forminator-quiz-18756\" method=\"post\" data-forminator-render=\"0\" data-uid=\"6a08fe0804a88\" action=\"\">\n\t\t\n\t\t\n\t\t\n\t\t<input type=\"hidden\" name=\"trp-form-language\" value=\"ru\"\/><\/form>\n\n\t\t<\/div>\n\t<\/div>\n\n\t<div class=\"wpb_text_column wpb_content_element\" >\n\t\t<div class=\"wpb_wrapper\">\n\t\t\t<p><b>W razie w\u0105tpliwo\u015bci dotycz\u0105cych testu ADHD<\/b> zach\u0119camy do konsultacji z psychologiem. Wype\u0142nij poni\u017cszy formularz, aby zarejestrowa\u0107 si\u0119 na wizyt\u0119.<\/p>\n\n\t\t<\/div>\n\t<\/div>\n\n\t<div class=\"wpb_text_column wpb_content_element\" >\n\t\t<div class=\"wpb_wrapper\">\n\t\t\t<!--\nPlugin Name: Bookly \u2013 Responsive WordPress Appointment Booking and Scheduling Plugin\nPlugin URI: https:\/\/www.booking-wp-plugin.com\/?utm_source=bookly_admin&utm_medium=plugins_page&utm_campaign=plugins_page\nVersion: 24.9-->\n<style type=\"text\/css\">\n    :root {\n        --bookly-main-color: #1e73be !important;\n        --bookly-color: #1e73be !important;\n    }\n\n        .bookly-form *\n{\n\tfont-weight: 400 !important;\n\tfont-size: 16px !important;\n\tline-height: 18px !important;\n\tcolor: rgba(30, 115, 190, 1) !important;\n}\n\n.bookly-form .bookly-columnizer .bookly-day\n{\n\tfont-weight: 400 !important;\n}\n\n.bookly-form input[type=\"text\"], .bookly-form input[type=\"number\"], .bookly-form input[type=\"password\"], .bookly-form select, .bookly-form textarea\n{\n\tfont-weight: 400 !important;\n\tfont-size: 16px !important;\n\tline-height: 18px !important;\n\tborder-radius: 60px !important;\n\tpadding: 10px 25px !important;\n\tborder-width: 0px !important;\n}\n\n.bookly-btn, .ladda-button \n{\n\tborder-radius: 60px !important;\n\tbackground: rgba(30, 115, 190, 1) !important;\n\tcolor: rgba(255, 255, 255, 1) !important;\n\tborder-color: rgba(30, 115, 190, 1) !important;\n\tpadding: 10px 25px !important;\n}\n\n.bookly-btn, .bookly-btn > span\n{\n\ttext-transform: none !important;\n\tfont-size: 18px !important;\n\tfont-weight: 500 !important;\n}    <\/style><div class=\"bookly-css-root\">\n    <div id=\"bookly-form-6a08fe080585e\" class=\"bookly-form\" data-form_id=\"6a08fe080585e\" aria-live=\"polite\">\n        <div style=\"text-align: center\"><img decoding=\"async\" src=\"https:\/\/sentio.pl\/wp-includes\/js\/tinymce\/skins\/lightgray\/img\/loader.gif\" alt=\"\u0417\u0430\u0433\u0440\u0443\u0437\u043a\u0430...\"\/><\/div>\n    <\/div>\n<\/div>\n<script type=\"text\/javascript\">\n    (function (win, fn) {\n        var done = false, top = true,\n            doc = win.document,\n            root = doc.documentElement,\n            modern = doc.addEventListener,\n            add = modern ? 'addEventListener' : 'attachEvent',\n            rem = modern ? 'removeEventListener' : 'detachEvent',\n            pre = modern ? '' : 'on',\n            init = function (e) {\n                if (e.type == 'readystatechange') if (doc.readyState != 'complete') return;\n                (e.type == 'load' ? win : doc)[rem](pre + e.type, init, false);\n                if (!done) {\n                    done = true;\n                    fn.call(win, e.type || e);\n                }\n            },\n            poll = function () {\n                try {\n                    root.doScroll('left');\n                } catch (e) {\n                    setTimeout(poll, 50);\n                    return;\n                }\n                init('poll');\n            };\n        if (doc.readyState == 'complete') fn.call(win, 'lazy');\n        else {\n            if (!modern) if (root.doScroll) {\n                try {\n                    top = !win.frameElement;\n                } catch (e) {\n                }\n                if (top) poll();\n            }\n            doc[add](pre + 'DOMContentLoaded', init, false);\n            doc[add](pre + 'readystatechange', init, false);\n            win[add](pre + 'load', init, false);\n        }\n    })(window, function () {\n        window.bookly( {\"form_id\":\"6a08fe080585e\",\"status\":{\"booking\":\"new\"},\"skip_steps\":{\"service_part1\":0,\"service_part2\":1,\"extras\":1,\"time\":0,\"repeat\":1,\"cart\":1},\"errors\":{\"session_error\":\"\\u041e\\u0448\\u0438\\u0431\\u043a\\u0430 \\u0441\\u0435\\u0441\\u0441\\u0438\\u0438.\",\"form_id_error\":\"\\u041e\\u0448\\u0438\\u0431\\u043a\\u0430 Form ID.\",\"cart_item_not_available\":\"Ten termin wizyty nie jest dost\\u0119pny.\",\"pay_locally_not_available\":\"\\u041e\\u043f\\u043b\\u0430\\u0442\\u0430 \\u043d\\u0430\\u043b\\u0438\\u0447\\u043d\\u044b\\u043c\\u0438 \\u043d\\u0435 \\u0434\\u043e\\u0441\\u0442\\u0443\\u043f\\u043d\\u0430.\",\"invalid_gateway\":\"\\u041d\\u0435\\u0432\\u0435\\u0440\\u043d\\u044b\\u0439 \\u0448\\u043b\\u044e\\u0437.\",\"payment_error\":\"\\u041e\\u0448\\u0438\\u0431\\u043a\\u0430.\",\"incorrect_username_password\":\"\\u041d\\u0435\\u0432\\u0435\\u0440\\u043d\\u043e\\u0435 \\u0438\\u043c\\u044f \\u043f\\u043e\\u043b\\u044c\\u0437\\u043e\\u0432\\u0430\\u0442\\u0435\\u043b\\u044f \\u0438\\u043b\\u0438 \\u043f\\u0430\\u0440\\u043e\\u043b\\u044c.\"},\"form_attributes\":{\"hide_categories\":true,\"hide_services\":true,\"hide_staff_members\":false,\"show_number_of_persons\":false,\"hide_service_duration\":true,\"hide_locations\":true,\"hide_quantity\":true,\"hide_date\":true,\"hide_week_days\":true,\"hide_time_range\":true,\"const_category_id\":2},\"use_client_time_zone\":0,\"defaults\":{\"service_id\":11,\"staff_id\":0,\"location_id\":0,\"category_id\":2},\"datepicker_mode\":\"bg-accent\",\"facebook\":{\"enabled\":0,\"appId\":\"\"}} );\n    });\n<\/script>\n\n\t\t<\/div>\n\t<\/div>\n<div class=\"vc_empty_space\"   style=\"height: 60px\"><span class=\"vc_empty_space_inner\"><\/span><\/div>\t<\/div>\n<\/div><\/div>\n<\/div>","protected":false},"excerpt":{"rendered":"Darmowy test ADHD zachowania dziecka Przejd\u017a do testu dla doros\u0142ych Darmowy test ADHD zosta\u0142 stworzony przez psychologa w celu dokonania wst\u0119pnej oceny potencjalnego wyst\u0105pienia zaburzenia z deficytem uwagi i nadpobudliwo\u015bci\u0105. Pami\u0119taj, \u017ce ten test nie zast\u0119puje profesjonalnej oceny lekarskiej i nie mo\u017ce by\u0107 u\u017cywany do postawienia ostatecznej diagnozy. Je\u015bli masz podejrzenia dotycz\u0105ce ADHD, wa\u017cne jest [...]","protected":false},"author":1,"featured_media":0,"parent":0,"menu_order":0,"comment_status":"closed","ping_status":"closed","template":"","meta":{"footnotes":""},"class_list":["post-18757","page","type-page","status-publish","hentry"],"_links":{"self":[{"href":"https:\/\/sentio.pl\/ru\/wp-json\/wp\/v2\/pages\/18757","targetHints":{"allow":["GET"]}}],"collection":[{"href":"https:\/\/sentio.pl\/ru\/wp-json\/wp\/v2\/pages"}],"about":[{"href":"https:\/\/sentio.pl\/ru\/wp-json\/wp\/v2\/types\/page"}],"author":[{"embeddable":true,"href":"https:\/\/sentio.pl\/ru\/wp-json\/wp\/v2\/users\/1"}],"replies":[{"embeddable":true,"href":"https:\/\/sentio.pl\/ru\/wp-json\/wp\/v2\/comments?post=18757"}],"version-history":[{"count":14,"href":"https:\/\/sentio.pl\/ru\/wp-json\/wp\/v2\/pages\/18757\/revisions"}],"predecessor-version":[{"id":18927,"href":"https:\/\/sentio.pl\/ru\/wp-json\/wp\/v2\/pages\/18757\/revisions\/18927"}],"wp:attachment":[{"href":"https:\/\/sentio.pl\/ru\/wp-json\/wp\/v2\/media?parent=18757"}],"curies":[{"name":"wp","href":"https:\/\/api.w.org\/{rel}","templated":true}]}}