{"id":18604,"date":"2025-02-16T18:02:28","date_gmt":"2025-02-16T17:02:28","guid":{"rendered":"https:\/\/sentio.pl\/?page_id=18604"},"modified":"2025-02-16T18:36:25","modified_gmt":"2025-02-16T17:36:25","slug":"diagnoza-adhd","status":"publish","type":"page","link":"https:\/\/sentio.pl\/ru\/diagnoza-adhd\/","title":{"rendered":"Diagnoza ADHD"},"content":{"rendered":"<div class=\"wpb-content-wrapper\"><div  class=\"vc_row wpb_row vc_row-fluid bg-right vc_custom_1739726918450 vc_column-gap-default ts-row-wide loading\"  data-vc-full-width=\"true\" data-vc-full-width-init=\"false\"  ><div class=\"wpb_column vc_column_container vc_col-sm-12 vc_col-lg-5 vc_col-md-6\">\n\t<div class=\"wpb_wrapper\">\n\t<div class=\"vc_row wpb_row vc_inner vc_row-fluid vc_column-gap-default\"><div class=\"wpb_column vc_column_container vc_col-sm-12 vc_hidden-md vc_hidden-sm vc_hidden-xs\"><div class=\"vc_column-inner\"><div class=\"wpb_wrapper\"><div class=\"vc_empty_space\"   style=\"height: 30px\"><span class=\"vc_empty_space_inner\"><\/span><\/div><\/div><\/div><\/div><\/div>\n\t<div class=\"wpb_text_column wpb_content_element vc_custom_1739725178515\" >\n\t\t<div class=\"wpb_wrapper\">\n\t\t\t<h2 style=\"margin-bottom: 25px;\">Diagnoza ADHD<\/h2>\n\n\t\t<\/div>\n\t<\/div>\n<div class=\"vc_row wpb_row vc_inner vc_row-fluid vc_column-gap-default\"><div class=\"wpb_column vc_column_container vc_col-sm-12 vc_hidden-md vc_hidden-sm vc_hidden-xs\"><div class=\"vc_column-inner\"><div class=\"wpb_wrapper\"><div class=\"vc_empty_space\"   style=\"height: 30px\"><span class=\"vc_empty_space_inner\"><\/span><\/div><\/div><\/div><\/div><\/div>\t<\/div>\n<\/div><div class=\"wpb_column vc_column_container vc_col-sm-12 vc_col-lg-7 vc_col-md-6 vc_custom_1601520445360\">\n\t<div class=\"wpb_wrapper\">\n\t\t<\/div>\n<\/div><\/div><div class=\"vc_row-full-width\"><\/div>\t<div  class=\"vc_row wpb_row vc_row-fluid vc_column-gap-default ts-row-wide\"  ><div class=\"wpb_column vc_column_container vc_col-sm-12 vc_hidden-md vc_hidden-sm vc_hidden-xs\">\n\t<div class=\"wpb_wrapper\">\n\t<div class=\"vc_empty_space\"   style=\"height: 60px\"><span class=\"vc_empty_space_inner\"><\/span><\/div>\t<\/div>\n<\/div><\/div>\t<div  class=\"vc_row wpb_row vc_row-fluid vc_custom_1604285148356 vc_column-gap-default ts-row-wide\"  ><div class=\"wpb_column vc_column_container vc_col-sm-12\">\n\t<div class=\"wpb_wrapper\">\n\t<div class=\"vc_row wpb_row vc_inner vc_row-fluid vc_custom_1604287313828 vc_column-gap-default vc_row-o-equal-height vc_row-o-content-middle vc_row-flex\"><div class=\"wpb_column vc_column_container vc_col-sm-6\"><div class=\"vc_column-inner\"><div class=\"wpb_wrapper\">\t\t<div class=\"ts-single-image ts-effect-image ts-aligncenter no-eff ts-single-image-1 banner-radius\">\n\t\t\t<div class=\"ts-shortcode-custom-style hidden\">.ts-single-image-1:hover .overlay{background-color:#ffffff}<\/div>\t\t\t<a title=\"\" target=\"_blank\" class=\"image-link\" href=\"\" >\n\t\t\t\t<img loading=\"lazy\" decoding=\"async\" width=\"700\" height=\"479\" src=\"https:\/\/sentio.pl\/wp-content\/uploads\/2025\/02\/adhd2.jpg\" class=\"img\" alt=\"\" srcset=\"https:\/\/sentio.pl\/wp-content\/uploads\/2025\/02\/adhd2.jpg 700w, https:\/\/sentio.pl\/wp-content\/uploads\/2025\/02\/adhd2-150x103.jpg 150w, https:\/\/sentio.pl\/wp-content\/uploads\/2025\/02\/adhd2-300x205.jpg 300w, https:\/\/sentio.pl\/wp-content\/uploads\/2025\/02\/adhd2-310x212.jpg 310w, https:\/\/sentio.pl\/wp-content\/uploads\/2025\/02\/adhd2-18x12.jpg 18w\" sizes=\"auto, (max-width: 700px) 100vw, 700px\" \/>\t\t\t\t<span class=\"overlay\"><\/span>\n\t\t\t<\/a>\n\t\t<\/div>\n\t\t<\/div><\/div><\/div><div class=\"wpb_column vc_column_container vc_col-sm-6\"><div class=\"vc_column-inner\"><div class=\"wpb_wrapper\">\n\t<div class=\"wpb_text_column wpb_content_element vc_custom_1739725202878\" >\n\t\t<div class=\"wpb_wrapper\">\n\t\t\t<h2>ADHD<\/h2>\n<p>ADHD czyli zesp\u00f3\u0142 nadpobudliwo\u015bci ruchowej to kombinacja trzech symptom\u00f3w tj. impulsywno\u015b\u0107, nadpobudliwo\u015b\u0107 ruchowa oraz zaburzenia koncentracji uwagi. Trudno\u015bci w tych obszarach potrafi\u0105 utrudnia\u0107 codzienne funkcjonowanie co prowadzi do obni\u017cenia jako\u015bci \u017cycia.<\/p>\n<p>Je\u015bli obserwujesz u siebie lub u swojego dziecka wymienione powy\u017cej problemy, zapraszamy na diagnoz\u0119 ADHD.<\/p>\n\n\t\t<\/div>\n\t<\/div>\n<div class=\"vc_btn3-container vc_btn3-inline vc_do_btn\" ><a class=\"vc_general vc_btn3 vc_btn3-size-lg vc_btn3-shape-rounded vc_btn3-style-outline vc_btn3-icon-left vc_btn3-color-warning\" href=\"tel:+48690255877\" title=\"\"><i class=\"vc_btn3-icon fas fa-phone-alt\"><\/i> zadzwo\u0144: +48 690 255 877<\/a><\/div><\/div><\/div><\/div><\/div><div class=\"vc_row wpb_row vc_inner vc_row-fluid vc_column-gap-default\"><div class=\"wpb_column vc_column_container vc_col-sm-12 vc_hidden-md vc_hidden-sm vc_hidden-xs\"><div class=\"vc_column-inner\"><div class=\"wpb_wrapper\"><div class=\"vc_empty_space\"   style=\"height: 60px\"><span class=\"vc_empty_space_inner\"><\/span><\/div><\/div><\/div><\/div><\/div><div class=\"vc_row wpb_row vc_inner vc_row-fluid mobile-reverse-columns vc_custom_1604287526037 vc_column-gap-default vc_row-o-equal-height vc_row-o-content-middle vc_row-flex\"><div class=\"wpb_column vc_column_container vc_col-sm-6\"><div class=\"vc_column-inner\"><div class=\"wpb_wrapper\">\n\t<div class=\"wpb_text_column wpb_content_element vc_custom_1739725280747\" >\n\t\t<div class=\"wpb_wrapper\">\n\t\t\t<h2>Diagnoza ADHD u doros\u0142ych krok po kroku<\/h2>\n<p>Proces diagnostyczny rozpoczyna si\u0119 od wywiadu wst\u0119pnego, kt\u00f3ry zazwyczaj obejmuje jedno lub dwa spotkania. Nast\u0119pnie klient otrzymuje od diagnosty zestaw test\u00f3w przesiewowych do samodzielnego wype\u0142nienia w domu. Kolejnym etapem jest wywiad diagnostyczny, kt\u00f3ry r\u00f3wnie\u017c mo\u017ce trwa\u0107 jedno lub dwa spotkania. Po przeprowadzeniu bada\u0144 nast\u0119puje om\u00f3wienie ich wynik\u00f3w, psychoedukacja oraz przedstawienie zalece\u0144 dotycz\u0105cych dalszego post\u0119powania. W przypadku rezygnacji z tego etapu diagnosta przesy\u0142a wyniki testu Diva drog\u0105 mailow\u0105. Na \u017cyczenie klienta istnieje tak\u017ce mo\u017cliwo\u015b\u0107 sporz\u0105dzenia opinii diagnostycznej, zawieraj\u0105cej podsumowanie wynik\u00f3w test\u00f3w, wnioski oraz wskaz\u00f3wki do dalszego dzia\u0142ania.<\/p>\n\n\t\t<\/div>\n\t<\/div>\n<div class=\"vc_btn3-container vc_btn3-inline vc_do_btn\" ><a class=\"vc_general vc_btn3 vc_btn3-size-lg vc_btn3-shape-rounded vc_btn3-style-outline vc_btn3-icon-left vc_btn3-color-warning\" href=\"tel:+48690255877\" title=\"\"><i class=\"vc_btn3-icon fas fa-phone-alt\"><\/i> um\u00f3w si\u0119 na wizyt\u0119<\/a><\/div><\/div><\/div><\/div><div class=\"wpb_column vc_column_container vc_col-sm-6\"><div class=\"vc_column-inner\"><div class=\"wpb_wrapper\">\t\t<div class=\"ts-single-image ts-effect-image ts-aligncenter no-eff ts-single-image-2 banner-radius\">\n\t\t\t<div class=\"ts-shortcode-custom-style hidden\">.ts-single-image-2:hover .overlay{background-color:#ffffff}<\/div>\t\t\t<a title=\"\" target=\"_self\" class=\"image-link\" href=\"\" >\n\t\t\t\t<img loading=\"lazy\" decoding=\"async\" width=\"700\" height=\"479\" src=\"https:\/\/sentio.pl\/wp-content\/uploads\/2025\/02\/adhd3.jpg\" class=\"img\" alt=\"\" srcset=\"https:\/\/sentio.pl\/wp-content\/uploads\/2025\/02\/adhd3.jpg 700w, https:\/\/sentio.pl\/wp-content\/uploads\/2025\/02\/adhd3-150x103.jpg 150w, https:\/\/sentio.pl\/wp-content\/uploads\/2025\/02\/adhd3-300x205.jpg 300w, https:\/\/sentio.pl\/wp-content\/uploads\/2025\/02\/adhd3-310x212.jpg 310w, https:\/\/sentio.pl\/wp-content\/uploads\/2025\/02\/adhd3-18x12.jpg 18w\" sizes=\"auto, (max-width: 700px) 100vw, 700px\" \/>\t\t\t\t<span class=\"overlay\"><\/span>\n\t\t\t<\/a>\n\t\t<\/div>\n\t\t<\/div><\/div><\/div><\/div><div class=\"vc_row wpb_row vc_inner vc_row-fluid vc_column-gap-default\"><div class=\"wpb_column vc_column_container vc_col-sm-12 vc_hidden-md vc_hidden-sm vc_hidden-xs\"><div class=\"vc_column-inner\"><div class=\"wpb_wrapper\"><div class=\"vc_empty_space\"   style=\"height: 60px\"><span class=\"vc_empty_space_inner\"><\/span><\/div><\/div><\/div><\/div><\/div><div class=\"vc_row wpb_row vc_inner vc_row-fluid vc_custom_1604287328733 vc_column-gap-default vc_row-o-equal-height vc_row-o-content-middle vc_row-flex\"><div class=\"wpb_column vc_column_container vc_col-sm-6\"><div class=\"vc_column-inner\"><div class=\"wpb_wrapper\">\t\t<div class=\"ts-single-image ts-effect-image ts-aligncenter no-eff ts-single-image-3 banner-radius\">\n\t\t\t<div class=\"ts-shortcode-custom-style hidden\">.ts-single-image-3:hover .overlay{background-color:#ffffff}<\/div>\t\t\t<a title=\"\" target=\"_self\" class=\"image-link\" href=\"\" >\n\t\t\t\t<img loading=\"lazy\" decoding=\"async\" width=\"700\" height=\"479\" src=\"https:\/\/sentio.pl\/wp-content\/uploads\/2025\/02\/adhd4.jpg\" class=\"img\" alt=\"\" srcset=\"https:\/\/sentio.pl\/wp-content\/uploads\/2025\/02\/adhd4.jpg 700w, https:\/\/sentio.pl\/wp-content\/uploads\/2025\/02\/adhd4-150x103.jpg 150w, https:\/\/sentio.pl\/wp-content\/uploads\/2025\/02\/adhd4-300x205.jpg 300w, https:\/\/sentio.pl\/wp-content\/uploads\/2025\/02\/adhd4-310x212.jpg 310w, https:\/\/sentio.pl\/wp-content\/uploads\/2025\/02\/adhd4-18x12.jpg 18w\" sizes=\"auto, (max-width: 700px) 100vw, 700px\" \/>\t\t\t\t<span class=\"overlay\"><\/span>\n\t\t\t<\/a>\n\t\t<\/div>\n\t\t<\/div><\/div><\/div><div class=\"wpb_column vc_column_container vc_col-sm-6\"><div class=\"vc_column-inner\"><div class=\"wpb_wrapper\">\n\t<div class=\"wpb_text_column wpb_content_element vc_custom_1739725345399\" >\n\t\t<div class=\"wpb_wrapper\">\n\t\t\t<h2>Diagnoza ADHD u dzieci i m\u0142odzie\u017cy<\/h2>\n<p>Proces diagnozy rozpoczyna si\u0119 od wywiadu wst\u0119pnego, w kt\u00f3rym uczestnicz\u0105 wy\u0142\u0105cznie rodzice dziecka. Nast\u0119pnie przeprowadzany jest wywiad rozwojowy, podczas kt\u00f3rego rodzice dziel\u0105 si\u0119 szczeg\u00f3\u0142owymi informacjami na temat rozwoju dziecka. Dodatkowo otrzymuj\u0105 drog\u0105 mailow\u0105 testy przesiewowe do samodzielnego wype\u0142nienia w domu. Kolejnym etapem jest obserwacja dziecka w gabinecie, pozwalaj\u0105ca na ocen\u0119 jego zachowania i funkcjonowania w nowym \u015brodowisku. W zale\u017cno\u015bci od wieku dziecka przeprowadzany jest r\u00f3wnie\u017c test diagnostyczny, w kt\u00f3rym uczestnicz\u0105 zar\u00f3wno rodzice, jak i dziecko. Na podstawie zebranych danych diagnosta przygotowuje opini\u0119 diagnostyczn\u0105, zawieraj\u0105c\u0105 wyniki przeprowadzonych test\u00f3w psychologicznych oraz zalecenia dotycz\u0105ce dalszego post\u0119powania. Ostatnim etapem jest spotkanie z rodzicami, podczas kt\u00f3rego omawiane s\u0105 wyniki diagnozy oraz przekazywane wskaz\u00f3wki dotycz\u0105ce dalszych dzia\u0142a\u0144 w domu i plac\u00f3wce, do kt\u00f3rej ucz\u0119szcza dziecko. Na \u017cyczenie rodzic\u00f3w istnieje mo\u017cliwo\u015b\u0107 szczeg\u00f3\u0142owego om\u00f3wienia wynik\u00f3w oraz zalece\u0144.<\/p>\n\n\t\t<\/div>\n\t<\/div>\n<div class=\"vc_btn3-container vc_btn3-inline vc_do_btn\" ><a class=\"vc_general vc_btn3 vc_btn3-size-lg vc_btn3-shape-rounded vc_btn3-style-outline vc_btn3-icon-left vc_btn3-color-warning\" href=\"tel:+48690255877\" title=\"\"><i class=\"vc_btn3-icon fas fa-phone-alt\"><\/i> um\u00f3w dziecko na wizyt\u0119<\/a><\/div><\/div><\/div><\/div><\/div><div class=\"vc_row wpb_row vc_inner vc_row-fluid vc_column-gap-default\"><div class=\"wpb_column vc_column_container vc_col-sm-12 vc_hidden-md vc_hidden-sm vc_hidden-xs\"><div class=\"vc_column-inner\"><div class=\"wpb_wrapper\"><div class=\"vc_empty_space\"   style=\"height: 60px\"><span class=\"vc_empty_space_inner\"><\/span><\/div><\/div><\/div><\/div><\/div>\t<\/div>\n<\/div><\/div>\n<\/div>","protected":false},"excerpt":{"rendered":"Diagnoza ADHD .ts-single-image-4:hover .overlay{background-color:#ffffff} ADHD ADHD czyli zesp\u00f3\u0142 nadpobudliwo\u015bci ruchowej to kombinacja trzech symptom\u00f3w tj. impulsywno\u015b\u0107, nadpobudliwo\u015b\u0107 ruchowa oraz zaburzenia koncentracji uwagi. Trudno\u015bci w tych obszarach potrafi\u0105 utrudnia\u0107 codzienne funkcjonowanie co prowadzi do obni\u017cenia jako\u015bci \u017cycia. Je\u015bli obserwujesz u siebie lub u swojego dziecka wymienione powy\u017cej problemy, zapraszamy na diagnoz\u0119 ADHD. zadzwo\u0144: +48 690 255 [...]","protected":false},"author":1,"featured_media":0,"parent":0,"menu_order":0,"comment_status":"closed","ping_status":"closed","template":"","meta":{"footnotes":""},"class_list":["post-18604","page","type-page","status-publish","hentry"],"_links":{"self":[{"href":"https:\/\/sentio.pl\/ru\/wp-json\/wp\/v2\/pages\/18604","targetHints":{"allow":["GET"]}}],"collection":[{"href":"https:\/\/sentio.pl\/ru\/wp-json\/wp\/v2\/pages"}],"about":[{"href":"https:\/\/sentio.pl\/ru\/wp-json\/wp\/v2\/types\/page"}],"author":[{"embeddable":true,"href":"https:\/\/sentio.pl\/ru\/wp-json\/wp\/v2\/users\/1"}],"replies":[{"embeddable":true,"href":"https:\/\/sentio.pl\/ru\/wp-json\/wp\/v2\/comments?post=18604"}],"version-history":[{"count":10,"href":"https:\/\/sentio.pl\/ru\/wp-json\/wp\/v2\/pages\/18604\/revisions"}],"predecessor-version":[{"id":18618,"href":"https:\/\/sentio.pl\/ru\/wp-json\/wp\/v2\/pages\/18604\/revisions\/18618"}],"wp:attachment":[{"href":"https:\/\/sentio.pl\/ru\/wp-json\/wp\/v2\/media?parent=18604"}],"curies":[{"name":"wp","href":"https:\/\/api.w.org\/{rel}","templated":true}]}}