{"id":18562,"date":"2025-01-14T21:06:29","date_gmt":"2025-01-14T20:06:29","guid":{"rendered":"https:\/\/sentio.pl\/?page_id=18562"},"modified":"2025-01-14T21:06:29","modified_gmt":"2025-01-14T20:06:29","slug":"konsultacja-on-line-w-centrum-sentio-w-gdansku","status":"publish","type":"page","link":"https:\/\/sentio.pl\/ru\/konsultacja-on-line-w-centrum-sentio-w-gdansku\/","title":{"rendered":"Konsultacja on-line w Centrum Sentio w Gda\u0144sku"},"content":{"rendered":"<div class=\"wpb-content-wrapper\"><div  class=\"vc_row wpb_row vc_row-fluid bg-right vc_custom_1687074528561 vc_column-gap-default ts-row-wide loading\"  data-vc-full-width=\"true\" data-vc-full-width-init=\"false\"  ><div class=\"wpb_column vc_column_container vc_col-sm-12 vc_col-lg-5 vc_col-md-6\">\n\t<div class=\"wpb_wrapper\">\n\t<div class=\"vc_row wpb_row vc_inner vc_row-fluid vc_column-gap-default\"><div class=\"wpb_column vc_column_container vc_col-sm-12 vc_hidden-md vc_hidden-sm vc_hidden-xs\"><div class=\"vc_column-inner\"><div class=\"wpb_wrapper\"><div class=\"vc_empty_space\"   style=\"height: 30px\"><span class=\"vc_empty_space_inner\"><\/span><\/div><\/div><\/div><\/div><\/div>\n\t<div class=\"wpb_text_column wpb_content_element vc_custom_1736885175905\" >\n\t\t<div class=\"wpb_wrapper\">\n\t\t\t<h2 class=\"fusion-responsive-typography-calculated\" data-fontsize=\"37\" data-lineheight=\"48.1px\">Konsultacja on-line w Centrum Sentio w Gda\u0144sku<\/h2>\n\n\t\t<\/div>\n\t<\/div>\n<div class=\"vc_row wpb_row vc_inner vc_row-fluid vc_column-gap-default\"><div class=\"wpb_column vc_column_container vc_col-sm-12 vc_hidden-md vc_hidden-sm vc_hidden-xs\"><div class=\"vc_column-inner\"><div class=\"wpb_wrapper\"><div class=\"vc_empty_space\"   style=\"height: 30px\"><span class=\"vc_empty_space_inner\"><\/span><\/div><\/div><\/div><\/div><\/div>\t<\/div>\n<\/div><div class=\"wpb_column vc_column_container vc_col-sm-12 vc_col-lg-7 vc_col-md-6 vc_custom_1601520445360\">\n\t<div class=\"wpb_wrapper\">\n\t\t<\/div>\n<\/div><\/div><div class=\"vc_row-full-width\"><\/div>\t<div  class=\"vc_row wpb_row vc_row-fluid vc_custom_1604285148356 vc_column-gap-default ts-row-wide\"  ><div class=\"wpb_column vc_column_container vc_col-sm-12\">\n\t<div class=\"wpb_wrapper\">\n\t<div class=\"vc_row wpb_row vc_inner vc_row-fluid vc_custom_1604287313828 vc_column-gap-default vc_row-o-equal-height vc_row-o-content-middle vc_row-flex\"><div class=\"wpb_column vc_column_container vc_col-sm-12\"><div class=\"vc_column-inner\"><div class=\"wpb_wrapper\">\n\t<div class=\"wpb_text_column wpb_content_element vc_custom_1736885186274\" >\n\t\t<div class=\"wpb_wrapper\">\n\t\t\t<p data-pm-slice=\"1 1 &#091;&#093;\"><strong>Na czym polega konsultacja on-line?<\/strong> To forma wsparcia, kt\u00f3ra pozwala na rozmow\u0119 z psychologiem w Gda\u0144sku bez potrzeby wychodzenia z domu. Wszystko odbywa si\u0119 za pomoc\u0105 bezpiecznych narz\u0119dzi do wideokonferencji, kt\u00f3re gwarantuj\u0105 pe\u0142n\u0105 poufno\u015b\u0107 i komfort rozmowy.<\/p>\n<p><strong>Dla kogo jest to odpowiednie?<\/strong> Konsultacja on-line w Centrum Sentio to rozwi\u0105zanie dla os\u00f3b, kt\u00f3re nie mog\u0105 uczestniczy\u0107 w spotkaniach stacjonarnych, np. z powodu odleg\u0142o\u015bci, ogranicze\u0144 czasowych czy innych przeszk\u00f3d. To tak\u017ce wygodna opcja dla tych, kt\u00f3rzy czuj\u0105 si\u0119 bardziej komfortowo w swoim domowym otoczeniu.<\/p>\n<p><strong>Jak si\u0119 przygotowa\u0107 do konsultacji on-line?<\/strong> Upewnij si\u0119, \u017ce masz stabilne po\u0142\u0105czenie internetowe i spokojne miejsce do rozmowy. Psycholog w Gda\u0144sku zadba o profesjonalizm spotkania, tak jak w przypadku konsultacji stacjonarnych. Warto wcze\u015bniej przygotowa\u0107 list\u0119 temat\u00f3w, kt\u00f3re chcia\u0142by\u015b poruszy\u0107, aby maksymalnie wykorzysta\u0107 czas rozmowy.<\/p>\n\n\t\t<\/div>\n\t<\/div>\n<div class=\"vc_btn3-container vc_btn3-inline vc_do_btn\" ><a class=\"vc_general vc_btn3 vc_btn3-size-lg vc_btn3-shape-rounded vc_btn3-style-outline vc_btn3-icon-left vc_btn3-color-warning\" href=\"tel:+48690255877\" title=\"\"><i class=\"vc_btn3-icon fas fa-phone-alt\"><\/i> zadzwo\u0144: +48 690 255 877<\/a><\/div><\/div><\/div><\/div><\/div><div class=\"vc_empty_space\"   style=\"height: 60px\"><span class=\"vc_empty_space_inner\"><\/span><\/div>\t<\/div>\n<\/div><\/div>\n<\/div>","protected":false},"excerpt":{"rendered":"Konsultacja on-line w Centrum Sentio w Gda\u0144sku Na czym polega konsultacja on-line? To forma wsparcia, kt\u00f3ra pozwala na rozmow\u0119 z psychologiem w Gda\u0144sku bez potrzeby wychodzenia z domu. Wszystko odbywa si\u0119 za pomoc\u0105 bezpiecznych narz\u0119dzi do wideokonferencji, kt\u00f3re gwarantuj\u0105 pe\u0142n\u0105 poufno\u015b\u0107 i komfort rozmowy. Dla kogo jest to odpowiednie? Konsultacja on-line w Centrum Sentio to [...]","protected":false},"author":1,"featured_media":0,"parent":0,"menu_order":0,"comment_status":"closed","ping_status":"closed","template":"","meta":{"footnotes":""},"class_list":["post-18562","page","type-page","status-publish","hentry"],"_links":{"self":[{"href":"https:\/\/sentio.pl\/ru\/wp-json\/wp\/v2\/pages\/18562","targetHints":{"allow":["GET"]}}],"collection":[{"href":"https:\/\/sentio.pl\/ru\/wp-json\/wp\/v2\/pages"}],"about":[{"href":"https:\/\/sentio.pl\/ru\/wp-json\/wp\/v2\/types\/page"}],"author":[{"embeddable":true,"href":"https:\/\/sentio.pl\/ru\/wp-json\/wp\/v2\/users\/1"}],"replies":[{"embeddable":true,"href":"https:\/\/sentio.pl\/ru\/wp-json\/wp\/v2\/comments?post=18562"}],"version-history":[{"count":2,"href":"https:\/\/sentio.pl\/ru\/wp-json\/wp\/v2\/pages\/18562\/revisions"}],"predecessor-version":[{"id":18564,"href":"https:\/\/sentio.pl\/ru\/wp-json\/wp\/v2\/pages\/18562\/revisions\/18564"}],"wp:attachment":[{"href":"https:\/\/sentio.pl\/ru\/wp-json\/wp\/v2\/media?parent=18562"}],"curies":[{"name":"wp","href":"https:\/\/api.w.org\/{rel}","templated":true}]}}