{"id":18558,"date":"2025-01-14T21:05:07","date_gmt":"2025-01-14T20:05:07","guid":{"rendered":"https:\/\/sentio.pl\/?page_id=18558"},"modified":"2025-01-14T21:05:07","modified_gmt":"2025-01-14T20:05:07","slug":"konsultacja-par-i-malzenstw-w-centrum-sentio-w-gdansku","status":"publish","type":"page","link":"https:\/\/sentio.pl\/ru\/konsultacja-par-i-malzenstw-w-centrum-sentio-w-gdansku\/","title":{"rendered":"Konsultacja par i ma\u0142\u017ce\u0144stw w Centrum Sentio w Gda\u0144sku"},"content":{"rendered":"<div class=\"wpb-content-wrapper\"><div  class=\"vc_row wpb_row vc_row-fluid bg-right vc_custom_1687074528561 vc_column-gap-default ts-row-wide loading\"  data-vc-full-width=\"true\" data-vc-full-width-init=\"false\"  ><div class=\"wpb_column vc_column_container vc_col-sm-12 vc_col-lg-5 vc_col-md-6\">\n\t<div class=\"wpb_wrapper\">\n\t<div class=\"vc_row wpb_row vc_inner vc_row-fluid vc_column-gap-default\"><div class=\"wpb_column vc_column_container vc_col-sm-12 vc_hidden-md vc_hidden-sm vc_hidden-xs\"><div class=\"vc_column-inner\"><div class=\"wpb_wrapper\"><div class=\"vc_empty_space\"   style=\"height: 30px\"><span class=\"vc_empty_space_inner\"><\/span><\/div><\/div><\/div><\/div><\/div>\n\t<div class=\"wpb_text_column wpb_content_element vc_custom_1736885092282\" >\n\t\t<div class=\"wpb_wrapper\">\n\t\t\t<h2 class=\"fusion-responsive-typography-calculated\" data-fontsize=\"37\" data-lineheight=\"48.1px\">Konsultacja par i ma\u0142\u017ce\u0144stw w Centrum Sentio w Gda\u0144sku<\/h2>\n\n\t\t<\/div>\n\t<\/div>\n<div class=\"vc_row wpb_row vc_inner vc_row-fluid vc_column-gap-default\"><div class=\"wpb_column vc_column_container vc_col-sm-12 vc_hidden-md vc_hidden-sm vc_hidden-xs\"><div class=\"vc_column-inner\"><div class=\"wpb_wrapper\"><div class=\"vc_empty_space\"   style=\"height: 30px\"><span class=\"vc_empty_space_inner\"><\/span><\/div><\/div><\/div><\/div><\/div>\t<\/div>\n<\/div><div class=\"wpb_column vc_column_container vc_col-sm-12 vc_col-lg-7 vc_col-md-6 vc_custom_1601520445360\">\n\t<div class=\"wpb_wrapper\">\n\t\t<\/div>\n<\/div><\/div><div class=\"vc_row-full-width\"><\/div>\t<div  class=\"vc_row wpb_row vc_row-fluid vc_custom_1604285148356 vc_column-gap-default ts-row-wide\"  ><div class=\"wpb_column vc_column_container vc_col-sm-12\">\n\t<div class=\"wpb_wrapper\">\n\t<div class=\"vc_row wpb_row vc_inner vc_row-fluid vc_custom_1604287313828 vc_column-gap-default vc_row-o-equal-height vc_row-o-content-middle vc_row-flex\"><div class=\"wpb_column vc_column_container vc_col-sm-12\"><div class=\"vc_column-inner\"><div class=\"wpb_wrapper\">\n\t<div class=\"wpb_text_column wpb_content_element vc_custom_1736885104409\" >\n\t\t<div class=\"wpb_wrapper\">\n\t\t\t<p data-pm-slice=\"1 1 &#091;&#093;\"><strong>Czym jest konsultacja dla par?<\/strong> To spotkanie dla os\u00f3b w zwi\u0105zku, kt\u00f3re chc\u0105 poprawi\u0107 jako\u015b\u0107 swojej relacji, rozwi\u0105za\u0107 konflikty lub lepiej zrozumie\u0107 swoje potrzeby. Konsultacja mo\u017ce by\u0107 pocz\u0105tkiem terapii par, kt\u00f3ra pomo\u017ce w budowaniu trwa\u0142ej i satysfakcjonuj\u0105cej relacji.<\/p>\n<p><strong>Jakie problemy mo\u017cna om\u00f3wi\u0107?<\/strong> Psycholog w Gda\u0144sku pomo\u017ce Wam przepracowa\u0107 problemy komunikacyjne, trudne emocje czy kryzysy zwi\u0105zane z \u017cyciem codziennym. Mo\u017cecie r\u00f3wnie\u017c om\u00f3wi\u0107 kwestie zwi\u0105zane z planowaniem przysz\u0142o\u015bci, rodzicielstwem czy r\u00f3\u017cnicami w oczekiwaniach.<\/p>\n<p><strong>Dlaczego warto skorzysta\u0107?<\/strong> Konsultacja w Centrum Sentio pozwala zidentyfikowa\u0107 przyczyny konflikt\u00f3w i wypracowa\u0107 skuteczne strategie ich rozwi\u0105zywania. Dzi\u0119ki temu mo\u017cecie lepiej zrozumie\u0107 siebie nawzajem, odbudowa\u0107 zaufanie i stworzy\u0107 silniejszy zwi\u0105zek.<\/p>\n\n\t\t<\/div>\n\t<\/div>\n<div class=\"vc_btn3-container vc_btn3-inline vc_do_btn\" ><a class=\"vc_general vc_btn3 vc_btn3-size-lg vc_btn3-shape-rounded vc_btn3-style-outline vc_btn3-icon-left vc_btn3-color-warning\" href=\"tel:+48690255877\" title=\"\"><i class=\"vc_btn3-icon fas fa-phone-alt\"><\/i> zadzwo\u0144: +48 690 255 877<\/a><\/div><\/div><\/div><\/div><\/div><div class=\"vc_empty_space\"   style=\"height: 60px\"><span class=\"vc_empty_space_inner\"><\/span><\/div>\t<\/div>\n<\/div><\/div>\n<\/div>","protected":false},"excerpt":{"rendered":"Konsultacja par i ma\u0142\u017ce\u0144stw w Centrum Sentio w Gda\u0144sku Czym jest konsultacja dla par? To spotkanie dla os\u00f3b w zwi\u0105zku, kt\u00f3re chc\u0105 poprawi\u0107 jako\u015b\u0107 swojej relacji, rozwi\u0105za\u0107 konflikty lub lepiej zrozumie\u0107 swoje potrzeby. Konsultacja mo\u017ce by\u0107 pocz\u0105tkiem terapii par, kt\u00f3ra pomo\u017ce w budowaniu trwa\u0142ej i satysfakcjonuj\u0105cej relacji. Jakie problemy mo\u017cna om\u00f3wi\u0107? Psycholog w Gda\u0144sku pomo\u017ce [...]","protected":false},"author":1,"featured_media":0,"parent":0,"menu_order":0,"comment_status":"closed","ping_status":"closed","template":"","meta":{"footnotes":""},"class_list":["post-18558","page","type-page","status-publish","hentry"],"_links":{"self":[{"href":"https:\/\/sentio.pl\/ru\/wp-json\/wp\/v2\/pages\/18558","targetHints":{"allow":["GET"]}}],"collection":[{"href":"https:\/\/sentio.pl\/ru\/wp-json\/wp\/v2\/pages"}],"about":[{"href":"https:\/\/sentio.pl\/ru\/wp-json\/wp\/v2\/types\/page"}],"author":[{"embeddable":true,"href":"https:\/\/sentio.pl\/ru\/wp-json\/wp\/v2\/users\/1"}],"replies":[{"embeddable":true,"href":"https:\/\/sentio.pl\/ru\/wp-json\/wp\/v2\/comments?post=18558"}],"version-history":[{"count":2,"href":"https:\/\/sentio.pl\/ru\/wp-json\/wp\/v2\/pages\/18558\/revisions"}],"predecessor-version":[{"id":18560,"href":"https:\/\/sentio.pl\/ru\/wp-json\/wp\/v2\/pages\/18558\/revisions\/18560"}],"wp:attachment":[{"href":"https:\/\/sentio.pl\/ru\/wp-json\/wp\/v2\/media?parent=18558"}],"curies":[{"name":"wp","href":"https:\/\/api.w.org\/{rel}","templated":true}]}}