{"id":18554,"date":"2025-01-14T21:02:34","date_gmt":"2025-01-14T20:02:34","guid":{"rendered":"https:\/\/sentio.pl\/?page_id=18554"},"modified":"2025-01-14T21:02:34","modified_gmt":"2025-01-14T20:02:34","slug":"konsultacja-dzieci-i-mlodziezy-w-centrum-sentio-w-gdansku","status":"publish","type":"page","link":"https:\/\/sentio.pl\/ru\/konsultacja-dzieci-i-mlodziezy-w-centrum-sentio-w-gdansku\/","title":{"rendered":"Konsultacja dzieci i m\u0142odzie\u017cy w Centrum Sentio w Gda\u0144sku"},"content":{"rendered":"<div class=\"wpb-content-wrapper\"><div  class=\"vc_row wpb_row vc_row-fluid bg-right vc_custom_1687074528561 vc_column-gap-default ts-row-wide loading\"  data-vc-full-width=\"true\" data-vc-full-width-init=\"false\"  ><div class=\"wpb_column vc_column_container vc_col-sm-12 vc_col-lg-5 vc_col-md-6\">\n\t<div class=\"wpb_wrapper\">\n\t<div class=\"vc_row wpb_row vc_inner vc_row-fluid vc_column-gap-default\"><div class=\"wpb_column vc_column_container vc_col-sm-12 vc_hidden-md vc_hidden-sm vc_hidden-xs\"><div class=\"vc_column-inner\"><div class=\"wpb_wrapper\"><div class=\"vc_empty_space\"   style=\"height: 30px\"><span class=\"vc_empty_space_inner\"><\/span><\/div><\/div><\/div><\/div><\/div>\n\t<div class=\"wpb_text_column wpb_content_element vc_custom_1736884939467\" >\n\t\t<div class=\"wpb_wrapper\">\n\t\t\t<h2 class=\"fusion-responsive-typography-calculated\" data-fontsize=\"37\" data-lineheight=\"48.1px\">Konsultacja dzieci i m\u0142odzie\u017cy w Centrum Sentio w Gda\u0144sku<\/h2>\n\n\t\t<\/div>\n\t<\/div>\n<div class=\"vc_row wpb_row vc_inner vc_row-fluid vc_column-gap-default\"><div class=\"wpb_column vc_column_container vc_col-sm-12 vc_hidden-md vc_hidden-sm vc_hidden-xs\"><div class=\"vc_column-inner\"><div class=\"wpb_wrapper\"><div class=\"vc_empty_space\"   style=\"height: 30px\"><span class=\"vc_empty_space_inner\"><\/span><\/div><\/div><\/div><\/div><\/div>\t<\/div>\n<\/div><div class=\"wpb_column vc_column_container vc_col-sm-12 vc_col-lg-7 vc_col-md-6 vc_custom_1601520445360\">\n\t<div class=\"wpb_wrapper\">\n\t\t<\/div>\n<\/div><\/div><div class=\"vc_row-full-width\"><\/div>\t<div  class=\"vc_row wpb_row vc_row-fluid vc_custom_1604285148356 vc_column-gap-default ts-row-wide\"  ><div class=\"wpb_column vc_column_container vc_col-sm-12\">\n\t<div class=\"wpb_wrapper\">\n\t<div class=\"vc_row wpb_row vc_inner vc_row-fluid vc_custom_1604287313828 vc_column-gap-default vc_row-o-equal-height vc_row-o-content-middle vc_row-flex\"><div class=\"wpb_column vc_column_container vc_col-sm-12\"><div class=\"vc_column-inner\"><div class=\"wpb_wrapper\">\n\t<div class=\"wpb_text_column wpb_content_element vc_custom_1736884951497\" >\n\t\t<div class=\"wpb_wrapper\">\n\t\t\t<p data-pm-slice=\"1 1 &#091;&#093;\"><strong>Na czym polega konsultacja dla dzieci i m\u0142odzie\u017cy?<\/strong> To spotkanie dedykowane m\u0142odym osobom i ich rodzicom. Psycholog w Gda\u0144sku pomaga zidentyfikowa\u0107 trudno\u015bci dziecka oraz zaproponowa\u0107 odpowiednie metody wsparcia. Mo\u017ce to obejmowa\u0107 wsparcie w radzeniu sobie z emocjami, nauk\u0119 umiej\u0119tno\u015bci spo\u0142ecznych czy pomoc w rozwi\u0105zywaniu problem\u00f3w szkolnych.<\/p>\n<p><strong>Kiedy warto si\u0119 zg\u0142osi\u0107?<\/strong> Je\u015bli Twoje dziecko prze\u017cywa trudno\u015bci w szkole, w relacjach z r\u00f3wie\u015bnikami lub ma problemy emocjonalne, konsultacja w Centrum Sentio mo\u017ce pom\u00f3c w znalezieniu rozwi\u0105zania. Warto r\u00f3wnie\u017c zg\u0142osi\u0107 si\u0119, je\u015bli zauwa\u017casz zmiany w zachowaniu dziecka, takie jak wycofanie, agresja czy trudno\u015bci w koncentracji.<\/p>\n<p><strong>Jak wygl\u0105da konsultacja?<\/strong> Spotkanie zazwyczaj obejmuje rozmow\u0119 z rodzicem i dzieckiem, a psycholog w Gda\u0144sku dostosowuje metody pracy do wieku i potrzeb m\u0142odego pacjenta. Konsultacje mog\u0105 by\u0107 pocz\u0105tkiem d\u0142ugofalowego wsparcia terapeutycznego lub poradnictwa dla rodzic\u00f3w.<\/p>\n\n\t\t<\/div>\n\t<\/div>\n<div class=\"vc_btn3-container vc_btn3-inline vc_do_btn\" ><a class=\"vc_general vc_btn3 vc_btn3-size-lg vc_btn3-shape-rounded vc_btn3-style-outline vc_btn3-icon-left vc_btn3-color-warning\" href=\"tel:+48690255877\" title=\"\"><i class=\"vc_btn3-icon fas fa-phone-alt\"><\/i> zadzwo\u0144: +48 690 255 877<\/a><\/div><\/div><\/div><\/div><\/div><div class=\"vc_empty_space\"   style=\"height: 60px\"><span class=\"vc_empty_space_inner\"><\/span><\/div>\t<\/div>\n<\/div><\/div>\n<\/div>","protected":false},"excerpt":{"rendered":"Konsultacja dzieci i m\u0142odzie\u017cy w Centrum Sentio w Gda\u0144sku Na czym polega konsultacja dla dzieci i m\u0142odzie\u017cy? To spotkanie dedykowane m\u0142odym osobom i ich rodzicom. Psycholog w Gda\u0144sku pomaga zidentyfikowa\u0107 trudno\u015bci dziecka oraz zaproponowa\u0107 odpowiednie metody wsparcia. Mo\u017ce to obejmowa\u0107 wsparcie w radzeniu sobie z emocjami, nauk\u0119 umiej\u0119tno\u015bci spo\u0142ecznych czy pomoc w rozwi\u0105zywaniu problem\u00f3w szkolnych. [...]","protected":false},"author":1,"featured_media":0,"parent":0,"menu_order":0,"comment_status":"closed","ping_status":"closed","template":"","meta":{"footnotes":""},"class_list":["post-18554","page","type-page","status-publish","hentry"],"_links":{"self":[{"href":"https:\/\/sentio.pl\/ru\/wp-json\/wp\/v2\/pages\/18554","targetHints":{"allow":["GET"]}}],"collection":[{"href":"https:\/\/sentio.pl\/ru\/wp-json\/wp\/v2\/pages"}],"about":[{"href":"https:\/\/sentio.pl\/ru\/wp-json\/wp\/v2\/types\/page"}],"author":[{"embeddable":true,"href":"https:\/\/sentio.pl\/ru\/wp-json\/wp\/v2\/users\/1"}],"replies":[{"embeddable":true,"href":"https:\/\/sentio.pl\/ru\/wp-json\/wp\/v2\/comments?post=18554"}],"version-history":[{"count":2,"href":"https:\/\/sentio.pl\/ru\/wp-json\/wp\/v2\/pages\/18554\/revisions"}],"predecessor-version":[{"id":18556,"href":"https:\/\/sentio.pl\/ru\/wp-json\/wp\/v2\/pages\/18554\/revisions\/18556"}],"wp:attachment":[{"href":"https:\/\/sentio.pl\/ru\/wp-json\/wp\/v2\/media?parent=18554"}],"curies":[{"name":"wp","href":"https:\/\/api.w.org\/{rel}","templated":true}]}}