{"id":18550,"date":"2025-01-14T21:00:59","date_gmt":"2025-01-14T20:00:59","guid":{"rendered":"https:\/\/sentio.pl\/?page_id=18550"},"modified":"2025-01-14T21:00:59","modified_gmt":"2025-01-14T20:00:59","slug":"konsultacja-psychodietetyczna-w-centrum-sentio-w-gdansku","status":"publish","type":"page","link":"https:\/\/sentio.pl\/ru\/konsultacja-psychodietetyczna-w-centrum-sentio-w-gdansku\/","title":{"rendered":"Konsultacja psychodietetyczna w Centrum Sentio w Gda\u0144sku"},"content":{"rendered":"<div class=\"wpb-content-wrapper\"><div  class=\"vc_row wpb_row vc_row-fluid bg-right vc_custom_1687074528561 vc_column-gap-default ts-row-wide loading\"  data-vc-full-width=\"true\" data-vc-full-width-init=\"false\"  ><div class=\"wpb_column vc_column_container vc_col-sm-12 vc_col-lg-5 vc_col-md-6\">\n\t<div class=\"wpb_wrapper\">\n\t<div class=\"vc_row wpb_row vc_inner vc_row-fluid vc_column-gap-default\"><div class=\"wpb_column vc_column_container vc_col-sm-12 vc_hidden-md vc_hidden-sm vc_hidden-xs\"><div class=\"vc_column-inner\"><div class=\"wpb_wrapper\"><div class=\"vc_empty_space\"   style=\"height: 30px\"><span class=\"vc_empty_space_inner\"><\/span><\/div><\/div><\/div><\/div><\/div>\n\t<div class=\"wpb_text_column wpb_content_element vc_custom_1736884842159\" >\n\t\t<div class=\"wpb_wrapper\">\n\t\t\t<h2 class=\"fusion-responsive-typography-calculated\" data-fontsize=\"37\" data-lineheight=\"48.1px\">Konsultacja psychodietetyczna w Centrum Sentio w Gda\u0144sku<\/h2>\n\n\t\t<\/div>\n\t<\/div>\n<div class=\"vc_row wpb_row vc_inner vc_row-fluid vc_column-gap-default\"><div class=\"wpb_column vc_column_container vc_col-sm-12 vc_hidden-md vc_hidden-sm vc_hidden-xs\"><div class=\"vc_column-inner\"><div class=\"wpb_wrapper\"><div class=\"vc_empty_space\"   style=\"height: 30px\"><span class=\"vc_empty_space_inner\"><\/span><\/div><\/div><\/div><\/div><\/div>\t<\/div>\n<\/div><div class=\"wpb_column vc_column_container vc_col-sm-12 vc_col-lg-7 vc_col-md-6 vc_custom_1601520445360\">\n\t<div class=\"wpb_wrapper\">\n\t\t<\/div>\n<\/div><\/div><div class=\"vc_row-full-width\"><\/div>\t<div  class=\"vc_row wpb_row vc_row-fluid vc_custom_1604285148356 vc_column-gap-default ts-row-wide\"  ><div class=\"wpb_column vc_column_container vc_col-sm-12\">\n\t<div class=\"wpb_wrapper\">\n\t<div class=\"vc_row wpb_row vc_inner vc_row-fluid vc_custom_1604287313828 vc_column-gap-default vc_row-o-equal-height vc_row-o-content-middle vc_row-flex\"><div class=\"wpb_column vc_column_container vc_col-sm-12\"><div class=\"vc_column-inner\"><div class=\"wpb_wrapper\">\n\t<div class=\"wpb_text_column wpb_content_element vc_custom_1736884856192\" >\n\t\t<div class=\"wpb_wrapper\">\n\t\t\t<p data-pm-slice=\"1 1 &#091;&#093;\"><strong>Co to jest konsultacja psychodietetyczna?<\/strong> Psychodietetyka \u0142\u0105czy wiedz\u0119 z zakresu psychologii i dietetyki. Konsultacja psychodietetyczna w Gda\u0144sku pozwala na zrozumienie Twoich nawyk\u00f3w \u017cywieniowych i ich zwi\u0105zku z emocjami. Dzi\u0119ki temu mo\u017cesz odkry\u0107, jakie czynniki wp\u0142ywaj\u0105 na Twoje wybory \u017cywieniowe i jak skutecznie wprowadza\u0107 zmiany w swoim stylu \u017cycia.<\/p>\n<p><strong>Kiedy warto skorzysta\u0107?<\/strong> Je\u015bli zmagasz si\u0119 z nadwag\u0105, zaburzeniami od\u017cywiania lub trudno\u015bciami w utrzymaniu zdrowych nawyk\u00f3w, psycholog w Gda\u0144sku specjalizuj\u0105cy si\u0119 w psychodietetyce mo\u017ce by\u0107 wsparciem. R\u00f3wnie\u017c osoby pragn\u0105ce lepiej zrozumie\u0107 swoje relacje z jedzeniem i emocjami znajd\u0105 tutaj pomoc.<\/p>\n<p><strong>Jakie korzy\u015bci mo\u017cesz osi\u0105gn\u0105\u0107?<\/strong> Otrzymasz wsparcie w budowaniu zdrowych nawyk\u00f3w \u017cywieniowych, radzeniu sobie z emocjonalnym jedzeniem i zmianie podej\u015bcia do od\u017cywiania. Dzi\u0119ki wsp\u00f3\u0142pracy z psychodietetykiem mo\u017cesz osi\u0105gn\u0105\u0107 lepsze samopoczucie fizyczne i psychiczne, a tak\u017ce wi\u0119ksz\u0105 kontrol\u0119 nad swoim zdrowiem.<\/p>\n\n\t\t<\/div>\n\t<\/div>\n<div class=\"vc_btn3-container vc_btn3-inline vc_do_btn\" ><a class=\"vc_general vc_btn3 vc_btn3-size-lg vc_btn3-shape-rounded vc_btn3-style-outline vc_btn3-icon-left vc_btn3-color-warning\" href=\"tel:+48690255877\" title=\"\"><i class=\"vc_btn3-icon fas fa-phone-alt\"><\/i> zadzwo\u0144: +48 690 255 877<\/a><\/div><\/div><\/div><\/div><\/div><div class=\"vc_empty_space\"   style=\"height: 60px\"><span class=\"vc_empty_space_inner\"><\/span><\/div>\t<\/div>\n<\/div><\/div>\n<\/div>","protected":false},"excerpt":{"rendered":"Konsultacja psychodietetyczna w Centrum Sentio w Gda\u0144sku Co to jest konsultacja psychodietetyczna? Psychodietetyka \u0142\u0105czy wiedz\u0119 z zakresu psychologii i dietetyki. Konsultacja psychodietetyczna w Gda\u0144sku pozwala na zrozumienie Twoich nawyk\u00f3w \u017cywieniowych i ich zwi\u0105zku z emocjami. Dzi\u0119ki temu mo\u017cesz odkry\u0107, jakie czynniki wp\u0142ywaj\u0105 na Twoje wybory \u017cywieniowe i jak skutecznie wprowadza\u0107 zmiany w swoim stylu \u017cycia. [...]","protected":false},"author":1,"featured_media":0,"parent":0,"menu_order":0,"comment_status":"closed","ping_status":"closed","template":"","meta":{"footnotes":""},"class_list":["post-18550","page","type-page","status-publish","hentry"],"_links":{"self":[{"href":"https:\/\/sentio.pl\/ru\/wp-json\/wp\/v2\/pages\/18550","targetHints":{"allow":["GET"]}}],"collection":[{"href":"https:\/\/sentio.pl\/ru\/wp-json\/wp\/v2\/pages"}],"about":[{"href":"https:\/\/sentio.pl\/ru\/wp-json\/wp\/v2\/types\/page"}],"author":[{"embeddable":true,"href":"https:\/\/sentio.pl\/ru\/wp-json\/wp\/v2\/users\/1"}],"replies":[{"embeddable":true,"href":"https:\/\/sentio.pl\/ru\/wp-json\/wp\/v2\/comments?post=18550"}],"version-history":[{"count":2,"href":"https:\/\/sentio.pl\/ru\/wp-json\/wp\/v2\/pages\/18550\/revisions"}],"predecessor-version":[{"id":18552,"href":"https:\/\/sentio.pl\/ru\/wp-json\/wp\/v2\/pages\/18550\/revisions\/18552"}],"wp:attachment":[{"href":"https:\/\/sentio.pl\/ru\/wp-json\/wp\/v2\/media?parent=18550"}],"curies":[{"name":"wp","href":"https:\/\/api.w.org\/{rel}","templated":true}]}}