{"id":18543,"date":"2025-01-14T20:58:02","date_gmt":"2025-01-14T19:58:02","guid":{"rendered":"https:\/\/sentio.pl\/?page_id=18543"},"modified":"2025-01-14T20:58:02","modified_gmt":"2025-01-14T19:58:02","slug":"konsultacja-psychoterapeutyczna-w-centrum-sentio-w-gdansku","status":"publish","type":"page","link":"https:\/\/sentio.pl\/ru\/konsultacja-psychoterapeutyczna-w-centrum-sentio-w-gdansku\/","title":{"rendered":"Konsultacja psychoterapeutyczna w Centrum Sentio w Gda\u0144sku"},"content":{"rendered":"<div class=\"wpb-content-wrapper\"><div  class=\"vc_row wpb_row vc_row-fluid bg-right vc_custom_1687074528561 vc_column-gap-default ts-row-wide loading\"  data-vc-full-width=\"true\" data-vc-full-width-init=\"false\"  ><div class=\"wpb_column vc_column_container vc_col-sm-12 vc_col-lg-5 vc_col-md-6\">\n\t<div class=\"wpb_wrapper\">\n\t<div class=\"vc_row wpb_row vc_inner vc_row-fluid vc_column-gap-default\"><div class=\"wpb_column vc_column_container vc_col-sm-12 vc_hidden-md vc_hidden-sm vc_hidden-xs\"><div class=\"vc_column-inner\"><div class=\"wpb_wrapper\"><div class=\"vc_empty_space\"   style=\"height: 30px\"><span class=\"vc_empty_space_inner\"><\/span><\/div><\/div><\/div><\/div><\/div>\n\t<div class=\"wpb_text_column wpb_content_element vc_custom_1736884679402\" >\n\t\t<div class=\"wpb_wrapper\">\n\t\t\t<h2 class=\"fusion-responsive-typography-calculated\" data-fontsize=\"37\" data-lineheight=\"48.1px\">Konsultacja psychoterapeutyczna w Centrum Sentio w Gda\u0144sku<\/h2>\n\n\t\t<\/div>\n\t<\/div>\n<div class=\"vc_row wpb_row vc_inner vc_row-fluid vc_column-gap-default\"><div class=\"wpb_column vc_column_container vc_col-sm-12 vc_hidden-md vc_hidden-sm vc_hidden-xs\"><div class=\"vc_column-inner\"><div class=\"wpb_wrapper\"><div class=\"vc_empty_space\"   style=\"height: 30px\"><span class=\"vc_empty_space_inner\"><\/span><\/div><\/div><\/div><\/div><\/div>\t<\/div>\n<\/div><div class=\"wpb_column vc_column_container vc_col-sm-12 vc_col-lg-7 vc_col-md-6 vc_custom_1601520445360\">\n\t<div class=\"wpb_wrapper\">\n\t\t<\/div>\n<\/div><\/div><div class=\"vc_row-full-width\"><\/div>\t<div  class=\"vc_row wpb_row vc_row-fluid vc_custom_1604285148356 vc_column-gap-default ts-row-wide\"  ><div class=\"wpb_column vc_column_container vc_col-sm-12\">\n\t<div class=\"wpb_wrapper\">\n\t<div class=\"vc_row wpb_row vc_inner vc_row-fluid vc_custom_1604287313828 vc_column-gap-default vc_row-o-equal-height vc_row-o-content-middle vc_row-flex\"><div class=\"wpb_column vc_column_container vc_col-sm-12\"><div class=\"vc_column-inner\"><div class=\"wpb_wrapper\">\n\t<div class=\"wpb_text_column wpb_content_element vc_custom_1736884655087\" >\n\t\t<div class=\"wpb_wrapper\">\n\t\t\t<p data-pm-slice=\"1 1 &#091;&#093;\"><strong>Na czym polega konsultacja psychoterapeutyczna?<\/strong> Konsultacja psychoterapeutyczna w Gda\u0144sku to spotkanie maj\u0105ce na celu diagnoz\u0119 problemu oraz zaproponowanie odpowiedniej formy psychoterapii. Mo\u017ce dotyczy\u0107 trudnych emocji, relacji czy zaburze\u0144 psychicznych. To wa\u017cny krok w zrozumieniu siebie i rozpocz\u0119ciu procesu terapeutycznego, kt\u00f3ry pozwoli na trwa\u0142\u0105 popraw\u0119 jako\u015bci \u017cycia.<\/p>\n<p><strong>Dlaczego warto skorzysta\u0107?<\/strong> Psychoterapeuta w Centrum Sentio w Gda\u0144sku pomo\u017ce Ci zrozumie\u0107 \u017ar\u00f3d\u0142o Twoich problem\u00f3w i zaproponuje indywidualne podej\u015bcie terapeutyczne dostosowane do Twoich potrzeb. Dzi\u0119ki psychoterapii mo\u017cesz lepiej radzi\u0107 sobie z emocjami, budowa\u0107 zdrowe relacje i rozwija\u0107 swoje umiej\u0119tno\u015bci radzenia sobie z trudno\u015bciami.<\/p>\n<p><strong>Jak si\u0119 przygotowa\u0107?<\/strong> Warto przed wizyt\u0105 zastanowi\u0107 si\u0119, co chcia\u0142by\u015b om\u00f3wi\u0107, jakie sytuacje lub emocje sprawiaj\u0105 Ci trudno\u015b\u0107. Psychoterapeuta w Gda\u0144sku zadba o to, by rozmowa przebiega\u0142a w bezpiecznej atmosferze, sprzyjaj\u0105cej otwarto\u015bci i zaufaniu.<\/p>\n\n\t\t<\/div>\n\t<\/div>\n<div class=\"vc_btn3-container vc_btn3-inline vc_do_btn\" ><a class=\"vc_general vc_btn3 vc_btn3-size-lg vc_btn3-shape-rounded vc_btn3-style-outline vc_btn3-icon-left vc_btn3-color-warning\" href=\"tel:+48690255877\" title=\"\"><i class=\"vc_btn3-icon fas fa-phone-alt\"><\/i> zadzwo\u0144: +48 690 255 877<\/a><\/div><\/div><\/div><\/div><\/div><div class=\"vc_empty_space\"   style=\"height: 60px\"><span class=\"vc_empty_space_inner\"><\/span><\/div>\t<\/div>\n<\/div><\/div>\n<\/div>","protected":false},"excerpt":{"rendered":"Konsultacja psychoterapeutyczna w Centrum Sentio w Gda\u0144sku Na czym polega konsultacja psychoterapeutyczna? Konsultacja psychoterapeutyczna w Gda\u0144sku to spotkanie maj\u0105ce na celu diagnoz\u0119 problemu oraz zaproponowanie odpowiedniej formy psychoterapii. Mo\u017ce dotyczy\u0107 trudnych emocji, relacji czy zaburze\u0144 psychicznych. To wa\u017cny krok w zrozumieniu siebie i rozpocz\u0119ciu procesu terapeutycznego, kt\u00f3ry pozwoli na trwa\u0142\u0105 popraw\u0119 jako\u015bci \u017cycia. Dlaczego warto [...]","protected":false},"author":1,"featured_media":0,"parent":0,"menu_order":0,"comment_status":"closed","ping_status":"closed","template":"","meta":{"footnotes":""},"class_list":["post-18543","page","type-page","status-publish","hentry"],"_links":{"self":[{"href":"https:\/\/sentio.pl\/ru\/wp-json\/wp\/v2\/pages\/18543","targetHints":{"allow":["GET"]}}],"collection":[{"href":"https:\/\/sentio.pl\/ru\/wp-json\/wp\/v2\/pages"}],"about":[{"href":"https:\/\/sentio.pl\/ru\/wp-json\/wp\/v2\/types\/page"}],"author":[{"embeddable":true,"href":"https:\/\/sentio.pl\/ru\/wp-json\/wp\/v2\/users\/1"}],"replies":[{"embeddable":true,"href":"https:\/\/sentio.pl\/ru\/wp-json\/wp\/v2\/comments?post=18543"}],"version-history":[{"count":2,"href":"https:\/\/sentio.pl\/ru\/wp-json\/wp\/v2\/pages\/18543\/revisions"}],"predecessor-version":[{"id":18545,"href":"https:\/\/sentio.pl\/ru\/wp-json\/wp\/v2\/pages\/18543\/revisions\/18545"}],"wp:attachment":[{"href":"https:\/\/sentio.pl\/ru\/wp-json\/wp\/v2\/media?parent=18543"}],"curies":[{"name":"wp","href":"https:\/\/api.w.org\/{rel}","templated":true}]}}