{"id":18538,"date":"2025-01-14T20:54:48","date_gmt":"2025-01-14T19:54:48","guid":{"rendered":"https:\/\/sentio.pl\/?page_id=18538"},"modified":"2025-01-14T20:58:45","modified_gmt":"2025-01-14T19:58:45","slug":"konsultacja-psychologiczna-w-centrum-sentio-w-gdansku","status":"publish","type":"page","link":"https:\/\/sentio.pl\/ru\/konsultacja-psychologiczna-w-centrum-sentio-w-gdansku\/","title":{"rendered":"Konsultacja psychologiczna w Centrum Sentio w Gda\u0144sku"},"content":{"rendered":"<div class=\"wpb-content-wrapper\"><div  class=\"vc_row wpb_row vc_row-fluid bg-right vc_custom_1687074528561 vc_column-gap-default ts-row-wide loading\"  data-vc-full-width=\"true\" data-vc-full-width-init=\"false\"  ><div class=\"wpb_column vc_column_container vc_col-sm-12 vc_col-lg-5 vc_col-md-6\">\n\t<div class=\"wpb_wrapper\">\n\t<div class=\"vc_row wpb_row vc_inner vc_row-fluid vc_column-gap-default\"><div class=\"wpb_column vc_column_container vc_col-sm-12 vc_hidden-md vc_hidden-sm vc_hidden-xs\"><div class=\"vc_column-inner\"><div class=\"wpb_wrapper\"><div class=\"vc_empty_space\"   style=\"height: 30px\"><span class=\"vc_empty_space_inner\"><\/span><\/div><\/div><\/div><\/div><\/div>\n\t<div class=\"wpb_text_column wpb_content_element vc_custom_1736884435574\" >\n\t\t<div class=\"wpb_wrapper\">\n\t\t\t<h2 class=\"fusion-responsive-typography-calculated\" data-fontsize=\"37\" data-lineheight=\"48.1px\">Konsultacja psychologiczna w Centrum Sentio w Gda\u0144sku<\/h2>\n\n\t\t<\/div>\n\t<\/div>\n<div class=\"vc_row wpb_row vc_inner vc_row-fluid vc_column-gap-default\"><div class=\"wpb_column vc_column_container vc_col-sm-12 vc_hidden-md vc_hidden-sm vc_hidden-xs\"><div class=\"vc_column-inner\"><div class=\"wpb_wrapper\"><div class=\"vc_empty_space\"   style=\"height: 30px\"><span class=\"vc_empty_space_inner\"><\/span><\/div><\/div><\/div><\/div><\/div>\t<\/div>\n<\/div><div class=\"wpb_column vc_column_container vc_col-sm-12 vc_col-lg-7 vc_col-md-6 vc_custom_1601520445360\">\n\t<div class=\"wpb_wrapper\">\n\t\t<\/div>\n<\/div><\/div><div class=\"vc_row-full-width\"><\/div>\t<div  class=\"vc_row wpb_row vc_row-fluid vc_custom_1604285148356 vc_column-gap-default ts-row-wide\"  ><div class=\"wpb_column vc_column_container vc_col-sm-12\">\n\t<div class=\"wpb_wrapper\">\n\t<div class=\"vc_row wpb_row vc_inner vc_row-fluid vc_custom_1604287313828 vc_column-gap-default vc_row-o-equal-height vc_row-o-content-middle vc_row-flex\"><div class=\"wpb_column vc_column_container vc_col-sm-12\"><div class=\"vc_column-inner\"><div class=\"wpb_wrapper\">\n\t<div class=\"wpb_text_column wpb_content_element vc_custom_1736884472986\" >\n\t\t<div class=\"wpb_wrapper\">\n\t\t\t<p data-pm-slice=\"1 1 &#091;&#093;\"><strong>Czym jest konsultacja psychologiczna?<\/strong> Konsultacja psychologiczna to pierwsze spotkanie z psychologiem w Gda\u0144sku, kt\u00f3re pozwala na om\u00f3wienie Twoich trudno\u015bci, obaw i oczekiwa\u0144. To doskona\u0142a okazja, aby okre\u015bli\u0107, jakie wsparcie mo\u017ce by\u0107 dla Ciebie najbardziej odpowiednie. W trakcie konsultacji mo\u017cesz porozmawia\u0107 o swoich prze\u017cyciach, emocjach, a tak\u017ce znale\u017a\u0107 zrozumienie i wsparcie w trudnych chwilach.<\/p>\n<p><strong>Jak wygl\u0105da pierwsze spotkanie?<\/strong> Psycholog w Gda\u0144sku przeprowadzi z Tob\u0105 rozmow\u0119, dzi\u0119ki kt\u00f3rej b\u0119dzie m\u00f3g\u0142 pozna\u0107 Twoj\u0105 sytuacj\u0119 i potrzeby. Podczas tego spotkania mo\u017cesz zadawa\u0107 pytania i rozwia\u0107 swoje w\u0105tpliwo\u015bci dotycz\u0105ce dalszej wsp\u00f3\u0142pracy. Rozmowa odbywa si\u0119 w przyjaznej i dyskretnej atmosferze, co sprzyja otwarto\u015bci.<\/p>\n<p><strong>Kto mo\u017ce skorzysta\u0107 z konsultacji?<\/strong> Ka\u017cda osoba, kt\u00f3ra odczuwa potrzeb\u0119 wsparcia psychologicznego, niezale\u017cnie od wieku i sytuacji \u017cyciowej, mo\u017ce zg\u0142osi\u0107 si\u0119 na konsultacj\u0119 w Centrum Sentio w Gda\u0144sku. Niezale\u017cnie od tego, czy zmagasz si\u0119 z codziennym stresem, trudno\u015bciami w relacjach, czy powa\u017cniejszymi problemami, psycholog pomo\u017ce znale\u017a\u0107 odpowiednie rozwi\u0105zania.<\/p>\n\n\t\t<\/div>\n\t<\/div>\n<div class=\"vc_btn3-container vc_btn3-inline vc_do_btn\" ><a class=\"vc_general vc_btn3 vc_btn3-size-lg vc_btn3-shape-rounded vc_btn3-style-outline vc_btn3-icon-left vc_btn3-color-warning\" href=\"tel:+48690255877\" title=\"\"><i class=\"vc_btn3-icon fas fa-phone-alt\"><\/i> zadzwo\u0144: +48 690 255 877<\/a><\/div><\/div><\/div><\/div><\/div><div class=\"vc_empty_space\"   style=\"height: 60px\"><span class=\"vc_empty_space_inner\"><\/span><\/div>\t<\/div>\n<\/div><\/div>\n<\/div>","protected":false},"excerpt":{"rendered":"Konsultacja psychologiczna w Centrum Sentio w Gda\u0144sku Czym jest konsultacja psychologiczna? Konsultacja psychologiczna to pierwsze spotkanie z psychologiem w Gda\u0144sku, kt\u00f3re pozwala na om\u00f3wienie Twoich trudno\u015bci, obaw i oczekiwa\u0144. To doskona\u0142a okazja, aby okre\u015bli\u0107, jakie wsparcie mo\u017ce by\u0107 dla Ciebie najbardziej odpowiednie. W trakcie konsultacji mo\u017cesz porozmawia\u0107 o swoich prze\u017cyciach, emocjach, a tak\u017ce znale\u017a\u0107 zrozumienie [...]","protected":false},"author":1,"featured_media":0,"parent":0,"menu_order":0,"comment_status":"closed","ping_status":"closed","template":"","meta":{"footnotes":""},"class_list":["post-18538","page","type-page","status-publish","hentry"],"_links":{"self":[{"href":"https:\/\/sentio.pl\/ru\/wp-json\/wp\/v2\/pages\/18538","targetHints":{"allow":["GET"]}}],"collection":[{"href":"https:\/\/sentio.pl\/ru\/wp-json\/wp\/v2\/pages"}],"about":[{"href":"https:\/\/sentio.pl\/ru\/wp-json\/wp\/v2\/types\/page"}],"author":[{"embeddable":true,"href":"https:\/\/sentio.pl\/ru\/wp-json\/wp\/v2\/users\/1"}],"replies":[{"embeddable":true,"href":"https:\/\/sentio.pl\/ru\/wp-json\/wp\/v2\/comments?post=18538"}],"version-history":[{"count":5,"href":"https:\/\/sentio.pl\/ru\/wp-json\/wp\/v2\/pages\/18538\/revisions"}],"predecessor-version":[{"id":18547,"href":"https:\/\/sentio.pl\/ru\/wp-json\/wp\/v2\/pages\/18538\/revisions\/18547"}],"wp:attachment":[{"href":"https:\/\/sentio.pl\/ru\/wp-json\/wp\/v2\/media?parent=18538"}],"curies":[{"name":"wp","href":"https:\/\/api.w.org\/{rel}","templated":true}]}}