{"id":18480,"date":"2024-12-27T20:39:20","date_gmt":"2024-12-27T19:39:20","guid":{"rendered":"https:\/\/sentio.pl\/?page_id=18480"},"modified":"2024-12-27T20:48:01","modified_gmt":"2024-12-27T19:48:01","slug":"cennik","status":"publish","type":"page","link":"https:\/\/sentio.pl\/ru\/cennik\/","title":{"rendered":"Cennik"},"content":{"rendered":"<div class=\"wpb-content-wrapper\">\t<div  class=\"vc_row wpb_row vc_row-fluid vc_custom_1604285148356 vc_column-gap-default ts-row-wide\"  ><div class=\"wpb_column vc_column_container vc_col-sm-12\">\n\t<div class=\"wpb_wrapper\">\n\t<div class=\"vc_empty_space\"   style=\"height: 32px\"><span class=\"vc_empty_space_inner\"><\/span><\/div><h2 style=\"text-align: left\" class=\"vc_custom_heading vc_do_custom_heading h1-big\" >Cennik us\u0142ug w Centrum Sentio<\/h2>\n\t<div class=\"wpb_text_column wpb_content_element\" >\n\t\t<div class=\"wpb_wrapper\">\n\t\t\t<p>Ceny wizyt uzale\u017cnione s\u0105 od wyboru specjalisty oraz jego dost\u0119pno\u015bci.<\/p>\n\n\t\t<\/div>\n\t<\/div>\n<div class=\"vc_empty_space\"   style=\"height: 32px\"><span class=\"vc_empty_space_inner\"><\/span><\/div>\n\t<div class=\"wpb_text_column wpb_content_element\" >\n\t\t<div class=\"wpb_wrapper\">\n\t\t\t\n<table id=\"tablepress-1\" class=\"tablepress tablepress-id-1\">\n<thead>\n<tr class=\"row-1\">\n\t<th class=\"column-1\">Rodzaj us\u0142ugi<\/th><th class=\"column-2\">Czas trwania<\/th><th class=\"column-3\">Cena<\/th>\n<\/tr>\n<\/thead>\n<tbody class=\"row-striping row-hover\">\n<tr class=\"row-2\">\n\t<td class=\"column-1\"><a href=\"https:\/\/sentio.pl\/konsultacja-psychologiczna-w-centrum-sentio-w-gdansku\/\">Konsultacja psychologiczna<\/a><\/td><td class=\"column-2\">55 min - 80 min<\/td><td class=\"column-3\">190 - 290 z\u0142<\/td>\n<\/tr>\n<tr class=\"row-3\">\n\t<td class=\"column-1\"><a href=\"https:\/\/sentio.pl\/konsultacja-psychoterapeutyczna-w-centrum-sentio-w-gdansku\/\">Konsultacja psychoterapeutyczna<\/a><\/td><td class=\"column-2\">55 min<\/td><td class=\"column-3\">190 - 220 z\u0142<\/td>\n<\/tr>\n<tr class=\"row-4\">\n\t<td class=\"column-1\"><a href=\"https:\/\/sentio.pl\/konsultacja-psychodietetyczna-w-centrum-sentio-w-gdansku\/\">Konsultacja psychodietetyczna<\/a><\/td><td class=\"column-2\">55 min<\/td><td class=\"column-3\">200 - 220 z\u0142<\/td>\n<\/tr>\n<tr class=\"row-5\">\n\t<td class=\"column-1\"><a href=\"https:\/\/sentio.pl\/konsultacja-dzieci-i-mlodziezy-w-centrum-sentio-w-gdansku\/\">Konsultacja dzieci i m\u0142odzie\u017cy<\/a><\/td><td class=\"column-2\">55 min<\/td><td class=\"column-3\">190 - 220 z\u0142<\/td>\n<\/tr>\n<tr class=\"row-6\">\n\t<td class=\"column-1\"><a href=\"https:\/\/sentio.pl\/konsultacja-par-i-malzenstw-w-centrum-sentio-w-gdansku\/\">Konsultacja par i ma\u0142\u017ce\u0144stw<\/a><\/td><td class=\"column-2\">55 min<\/td><td class=\"column-3\">250 z\u0142<\/td>\n<\/tr>\n<tr class=\"row-7\">\n\t<td class=\"column-1\"><a href=\"https:\/\/sentio.pl\/konsultacja-par-i-malzenstw-w-centrum-sentio-w-gdansku\/\">Konsultacja par i ma\u0142\u017ce\u0144stw<\/a><\/td><td class=\"column-2\">80 min<\/td><td class=\"column-3\">300 z\u0142<\/td>\n<\/tr>\n<tr class=\"row-8\">\n\t<td class=\"column-1\"><a href=\"https:\/\/sentio.pl\/konsultacja-on-line-w-centrum-sentio-w-gdansku\/\">Konsultacja on-line<\/a><\/td><td class=\"column-2\">55 min<\/td><td class=\"column-3\">190-220 z\u0142<\/td>\n<\/tr>\n<tr class=\"row-9\">\n\t<td class=\"column-1\"><a href=\"https:\/\/sentio.pl\/czym-jest-adhd-i-jak-sie-objawia\/\">Diagnoza ADHD, jedna wizyta<\/a><\/td><td class=\"column-2\">55 min<\/td><td class=\"column-3\">250 z\u0142<\/td>\n<\/tr>\n<tr class=\"row-10\">\n\t<td class=\"column-1\">Opinia po diagnozie ADHD<\/td><td class=\"column-2\">-<\/td><td class=\"column-3\">250 z\u0142<\/td>\n<\/tr>\n<tr class=\"row-11\">\n\t<td class=\"column-1\">Pakiet 10 wizyt<\/td><td class=\"column-2\">10 x 55 min<\/td><td class=\"column-3\">1800 z\u0142<\/td>\n<\/tr>\n<\/tbody>\n<\/table>\n<!-- #tablepress-1 from cache -->\n\n\t\t<\/div>\n\t<\/div>\n\t<\/div>\n<\/div><\/div>\n<\/div>","protected":false},"excerpt":{"rendered":"Cennik us\u0142ug w Centrum Sentio Ceny wizyt uzale\u017cnione s\u0105 od wyboru specjalisty oraz jego dost\u0119pno\u015bci. Rodzaj us\u0142ugiCzas trwaniaCena Konsultacja psychologiczna55 min - 80 min190 - 290 z\u0142 Konsultacja psychoterapeutyczna55 min190 - 220 z\u0142 Konsultacja psychodietetyczna55 min200 - 220 z\u0142 Konsultacja dzieci i m\u0142odzie\u017cy55 min190 - 220 z\u0142 Konsultacja par i ma\u0142\u017ce\u0144stw55 min250 z\u0142 Konsultacja par [...]","protected":false},"author":1,"featured_media":0,"parent":0,"menu_order":0,"comment_status":"closed","ping_status":"closed","template":"","meta":{"footnotes":""},"class_list":["post-18480","page","type-page","status-publish","hentry"],"_links":{"self":[{"href":"https:\/\/sentio.pl\/ru\/wp-json\/wp\/v2\/pages\/18480","targetHints":{"allow":["GET"]}}],"collection":[{"href":"https:\/\/sentio.pl\/ru\/wp-json\/wp\/v2\/pages"}],"about":[{"href":"https:\/\/sentio.pl\/ru\/wp-json\/wp\/v2\/types\/page"}],"author":[{"embeddable":true,"href":"https:\/\/sentio.pl\/ru\/wp-json\/wp\/v2\/users\/1"}],"replies":[{"embeddable":true,"href":"https:\/\/sentio.pl\/ru\/wp-json\/wp\/v2\/comments?post=18480"}],"version-history":[{"count":9,"href":"https:\/\/sentio.pl\/ru\/wp-json\/wp\/v2\/pages\/18480\/revisions"}],"predecessor-version":[{"id":18497,"href":"https:\/\/sentio.pl\/ru\/wp-json\/wp\/v2\/pages\/18480\/revisions\/18497"}],"wp:attachment":[{"href":"https:\/\/sentio.pl\/ru\/wp-json\/wp\/v2\/media?parent=18480"}],"curies":[{"name":"wp","href":"https:\/\/api.w.org\/{rel}","templated":true}]}}