{"id":18291,"date":"2024-09-08T11:22:05","date_gmt":"2024-09-08T09:22:05","guid":{"rendered":"https:\/\/sentio.pl\/?page_id=18291"},"modified":"2025-01-12T17:33:38","modified_gmt":"2025-01-12T16:33:38","slug":"tus","status":"publish","type":"page","link":"https:\/\/sentio.pl\/ru\/tus\/","title":{"rendered":"TUS"},"content":{"rendered":"<div class=\"wpb-content-wrapper\"><div  class=\"vc_row wpb_row vc_row-fluid bg-right vc_custom_1687074528561 vc_column-gap-default ts-row-wide loading\"  data-vc-full-width=\"true\" data-vc-full-width-init=\"false\"  ><div class=\"wpb_column vc_column_container vc_col-sm-12 vc_col-lg-5 vc_col-md-6\">\n\t<div class=\"wpb_wrapper\">\n\t<div class=\"vc_row wpb_row vc_inner vc_row-fluid vc_column-gap-default\"><div class=\"wpb_column vc_column_container vc_col-sm-12 vc_hidden-md vc_hidden-sm vc_hidden-xs\"><div class=\"vc_column-inner\"><div class=\"wpb_wrapper\"><div class=\"vc_empty_space\"   style=\"height: 30px\"><span class=\"vc_empty_space_inner\"><\/span><\/div><\/div><\/div><\/div><\/div>\n\t<div class=\"wpb_text_column wpb_content_element vc_custom_1725889717048\" >\n\t\t<div class=\"wpb_wrapper\">\n\t\t\t<h2 class=\"fusion-responsive-typography-calculated\" data-fontsize=\"37\" data-lineheight=\"48.1px\">Czym jest TUS?<\/h2>\n<p style=\"margin-bottom: 35px; line-height: 32px;\"><strong>Trening umiej\u0119tno\u015bci spo\u0142ecznych<\/strong> to zaj\u0119cia dla dzieci i m\u0142odzie\u017cy, kt\u00f3re maja trudno\u015bci w odnalezieniu si\u0119 w sytuacji spo\u0142ecznej. Zaj\u0119cia kszta\u0142tuj\u0105 <strong>umiej\u0119tno\u015bci spo\u0142eczne<\/strong>, ucz\u0105 rozpoznawania oraz radzenia sobie z w\u0142asnym emocjami.<\/p>\n\n\t\t<\/div>\n\t<\/div>\n<div class=\"vc_row wpb_row vc_inner vc_row-fluid vc_column-gap-default\"><div class=\"wpb_column vc_column_container vc_col-sm-12 vc_hidden-md vc_hidden-sm vc_hidden-xs\"><div class=\"vc_column-inner\"><div class=\"wpb_wrapper\"><div class=\"vc_empty_space\"   style=\"height: 30px\"><span class=\"vc_empty_space_inner\"><\/span><\/div><\/div><\/div><\/div><\/div>\t<\/div>\n<\/div><div class=\"wpb_column vc_column_container vc_col-sm-12 vc_col-lg-7 vc_col-md-6 vc_custom_1601520445360\">\n\t<div class=\"wpb_wrapper\">\n\t\t<\/div>\n<\/div><\/div><div class=\"vc_row-full-width\"><\/div>\t<div  class=\"vc_row wpb_row vc_row-fluid vc_custom_1604285148356 vc_column-gap-default ts-row-wide\"  ><div class=\"wpb_column vc_column_container vc_col-sm-12\">\n\t<div class=\"wpb_wrapper\">\n\t<div class=\"vc_empty_space\"   style=\"height: 60px\"><span class=\"vc_empty_space_inner\"><\/span><\/div><div class=\"vc_row wpb_row vc_inner vc_row-fluid vc_custom_1604287313828 vc_column-gap-default vc_row-o-equal-height vc_row-o-content-middle vc_row-flex\"><div class=\"wpb_column vc_column_container vc_col-sm-6\"><div class=\"vc_column-inner\"><div class=\"wpb_wrapper\">\t\t<div class=\"ts-single-image ts-effect-image ts-aligncenter no-eff ts-single-image-1 banner-radius\">\n\t\t\t<div class=\"ts-shortcode-custom-style hidden\">.ts-single-image-1:hover .overlay{background-color:#ffffff}<\/div>\t\t\t<a title=\"\" target=\"_blank\" class=\"image-link\" href=\"\" >\n\t\t\t\t<img loading=\"lazy\" decoding=\"async\" width=\"605\" height=\"403\" src=\"https:\/\/sentio.pl\/wp-content\/uploads\/2024\/09\/img01.jpg\" class=\"img\" alt=\"\" srcset=\"https:\/\/sentio.pl\/wp-content\/uploads\/2024\/09\/img01.jpg 605w, https:\/\/sentio.pl\/wp-content\/uploads\/2024\/09\/img01-150x100.jpg 150w, https:\/\/sentio.pl\/wp-content\/uploads\/2024\/09\/img01-300x200.jpg 300w, https:\/\/sentio.pl\/wp-content\/uploads\/2024\/09\/img01-310x206.jpg 310w, https:\/\/sentio.pl\/wp-content\/uploads\/2024\/09\/img01-18x12.jpg 18w\" sizes=\"auto, (max-width: 605px) 100vw, 605px\" \/>\t\t\t\t<span class=\"overlay\"><\/span>\n\t\t\t<\/a>\n\t\t<\/div>\n\t\t<div class=\"vc_empty_space\"   style=\"height: 30px\"><span class=\"vc_empty_space_inner\"><\/span><\/div><\/div><\/div><\/div><div class=\"wpb_column vc_column_container vc_col-sm-6\"><div class=\"vc_column-inner\"><div class=\"wpb_wrapper\">\n\t<div class=\"wpb_text_column wpb_content_element vc_custom_1725792709722\" >\n\t\t<div class=\"wpb_wrapper\">\n\t\t\t<h1>W czym zaj\u0119cia TUS pomog\u0105 Twojemu dziecku?<\/h1>\n<ul>\n<li>jak nawi\u0105zywa\u0107 poprawne relacje z r\u00f3wie\u015bnikami<\/li>\n<li>jak panowa\u0107 nad z\u0142o\u015bci\u0105 lub pokonywa\u0107 nie\u015bmia\u0142o\u015bci<\/li>\n<li>jak zachowywa\u0107 si\u0119 adekwatnie do sytuacji<\/li>\n<li>przestrzegania obowi\u0105zuj\u0105cych zasad w plac\u00f3wce<\/li>\n<\/ul>\n\n\t\t<\/div>\n\t<\/div>\n<div class=\"vc_btn3-container vc_btn3-inline vc_do_btn\" ><a class=\"vc_general vc_btn3 vc_btn3-size-lg vc_btn3-shape-rounded vc_btn3-style-outline vc_btn3-icon-left vc_btn3-color-warning\" href=\"tel:+48690255877\" title=\"\"><i class=\"vc_btn3-icon fas fa-phone-alt\"><\/i> zadzwo\u0144: +48 690 255 877<\/a><\/div><\/div><\/div><\/div><\/div><div class=\"vc_empty_space\"   style=\"height: 60px\"><span class=\"vc_empty_space_inner\"><\/span><\/div><div class=\"vc_row wpb_row vc_inner vc_row-fluid mobile-reverse-columns vc_custom_1604287526037 vc_column-gap-default vc_row-o-equal-height vc_row-o-content-middle vc_row-flex\"><div class=\"wpb_column vc_column_container vc_col-sm-6\"><div class=\"vc_column-inner\"><div class=\"wpb_wrapper\">\n\t<div class=\"wpb_text_column wpb_content_element vc_custom_1725792794585\" >\n\t\t<div class=\"wpb_wrapper\">\n\t\t\t<h1>Jakie korzy\u015bci wyniesie Twoje dziecko z zaj\u0119\u0107 TUS?<\/h1>\n<ul>\n<li>wzmocni swoj\u0105 samoocen\u0119<\/li>\n<li>nauczy si\u0119 samoregulacji podczas interakcji spo\u0142ecznych<\/li>\n<li>opanuje nowe strategie radzenia sobie w sytuacjach trudnych<\/li>\n<\/ul>\n\n\t\t<\/div>\n\t<\/div>\n<div class=\"vc_btn3-container vc_btn3-inline vc_do_btn\" ><a class=\"vc_general vc_btn3 vc_btn3-size-lg vc_btn3-shape-rounded vc_btn3-style-outline vc_btn3-icon-left vc_btn3-color-warning\" href=\"mailto:biuro@sentio.pl\" title=\"\"><i class=\"vc_btn3-icon fas fa-arrow-right\"><\/i> Masz pytania? Napisz do nas!<\/a><\/div><\/div><\/div><\/div><div class=\"wpb_column vc_column_container vc_col-sm-6\"><div class=\"vc_column-inner\"><div class=\"wpb_wrapper\">\t\t<div class=\"ts-single-image ts-effect-image ts-aligncenter no-eff ts-single-image-2 banner-radius\">\n\t\t\t<div class=\"ts-shortcode-custom-style hidden\">.ts-single-image-2:hover .overlay{background-color:#ffffff}<\/div>\t\t\t<a title=\"\" target=\"_self\" class=\"image-link\" href=\"\" >\n\t\t\t\t<img loading=\"lazy\" decoding=\"async\" width=\"605\" height=\"403\" src=\"https:\/\/sentio.pl\/wp-content\/uploads\/2024\/09\/img02.jpg\" class=\"img\" alt=\"\" srcset=\"https:\/\/sentio.pl\/wp-content\/uploads\/2024\/09\/img02.jpg 605w, https:\/\/sentio.pl\/wp-content\/uploads\/2024\/09\/img02-150x100.jpg 150w, https:\/\/sentio.pl\/wp-content\/uploads\/2024\/09\/img02-300x200.jpg 300w, https:\/\/sentio.pl\/wp-content\/uploads\/2024\/09\/img02-310x206.jpg 310w, https:\/\/sentio.pl\/wp-content\/uploads\/2024\/09\/img02-18x12.jpg 18w\" sizes=\"auto, (max-width: 605px) 100vw, 605px\" \/>\t\t\t\t<span class=\"overlay\"><\/span>\n\t\t\t<\/a>\n\t\t<\/div>\n\t\t<div class=\"vc_empty_space\"   style=\"height: 30px\"><span class=\"vc_empty_space_inner\"><\/span><\/div><\/div><\/div><\/div><\/div><div class=\"vc_empty_space\"   style=\"height: 60px\"><span class=\"vc_empty_space_inner\"><\/span><\/div><div class=\"vc_row wpb_row vc_inner vc_row-fluid vc_custom_1604287328733 vc_column-gap-default vc_row-o-equal-height vc_row-o-content-middle vc_row-flex\"><div class=\"wpb_column vc_column_container vc_col-sm-12\"><div class=\"vc_column-inner\"><div class=\"wpb_wrapper\">\n\t<div class=\"wpb_text_column wpb_content_element vc_custom_1732628855512\" >\n\t\t<div class=\"wpb_wrapper\">\n\t\t\t<p>Zaj\u0119cia treningu umiej\u0119tno\u015bci spo\u0142ecznych to cykl 15 spotka\u0144 odbywaj\u0105cych si\u0119 raz w tygodniu przez jedn\u0105 godzin\u0119. Tworzymy grupy 4-5 osobowe. Otwieramy grupy: 4-6 lat oraz 7-9 lat. Cena za ca\u0142o\u015b\u0107 zaj\u0119\u0107: 2200 z\u0142. Zapraszamy na wst\u0119pn\u0105 konsultacj\u0119, aby jak najlepiej pozna\u0107 potrzeby Twojego dziecka i dopasowa\u0107 je do odpowiedniej grupy.<\/p>\n\n\t\t<\/div>\n\t<\/div>\n<div class=\"vc_btn3-container vc_btn3-inline vc_custom_1736699615828 vc_do_btn\" ><a class=\"vc_general vc_btn3 vc_btn3-size-lg vc_btn3-shape-rounded vc_btn3-style-outline vc_btn3-icon-left vc_btn3-color-warning\" href=\"https:\/\/sentio.pl\/karolina-sykucka-wizyty-w-gabinecie-dla-dzieci-i-doroslych\/\" title=\"\"><i class=\"vc_btn3-icon fas fa-arrow-right\"><\/i> Zapisz si\u0119 na wst\u0119pn\u0105 konsultacj\u0119<\/a><\/div><div class=\"vc_btn3-container vc_btn3-inline vc_do_btn\" ><a class=\"vc_general vc_btn3 vc_btn3-size-lg vc_btn3-shape-rounded vc_btn3-style-outline vc_btn3-icon-left vc_btn3-color-warning\" href=\"https:\/\/sentio.pl\/karolina-sykucka-wizyty-w-gabinecie-dla-dzieci-i-doroslych\/\" title=\"\"><i class=\"vc_btn3-icon fas fa-arrow-right\"><\/i> Wype\u0142nij zg\u0142oszenie na zaj\u0119cia<\/a><\/div><\/div><\/div><\/div><\/div><div class=\"vc_empty_space\"   style=\"height: 60px\"><span class=\"vc_empty_space_inner\"><\/span><\/div>\t<\/div>\n<\/div><\/div>\n<\/div>","protected":false},"excerpt":{"rendered":"Czym jest TUS? Trening umiej\u0119tno\u015bci spo\u0142ecznych to zaj\u0119cia dla dzieci i m\u0142odzie\u017cy, kt\u00f3re maja trudno\u015bci w odnalezieniu si\u0119 w sytuacji spo\u0142ecznej. Zaj\u0119cia kszta\u0142tuj\u0105 umiej\u0119tno\u015bci spo\u0142eczne, ucz\u0105 rozpoznawania oraz radzenia sobie z w\u0142asnym emocjami. .ts-single-image-3:hover .overlay{background-color:#ffffff} W czym zaj\u0119cia TUS pomog\u0105 Twojemu dziecku? jak nawi\u0105zywa\u0107 poprawne relacje z r\u00f3wie\u015bnikami jak panowa\u0107 nad z\u0142o\u015bci\u0105 lub pokonywa\u0107 nie\u015bmia\u0142o\u015bci [...]","protected":false},"author":1,"featured_media":0,"parent":0,"menu_order":0,"comment_status":"closed","ping_status":"closed","template":"","meta":{"footnotes":""},"class_list":["post-18291","page","type-page","status-publish","hentry"],"_links":{"self":[{"href":"https:\/\/sentio.pl\/ru\/wp-json\/wp\/v2\/pages\/18291","targetHints":{"allow":["GET"]}}],"collection":[{"href":"https:\/\/sentio.pl\/ru\/wp-json\/wp\/v2\/pages"}],"about":[{"href":"https:\/\/sentio.pl\/ru\/wp-json\/wp\/v2\/types\/page"}],"author":[{"embeddable":true,"href":"https:\/\/sentio.pl\/ru\/wp-json\/wp\/v2\/users\/1"}],"replies":[{"embeddable":true,"href":"https:\/\/sentio.pl\/ru\/wp-json\/wp\/v2\/comments?post=18291"}],"version-history":[{"count":15,"href":"https:\/\/sentio.pl\/ru\/wp-json\/wp\/v2\/pages\/18291\/revisions"}],"predecessor-version":[{"id":18294,"href":"https:\/\/sentio.pl\/ru\/wp-json\/wp\/v2\/pages\/18291\/revisions\/18294"}],"wp:attachment":[{"href":"https:\/\/sentio.pl\/ru\/wp-json\/wp\/v2\/media?parent=18291"}],"curies":[{"name":"wp","href":"https:\/\/api.w.org\/{rel}","templated":true}]}}