{"id":18179,"date":"2024-07-30T18:20:01","date_gmt":"2024-07-30T16:20:01","guid":{"rendered":"https:\/\/sentio.pl\/?page_id=18179"},"modified":"2025-06-22T18:57:07","modified_gmt":"2025-06-22T16:57:07","slug":"wizyty","status":"publish","type":"page","link":"https:\/\/sentio.pl\/ru\/wizyty\/","title":{"rendered":"Wybierz psychologa lub logoped\u0119 w Gda\u0144sku"},"content":{"rendered":"<div class=\"wpb-content-wrapper\">\t<div  class=\"vc_row wpb_row vc_row-fluid vc_column-gap-default ts-row-wide\"  ><div class=\"wpb_column vc_column_container vc_col-sm-12\">\n\t<div class=\"wpb_wrapper\">\n\t<div class=\"vc_empty_space\"   style=\"height: 32px\"><span class=\"vc_empty_space_inner\"><\/span><\/div><div class=\"vc_row wpb_row vc_inner vc_row-fluid vc_column-gap-default\"><div class=\"wpb_column vc_column_container vc_col-sm-4\"><div class=\"vc_column-inner\"><div class=\"wpb_wrapper\">\n\t<div  class=\"wpb_single_image wpb_content_element vc_align_center wpb_content_element\">\n\t\t\n\t\t<figure class=\"wpb_wrapper vc_figure\">\n\t\t\t<a href=\"https:\/\/sentio.pl\/karolina-sykucka-gabinet-psychologa\/\" target=\"_self\" class=\"vc_single_image-wrapper vc_box_rounded  vc_box_border_grey\"><img loading=\"lazy\" decoding=\"async\" width=\"600\" height=\"600\" src=\"https:\/\/sentio.pl\/wp-content\/uploads\/2024\/07\/karolina-2.jpg\" class=\"vc_single_image-img attachment-full\" alt=\"\" title=\"karolina 2\" srcset=\"https:\/\/sentio.pl\/wp-content\/uploads\/2024\/07\/karolina-2.jpg 600w, https:\/\/sentio.pl\/wp-content\/uploads\/2024\/07\/karolina-2-150x150.jpg 150w, https:\/\/sentio.pl\/wp-content\/uploads\/2024\/07\/karolina-2-300x300.jpg 300w, https:\/\/sentio.pl\/wp-content\/uploads\/2024\/07\/karolina-2-480x480.jpg 480w, https:\/\/sentio.pl\/wp-content\/uploads\/2024\/07\/karolina-2-100x100.jpg 100w, https:\/\/sentio.pl\/wp-content\/uploads\/2024\/07\/karolina-2-46x46.jpg 46w, https:\/\/sentio.pl\/wp-content\/uploads\/2024\/07\/karolina-2-310x310.jpg 310w, https:\/\/sentio.pl\/wp-content\/uploads\/2024\/07\/karolina-2-12x12.jpg 12w, https:\/\/sentio.pl\/wp-content\/uploads\/2024\/07\/karolina-2-350x350.jpg 350w\" sizes=\"auto, (max-width: 600px) 100vw, 600px\" \/><\/a>\n\t\t<\/figure>\n\t<\/div>\n<div class=\"vc_empty_space\"   style=\"height: 32px\"><span class=\"vc_empty_space_inner\"><\/span><\/div>\n\t<div class=\"wpb_text_column wpb_content_element\" >\n\t\t<div class=\"wpb_wrapper\">\n\t\t\t<h2><strong>Karolina Sykucka<\/strong><\/h2>\n<p>Wspomagam dzieci w codziennym funkcjonowaniu w szkole. Specjalizuj\u0119 si\u0119 w psychoterapii poznawczo-behawioralnej dzieci i m\u0142odzie\u017cy oraz prowadz\u0119 psychoedukacj\u0119 rodzic\u00f3w, budowanie \u015bwiadomo\u015bci emocjonalnej dzieci i m\u0142odzie\u017cy, a tak\u017ce wyposa\u017canie ich w techniki samoregulacji.<\/p>\n<p>Przyjmuj\u0119 <strong>osoby doros\u0142e<\/strong> i <strong>dzieci<\/strong>.<\/p>\n\n\t\t<\/div>\n\t<\/div>\n<div class=\"vc_btn3-container vc_btn3-inline vc_do_btn\" ><a class=\"vc_general vc_btn3 vc_btn3-size-sm vc_btn3-shape-rounded vc_btn3-style-flat vc_btn3-icon-left vc_btn3-color-primary\" href=\"https:\/\/sentio.pl\/karolina-sykucka-gabinet-psychologa\/\" title=\"Karolina Sykucka, gabinet psychologa\"><i class=\"vc_btn3-icon fas fa-angle-right\"><\/i> um\u00f3w si\u0119 na wizyt\u0119<\/a><\/div><\/div><\/div><\/div><div class=\"wpb_column vc_column_container vc_col-sm-4\"><div class=\"vc_column-inner\"><div class=\"wpb_wrapper\">\n\t<div  class=\"wpb_single_image wpb_content_element vc_align_center wpb_content_element\">\n\t\t\n\t\t<figure class=\"wpb_wrapper vc_figure\">\n\t\t\t<a href=\"https:\/\/sentio.pl\/waleria-subocz-gabinet-psychologa\/\" target=\"_self\" class=\"vc_single_image-wrapper vc_box_rounded  vc_box_border_grey\"><img loading=\"lazy\" decoding=\"async\" width=\"600\" height=\"600\" src=\"https:\/\/sentio.pl\/wp-content\/uploads\/2024\/07\/valeria-2.jpg\" class=\"vc_single_image-img attachment-full\" alt=\"\" title=\"valeria 2\" srcset=\"https:\/\/sentio.pl\/wp-content\/uploads\/2024\/07\/valeria-2.jpg 600w, https:\/\/sentio.pl\/wp-content\/uploads\/2024\/07\/valeria-2-150x150.jpg 150w, https:\/\/sentio.pl\/wp-content\/uploads\/2024\/07\/valeria-2-300x300.jpg 300w, https:\/\/sentio.pl\/wp-content\/uploads\/2024\/07\/valeria-2-480x480.jpg 480w, https:\/\/sentio.pl\/wp-content\/uploads\/2024\/07\/valeria-2-100x100.jpg 100w, https:\/\/sentio.pl\/wp-content\/uploads\/2024\/07\/valeria-2-46x46.jpg 46w, https:\/\/sentio.pl\/wp-content\/uploads\/2024\/07\/valeria-2-310x310.jpg 310w, https:\/\/sentio.pl\/wp-content\/uploads\/2024\/07\/valeria-2-12x12.jpg 12w, https:\/\/sentio.pl\/wp-content\/uploads\/2024\/07\/valeria-2-350x350.jpg 350w\" sizes=\"auto, (max-width: 600px) 100vw, 600px\" \/><\/a>\n\t\t<\/figure>\n\t<\/div>\n<div class=\"vc_empty_space\"   style=\"height: 32px\"><span class=\"vc_empty_space_inner\"><\/span><\/div>\n\t<div class=\"wpb_text_column wpb_content_element\" >\n\t\t<div class=\"wpb_wrapper\">\n\t\t\t<h2><strong>Waleria Subocz<\/strong><\/h2>\n<p>Pracuj\u0119 w Centrum Terapii Gadasie i Centrum Terapii Sentio, a tak\u017ce odbywam sta\u017c w Gdy\u0144skim O\u015brodku Sta\u017cowo-Terapeutycznym. Wspieram osoby zmagaj\u0105ce si\u0119 z l\u0119kiem, obni\u017conym nastrojem, nisk\u0105 samoocen\u0105, kryzysem, prze\u017cyciem rozstania, emigracj\u0105 oraz problemami w relacjach.<\/p>\n<p>Przyjmuj\u0119<strong> osoby doros\u0142e i dzieci 13+<\/strong>.<\/p>\n\n\t\t<\/div>\n\t<\/div>\n<div class=\"vc_btn3-container vc_btn3-inline vc_do_btn\" ><a class=\"vc_general vc_btn3 vc_btn3-size-sm vc_btn3-shape-rounded vc_btn3-style-flat vc_btn3-icon-left vc_btn3-color-primary\" href=\"https:\/\/sentio.pl\/waleria-subocz-gabinet-psychologa\/\" title=\"Waleria Subocz, gabinet psychologa\"><i class=\"vc_btn3-icon fas fa-angle-right\"><\/i> um\u00f3w si\u0119 na wizyt\u0119<\/a><\/div><\/div><\/div><\/div><div class=\"wpb_column vc_column_container vc_col-sm-4\"><div class=\"vc_column-inner\"><div class=\"wpb_wrapper\">\n\t<div  class=\"wpb_single_image wpb_content_element vc_align_center wpb_content_element\">\n\t\t\n\t\t<figure class=\"wpb_wrapper vc_figure\">\n\t\t\t<a href=\"https:\/\/sentio.pl\/agata-grocholska-gabinet-psychologa\/\" target=\"_self\" class=\"vc_single_image-wrapper vc_box_rounded  vc_box_border_grey\"><img loading=\"lazy\" decoding=\"async\" width=\"600\" height=\"600\" src=\"https:\/\/sentio.pl\/wp-content\/uploads\/2025\/03\/agata01.jpg\" class=\"vc_single_image-img attachment-full\" alt=\"\" title=\"\" srcset=\"https:\/\/sentio.pl\/wp-content\/uploads\/2025\/03\/agata01.jpg 600w, https:\/\/sentio.pl\/wp-content\/uploads\/2025\/03\/agata01-300x300.jpg 300w, https:\/\/sentio.pl\/wp-content\/uploads\/2025\/03\/agata01-150x150.jpg 150w, https:\/\/sentio.pl\/wp-content\/uploads\/2025\/03\/agata01-480x480.jpg 480w, https:\/\/sentio.pl\/wp-content\/uploads\/2025\/03\/agata01-100x100.jpg 100w, https:\/\/sentio.pl\/wp-content\/uploads\/2025\/03\/agata01-46x46.jpg 46w, https:\/\/sentio.pl\/wp-content\/uploads\/2025\/03\/agata01-310x310.jpg 310w, https:\/\/sentio.pl\/wp-content\/uploads\/2025\/03\/agata01-12x12.jpg 12w, https:\/\/sentio.pl\/wp-content\/uploads\/2025\/03\/agata01-350x350.jpg 350w\" sizes=\"auto, (max-width: 600px) 100vw, 600px\" \/><\/a>\n\t\t<\/figure>\n\t<\/div>\n<div class=\"vc_empty_space\"   style=\"height: 32px\"><span class=\"vc_empty_space_inner\"><\/span><\/div>\n\t<div class=\"wpb_text_column wpb_content_element\" >\n\t\t<div class=\"wpb_wrapper\">\n\t\t\t<h2><strong>Agata Grocholska<\/strong><\/h2>\n<p>Jestem absolwentk\u0105 jednolitych studi\u00f3w magisterskich na kierunku psychologia, kt\u00f3re uko\u0144czy\u0142am na Uniwersytecie SWPS w Sopocie. Studia te pozwoli\u0142y mi zdoby\u0107 solidne podstawy teoretyczne i praktyczne w zakresie psychologii, a tak\u017ce ugruntowa\u0142y moje zainteresowanie prac\u0105 z dzie\u0107mi i m\u0142odzie\u017c\u0105. Wiedza zdobyta na uczelni stanowi dla mnie fundament w codziennej pracy, a rozw\u00f3j w tym obszarze jest dla mnie nieustaj\u0105cym procesem.<\/p>\n<p>Przyjmuj\u0119<strong> dzieci oraz m\u0142odzie\u017c<\/strong>.<\/p>\n\n\t\t<\/div>\n\t<\/div>\n<div class=\"vc_btn3-container vc_btn3-inline vc_do_btn\" ><a class=\"vc_general vc_btn3 vc_btn3-size-sm vc_btn3-shape-rounded vc_btn3-style-flat vc_btn3-icon-left vc_btn3-color-primary\" href=\"https:\/\/sentio.pl\/agata-grocholska-gabinet-psychologa\/\" title=\"Agata Grocholska, gabinet psychologa\"><i class=\"vc_btn3-icon fas fa-angle-right\"><\/i> um\u00f3w si\u0119 na wizyt\u0119<\/a><\/div><\/div><\/div><\/div><\/div><div class=\"vc_row wpb_row vc_inner vc_row-fluid vc_column-gap-default\"><div class=\"wpb_column vc_column_container vc_col-sm-4\"><div class=\"vc_column-inner\"><div class=\"wpb_wrapper\">\n\t<div  class=\"wpb_single_image wpb_content_element vc_align_center wpb_content_element\">\n\t\t\n\t\t<figure class=\"wpb_wrapper vc_figure\">\n\t\t\t<a href=\"https:\/\/sentio.pl\/aleksandra-makar-gabinet-psychologa\/\" target=\"_self\" class=\"vc_single_image-wrapper vc_box_rounded  vc_box_border_grey\"><img loading=\"lazy\" decoding=\"async\" width=\"600\" height=\"600\" src=\"https:\/\/sentio.pl\/wp-content\/uploads\/2025\/06\/makar2.jpg\" class=\"vc_single_image-img attachment-full\" alt=\"\" title=\"makar2\" srcset=\"https:\/\/sentio.pl\/wp-content\/uploads\/2025\/06\/makar2.jpg 600w, https:\/\/sentio.pl\/wp-content\/uploads\/2025\/06\/makar2-300x300.jpg 300w, https:\/\/sentio.pl\/wp-content\/uploads\/2025\/06\/makar2-150x150.jpg 150w, https:\/\/sentio.pl\/wp-content\/uploads\/2025\/06\/makar2-480x480.jpg 480w, https:\/\/sentio.pl\/wp-content\/uploads\/2025\/06\/makar2-100x100.jpg 100w, https:\/\/sentio.pl\/wp-content\/uploads\/2025\/06\/makar2-12x12.jpg 12w, https:\/\/sentio.pl\/wp-content\/uploads\/2025\/06\/makar2-350x350.jpg 350w, https:\/\/sentio.pl\/wp-content\/uploads\/2025\/06\/makar2-46x46.jpg 46w, https:\/\/sentio.pl\/wp-content\/uploads\/2025\/06\/makar2-310x310.jpg 310w\" sizes=\"auto, (max-width: 600px) 100vw, 600px\" \/><\/a>\n\t\t<\/figure>\n\t<\/div>\n<div class=\"vc_empty_space\"   style=\"height: 32px\"><span class=\"vc_empty_space_inner\"><\/span><\/div>\n\t<div class=\"wpb_text_column wpb_content_element\" >\n\t\t<div class=\"wpb_wrapper\">\n\t\t\t<h2><strong>Aleskandra Makar<\/strong><\/h2>\n<p>Na co dzie\u0144 pracuj\u0119 jako psycholog w przedszkolu oraz w Poradni Zdrowia Psychicznego. Moj\u0105 pasj\u0105 jest praca z innymi lud\u017ami oraz zg\u0142\u0119bianie ludzkiej psychiki, co daje mi poczucie celu i nieustann\u0105 motywacj\u0119 do osobistego rozwoju. W mojej pracy najwa\u017cniejsze s\u0105 relacje oparte na zaufaniu i empatii.<\/p>\n<p>Przyjmuj\u0119 <strong>dzieci, m\u0142odzie\u017c oraz osoby doros\u0142e<\/strong>.<\/p>\n\n\t\t<\/div>\n\t<\/div>\n<div class=\"vc_btn3-container vc_btn3-inline vc_do_btn\" ><a class=\"vc_general vc_btn3 vc_btn3-size-sm vc_btn3-shape-rounded vc_btn3-style-flat vc_btn3-icon-left vc_btn3-color-primary\" href=\"https:\/\/sentio.pl\/aleksandra-makar-gabinet-psychologa\/\" title=\"Aleksandra Makar, gabinet psychologa\"><i class=\"vc_btn3-icon fas fa-angle-right\"><\/i> um\u00f3w si\u0119 na wizyt\u0119<\/a><\/div><\/div><\/div><\/div><div class=\"wpb_column vc_column_container vc_col-sm-4\"><div class=\"vc_column-inner\"><div class=\"wpb_wrapper\">\n\t<div  class=\"wpb_single_image wpb_content_element vc_align_center wpb_content_element\">\n\t\t\n\t\t<figure class=\"wpb_wrapper vc_figure\">\n\t\t\t<a href=\"https:\/\/sentio.pl\/liliia-zhukova-gabinet-psychologa\/\" target=\"_self\" class=\"vc_single_image-wrapper vc_box_rounded  vc_box_border_grey\"><img loading=\"lazy\" decoding=\"async\" width=\"600\" height=\"600\" src=\"https:\/\/sentio.pl\/wp-content\/uploads\/2025\/03\/lilia01.jpg\" class=\"vc_single_image-img attachment-full\" alt=\"\" title=\"\" srcset=\"https:\/\/sentio.pl\/wp-content\/uploads\/2025\/03\/lilia01.jpg 600w, https:\/\/sentio.pl\/wp-content\/uploads\/2025\/03\/lilia01-150x150.jpg 150w, https:\/\/sentio.pl\/wp-content\/uploads\/2025\/03\/lilia01-300x300.jpg 300w, https:\/\/sentio.pl\/wp-content\/uploads\/2025\/03\/lilia01-480x480.jpg 480w, https:\/\/sentio.pl\/wp-content\/uploads\/2025\/03\/lilia01-100x100.jpg 100w, https:\/\/sentio.pl\/wp-content\/uploads\/2025\/03\/lilia01-46x46.jpg 46w, https:\/\/sentio.pl\/wp-content\/uploads\/2025\/03\/lilia01-310x310.jpg 310w, https:\/\/sentio.pl\/wp-content\/uploads\/2025\/03\/lilia01-12x12.jpg 12w, https:\/\/sentio.pl\/wp-content\/uploads\/2025\/03\/lilia01-350x350.jpg 350w\" sizes=\"auto, (max-width: 600px) 100vw, 600px\" \/><\/a>\n\t\t<\/figure>\n\t<\/div>\n<div class=\"vc_empty_space\"   style=\"height: 32px\"><span class=\"vc_empty_space_inner\"><\/span><\/div>\n\t<div class=\"wpb_text_column wpb_content_element\" >\n\t\t<div class=\"wpb_wrapper\">\n\t\t\t<h2><strong>Liliia Zhukova<\/strong><\/h2>\n<p>Jestem psycholo\u017ck\u0105, terapeutk\u0105 gestalt i specjalistk\u0105 w pracy z cia\u0142em. Pomagam lepiej rozumie\u0107 siebie, swoje emocje, potrzeby i relacje, wspieraj\u0105c w procesie zmiany, budowania wewn\u0119trznych zasob\u00f3w i odnajdywania r\u00f3wnowagi w \u017cyciu.<\/p>\n<p>Przyjmuj\u0119<strong> osoby doros\u0142e i dzieci 11+<\/strong>.<\/p>\n\n\t\t<\/div>\n\t<\/div>\n<div class=\"vc_btn3-container vc_btn3-inline vc_do_btn\" ><a class=\"vc_general vc_btn3 vc_btn3-size-sm vc_btn3-shape-rounded vc_btn3-style-flat vc_btn3-icon-left vc_btn3-color-primary\" href=\"https:\/\/sentio.pl\/liliia-zhukova-gabinet-psychologa\/\" title=\"Liliia Zhukova, gabinet psychologa\"><i class=\"vc_btn3-icon fas fa-angle-right\"><\/i> um\u00f3w si\u0119 na wizyt\u0119<\/a><\/div><\/div><\/div><\/div><div class=\"wpb_column vc_column_container vc_col-sm-4\"><div class=\"vc_column-inner\"><div class=\"wpb_wrapper\">\n\t<div  class=\"wpb_single_image wpb_content_element vc_align_center wpb_content_element\">\n\t\t\n\t\t<figure class=\"wpb_wrapper vc_figure\">\n\t\t\t<a href=\"https:\/\/sentio.pl\/wiktoria-wask-gabinet-logopedy\/\" target=\"_self\" class=\"vc_single_image-wrapper vc_box_rounded  vc_box_border_grey\"><img loading=\"lazy\" decoding=\"async\" width=\"600\" height=\"600\" src=\"https:\/\/sentio.pl\/wp-content\/uploads\/2025\/03\/wiktoria01.jpg\" class=\"vc_single_image-img attachment-full\" alt=\"\" title=\"wiktoria01\" srcset=\"https:\/\/sentio.pl\/wp-content\/uploads\/2025\/03\/wiktoria01.jpg 600w, https:\/\/sentio.pl\/wp-content\/uploads\/2025\/03\/wiktoria01-150x150.jpg 150w, https:\/\/sentio.pl\/wp-content\/uploads\/2025\/03\/wiktoria01-300x300.jpg 300w, https:\/\/sentio.pl\/wp-content\/uploads\/2025\/03\/wiktoria01-480x480.jpg 480w, https:\/\/sentio.pl\/wp-content\/uploads\/2025\/03\/wiktoria01-100x100.jpg 100w, https:\/\/sentio.pl\/wp-content\/uploads\/2025\/03\/wiktoria01-46x46.jpg 46w, https:\/\/sentio.pl\/wp-content\/uploads\/2025\/03\/wiktoria01-310x310.jpg 310w, https:\/\/sentio.pl\/wp-content\/uploads\/2025\/03\/wiktoria01-12x12.jpg 12w, https:\/\/sentio.pl\/wp-content\/uploads\/2025\/03\/wiktoria01-350x350.jpg 350w\" sizes=\"auto, (max-width: 600px) 100vw, 600px\" \/><\/a>\n\t\t<\/figure>\n\t<\/div>\n<div class=\"vc_empty_space\"   style=\"height: 32px\"><span class=\"vc_empty_space_inner\"><\/span><\/div>\n\t<div class=\"wpb_text_column wpb_content_element\" >\n\t\t<div class=\"wpb_wrapper\">\n\t\t\t<h2><strong>Wiktoria Wa\u015bk<\/strong><\/h2>\n<p>Jestem absolwentk\u0105 studi\u00f3w logopedycznych na Uniwersytecie Warmi\u0144sko \u2013 Mazurskim w Olsztynie ze specjalizacj\u0105 \u201eTeatr w logopedii\u201d. W swojej pracy wykorzystuje w\u0142a\u015bnie r\u00f3\u017cnego rodzaju arteterapie, np. bajkoterapi\u0119. W zwi\u0105zku ze specjalizacj\u0105, kt\u00f3r\u0105 wybra\u0142am na studiach mog\u0119 pom\u00f3c z problemami z dykcj\u0105 i emisj\u0105 g\u0142osu. Na co dzie\u0144 pracuj\u0119 w przedszkolu integracyjnym z dzie\u0107mi z r\u00f3\u017cnego rodzaju zaburzeniami: autyzmem, mutyzmem, Zespo\u0142em Downa.<\/p>\n<p>Przyjmuj\u0119<strong> dzieci oraz doros\u0142ych<\/strong>.<\/p>\n\n\t\t<\/div>\n\t<\/div>\n<div class=\"vc_btn3-container vc_btn3-inline vc_do_btn\" ><a class=\"vc_general vc_btn3 vc_btn3-size-sm vc_btn3-shape-rounded vc_btn3-style-flat vc_btn3-icon-left vc_btn3-color-primary\" href=\"https:\/\/sentio.pl\/wiktoria-wask-gabinet-logopedy\/\" title=\"Wiktoria Wa\u015bk, gabinet logopedy\"><i class=\"vc_btn3-icon fas fa-angle-right\"><\/i> um\u00f3w si\u0119 na wizyt\u0119<\/a><\/div><\/div><\/div><\/div><\/div><div class=\"vc_row wpb_row vc_inner vc_row-fluid vc_column-gap-default\"><div class=\"wpb_column vc_column_container vc_col-sm-4\"><div class=\"vc_column-inner\"><div class=\"wpb_wrapper\">\n\t<div  class=\"wpb_single_image wpb_content_element vc_align_center wpb_content_element\">\n\t\t\n\t\t<figure class=\"wpb_wrapper vc_figure\">\n\t\t\t<a href=\"https:\/\/sentio.pl\/ewa-lycyniak-gabinet-psychologa\/\" target=\"_self\" class=\"vc_single_image-wrapper vc_box_rounded  vc_box_border_grey\"><img loading=\"lazy\" decoding=\"async\" width=\"600\" height=\"600\" src=\"https:\/\/sentio.pl\/wp-content\/uploads\/2025\/06\/ewa-lycyniak-2.jpg\" class=\"vc_single_image-img attachment-full\" alt=\"\" title=\"ewa lycyniak 2\" srcset=\"https:\/\/sentio.pl\/wp-content\/uploads\/2025\/06\/ewa-lycyniak-2.jpg 600w, https:\/\/sentio.pl\/wp-content\/uploads\/2025\/06\/ewa-lycyniak-2-300x300.jpg 300w, https:\/\/sentio.pl\/wp-content\/uploads\/2025\/06\/ewa-lycyniak-2-150x150.jpg 150w, https:\/\/sentio.pl\/wp-content\/uploads\/2025\/06\/ewa-lycyniak-2-480x480.jpg 480w, https:\/\/sentio.pl\/wp-content\/uploads\/2025\/06\/ewa-lycyniak-2-100x100.jpg 100w, https:\/\/sentio.pl\/wp-content\/uploads\/2025\/06\/ewa-lycyniak-2-12x12.jpg 12w, https:\/\/sentio.pl\/wp-content\/uploads\/2025\/06\/ewa-lycyniak-2-350x350.jpg 350w, https:\/\/sentio.pl\/wp-content\/uploads\/2025\/06\/ewa-lycyniak-2-46x46.jpg 46w, https:\/\/sentio.pl\/wp-content\/uploads\/2025\/06\/ewa-lycyniak-2-310x310.jpg 310w\" sizes=\"auto, (max-width: 600px) 100vw, 600px\" \/><\/a>\n\t\t<\/figure>\n\t<\/div>\n<div class=\"vc_empty_space\"   style=\"height: 32px\"><span class=\"vc_empty_space_inner\"><\/span><\/div>\n\t<div class=\"wpb_text_column wpb_content_element\" >\n\t\t<div class=\"wpb_wrapper\">\n\t\t\t<h2><strong>Ewa \u0141ycyniak<\/strong><\/h2>\n<p>Jestem psycholo\u017ck\u0105 po jednolitych studiach magisterskich na Uczelni SWPS w Sopocie. Pracuje z m\u0142odzie\u017c\u0105, osobami doros\u0142ymi oraz kobietami w ci\u0105\u017cy i po porodzie. Wspieram r\u00f3wnie\u017c rodzic\u00f3w i opiekun\u00f3w, prowadz\u0105c konsultacje oraz grupy wsparcia. Uko\u0144czy\u0142am I stopie\u0144 szkolenia z Terapii Skoncentrowanej na Rozwi\u0105zaniach (TSR), a tak\u017ce specjalistyczne szkolenia z diagnozy ADHD (dla dzieci, m\u0142odzie\u017cy i doros\u0142ych). Jestem certyfikowan\u0105 diagnostk\u0105 spektrum autyzmu (ADOS-2) oraz trenerk\u0105 Treningu Umiej\u0119tno\u015bci Spo\u0142ecznych (TUS).<\/p>\n<p>Przyjmuj\u0119 <strong>dzieci, m\u0142odzie\u017c i rodzic\u00f3w<\/strong>.<\/p>\n\n\t\t<\/div>\n\t<\/div>\n<div class=\"vc_btn3-container vc_btn3-inline vc_do_btn\" ><a class=\"vc_general vc_btn3 vc_btn3-size-sm vc_btn3-shape-rounded vc_btn3-style-flat vc_btn3-icon-left vc_btn3-color-primary\" href=\"https:\/\/sentio.pl\/ewa-lycyniak-gabinet-psychologa\/\" title=\"Ewa \u0141ycyniak, gabinet psychologa\"><i class=\"vc_btn3-icon fas fa-angle-right\"><\/i> um\u00f3w si\u0119 na wizyt\u0119<\/a><\/div><\/div><\/div><\/div><div class=\"wpb_column vc_column_container vc_col-sm-4\"><div class=\"vc_column-inner\"><div class=\"wpb_wrapper\">\n\t<div  class=\"wpb_single_image wpb_content_element vc_align_center wpb_content_element\">\n\t\t\n\t\t<figure class=\"wpb_wrapper vc_figure\">\n\t\t\t<a href=\"https:\/\/sentio.pl\/ewa-porowska-gabinet-psychologa\/\" target=\"_self\" class=\"vc_single_image-wrapper vc_box_rounded  vc_box_border_grey\"><img loading=\"lazy\" decoding=\"async\" width=\"600\" height=\"600\" src=\"https:\/\/sentio.pl\/wp-content\/uploads\/2025\/04\/ewa-porowska-2.jpg\" class=\"vc_single_image-img attachment-full\" alt=\"\" title=\"ewa porowska 2\" srcset=\"https:\/\/sentio.pl\/wp-content\/uploads\/2025\/04\/ewa-porowska-2.jpg 600w, https:\/\/sentio.pl\/wp-content\/uploads\/2025\/04\/ewa-porowska-2-150x150.jpg 150w, https:\/\/sentio.pl\/wp-content\/uploads\/2025\/04\/ewa-porowska-2-300x300.jpg 300w, https:\/\/sentio.pl\/wp-content\/uploads\/2025\/04\/ewa-porowska-2-480x480.jpg 480w, https:\/\/sentio.pl\/wp-content\/uploads\/2025\/04\/ewa-porowska-2-100x100.jpg 100w, https:\/\/sentio.pl\/wp-content\/uploads\/2025\/04\/ewa-porowska-2-46x46.jpg 46w, https:\/\/sentio.pl\/wp-content\/uploads\/2025\/04\/ewa-porowska-2-310x310.jpg 310w, https:\/\/sentio.pl\/wp-content\/uploads\/2025\/04\/ewa-porowska-2-12x12.jpg 12w, https:\/\/sentio.pl\/wp-content\/uploads\/2025\/04\/ewa-porowska-2-350x350.jpg 350w\" sizes=\"auto, (max-width: 600px) 100vw, 600px\" \/><\/a>\n\t\t<\/figure>\n\t<\/div>\n<div class=\"vc_empty_space\"   style=\"height: 32px\"><span class=\"vc_empty_space_inner\"><\/span><\/div>\n\t<div class=\"wpb_text_column wpb_content_element\" >\n\t\t<div class=\"wpb_wrapper\">\n\t\t\t<h2><strong>Ewa Porowska<\/strong><\/h2>\n<p>Jestem absolwentk\u0105 psychologii na Uniwersytecie SWPS w Sopocie. Na co dzie\u0144 pracuj\u0119 jako psycholo\u017cka szkolna w szkole podstawowej oraz w biznesie, co daje mi szerok\u0105 perspektyw\u0119 na potrzeby i wyzwania, z jakimi mierzymy si\u0119 w r\u00f3\u017cnych kontekstach \u017cyciowych i zawodowych. Stale poszerzam swoj\u0105 wiedz\u0119 i kompetencje, uczestnicz\u0105c w licznych kursach i szkoleniach. Uko\u0144czy\u0142am m.in. szkolenie z Terapii Skoncentrowanej na Rozwi\u0105zaniu (TSR I), kt\u00f3re pozwala mi wspiera\u0107 dzieci w znajdowaniu ich wewn\u0119trznych zasob\u00f3w i budowaniu skutecznych strategii radzenia sobie.<\/p>\n<p>Przyjmuj\u0119 <strong>dzieci oraz m\u0142odzie\u017c<\/strong>.<\/p>\n\n\t\t<\/div>\n\t<\/div>\n<div class=\"vc_btn3-container vc_btn3-inline vc_do_btn\" ><a class=\"vc_general vc_btn3 vc_btn3-size-sm vc_btn3-shape-rounded vc_btn3-style-flat vc_btn3-icon-left vc_btn3-color-primary\" href=\"https:\/\/sentio.pl\/ewa-porowska-gabinet-psychologa\/\" title=\"Ewa Porowska, gabinet psychologa\"><i class=\"vc_btn3-icon fas fa-angle-right\"><\/i> um\u00f3w si\u0119 na wizyt\u0119<\/a><\/div><\/div><\/div><\/div><div class=\"wpb_column vc_column_container vc_col-sm-4\"><div class=\"vc_column-inner\"><div class=\"wpb_wrapper\"><\/div><\/div><\/div><\/div>\t<\/div>\n<\/div><\/div>\n<\/div>","protected":false},"excerpt":{"rendered":"Karolina Sykucka Wspomagam dzieci w codziennym funkcjonowaniu w szkole. Specjalizuj\u0119 si\u0119 w psychoterapii poznawczo-behawioralnej dzieci i m\u0142odzie\u017cy oraz prowadz\u0119 psychoedukacj\u0119 rodzic\u00f3w, budowanie \u015bwiadomo\u015bci emocjonalnej dzieci i m\u0142odzie\u017cy, a tak\u017ce wyposa\u017canie ich w techniki samoregulacji. Przyjmuj\u0119 osoby doros\u0142e i dzieci. um\u00f3w si\u0119 na wizyt\u0119 Waleria Subocz Pracuj\u0119 w Centrum Terapii Gadasie i Centrum Terapii Sentio, a [...]","protected":false},"author":1,"featured_media":0,"parent":0,"menu_order":0,"comment_status":"closed","ping_status":"closed","template":"","meta":{"footnotes":""},"class_list":["post-18179","page","type-page","status-publish","hentry"],"_links":{"self":[{"href":"https:\/\/sentio.pl\/ru\/wp-json\/wp\/v2\/pages\/18179","targetHints":{"allow":["GET"]}}],"collection":[{"href":"https:\/\/sentio.pl\/ru\/wp-json\/wp\/v2\/pages"}],"about":[{"href":"https:\/\/sentio.pl\/ru\/wp-json\/wp\/v2\/types\/page"}],"author":[{"embeddable":true,"href":"https:\/\/sentio.pl\/ru\/wp-json\/wp\/v2\/users\/1"}],"replies":[{"embeddable":true,"href":"https:\/\/sentio.pl\/ru\/wp-json\/wp\/v2\/comments?post=18179"}],"version-history":[{"count":65,"href":"https:\/\/sentio.pl\/ru\/wp-json\/wp\/v2\/pages\/18179\/revisions"}],"predecessor-version":[{"id":18925,"href":"https:\/\/sentio.pl\/ru\/wp-json\/wp\/v2\/pages\/18179\/revisions\/18925"}],"wp:attachment":[{"href":"https:\/\/sentio.pl\/ru\/wp-json\/wp\/v2\/media?parent=18179"}],"curies":[{"name":"wp","href":"https:\/\/api.w.org\/{rel}","templated":true}]}}