{"id":18038,"date":"2024-04-15T15:59:31","date_gmt":"2024-04-15T13:59:31","guid":{"rendered":"https:\/\/sentio.pl\/?page_id=18038"},"modified":"2024-04-15T16:00:46","modified_gmt":"2024-04-15T14:00:46","slug":"polityka-prywatnosci-i-wykorzystywania-plikow-cookies","status":"publish","type":"page","link":"https:\/\/sentio.pl\/ru\/polityka-prywatnosci-i-wykorzystywania-plikow-cookies\/","title":{"rendered":"Polityka prywatno\u015bci i wykorzystywania plik\u00f3w cookies"},"content":{"rendered":"<p><span style=\"font-size: medium;\"><b>Informacje og\u00f3lne<\/b><\/p>\n<p>Niniejsza Polityka prywatno\u015bci i wykorzystywania plik\u00f3w cookies (dalej: \u201ePolityka\u201d) szczeg\u00f3\u0142owo okre\u015bla podstawowe zasady przetwarzania danych osobowych i standardy ochrony danych gwarantuj\u0105ce zgodno\u015b\u0107 z krajowymi i unijnymi przepisami o ochronie danych, w szczeg\u00f3lno\u015bci z przepisami Rozporz\u0105dzenia Parlamentu Europejskiego i Rady (UE) 2016\/679 z dnia 27 kwietnia 2016 r. w sprawie ochrony os\u00f3b fizycznych w zwi\u0105zku z przetwarzaniem danych osobowych i w sprawie swobodnego przep\u0142ywu takich danych oraz uchylenia dyrektywy 95\/46\/WE) og\u00f3lnego rozporz\u0105dzenia o ochronie danych osobowych (dalej: RODO).<\/p>\n<p><a name=\"_Hlk71549646\"><\/a> Dane osobowe pozyskujemy bezpo\u015brednio od Pa\u0144stwa podczas kontaktu drog\u0105 telefoniczn\u0105, mailow\u0105 lub osobi\u015bcie, jak r\u00f3wnie\u017c za pomoc\u0105 formularzy, kt\u00f3re s\u0105 dost\u0119pne na portalu internetowym <a href=\"https:\/\/sentio.pl\/\">https:\/\/sentio.pl\/<\/a> ,   zwanego dalej \u201eSerwisem\u201d.<\/p>\n<p><span style=\"font-size: medium;\"><b>Administrator danych<\/b><\/p>\n<p>Administratorem danych osobowych i w\u0142a\u015bcicielem Serwisu jest SENTIO \u0141ukasz Pierko\u015b, ul. Skarpowa, nr 22, lok. 3, 80-145 Gda\u0144sk, NIP 5832817820, REGON 220388695.<\/p>\n<p><span style=\"font-size: medium;\"><b>Kontakt z Administratorem danych<\/b><\/p>\n<p>W sprawach zwi\u0105zanych z przetwarzaniem danych osobowych prosz\u0119 kontaktowa\u0107 si\u0119:<\/p>\n<p>\u2022 listownie (poczta\u0328 tradycyjna\u0328), pisz\u0105c na adres: ul. Skarpowa, nr 22, lok. 3, 80-145 Gda\u0144sk <\/p>\n<p>\u2022 za pomoc\u0105\u0328 poczty elektronicznej wysy\u0142aj\u0105c maila na adres e-mail: <a href=\"mailto:biuro@sentio.pl\">biuro@sentio.pl<\/a><\/p>\n<p><span style=\"font-size: medium;\"><b>Cele i podstawy prawne przetwarzania danych osobowych<\/b><\/p>\n<ol>\n<li>udzielenie odpowiedzi na pytania skierowane za po\u015brednictwem formularzy na stronie internetowej, wysy\u0142anych wiadomo\u015bci za po\u015brednictwem poczty elektronicznej lub telefonicznie \u2013 podstaw\u0105 prawn\u0105 przetwarzania danych w tym zakresie jest art. 6 ust. 1 lit. f) RODO, umo\u017cliwiaj\u0105ca przetwarzanie danych w sytuacji, gdy jest to niezb\u0119dne do realizacji cel\u00f3w wynikaj\u0105cych z prawnie uzasadnionych interes\u00f3w realizowanych przez administratora lub przez stron\u0119 trzeci\u0105. Prawnie uzasadnionym interesem administratora w tym przypadku jest konieczno\u015b\u0107 przetwarzania danych w celu kontaktu z osobami i udzielenie im odpowiedzi na zadane pytania, w tym nawi\u0105zania wsp\u00f3\u0142pracy w zakresie \u015bwiadczenia naszych us\u0142ug;<\/li>\n<li>wykonanie us\u0142ugi lub wykonanie zawartej umowy, w szczeg\u00f3lno\u015bci zawarcie umowy o \u015bwiadczenie us\u0142ugi, rejestracji wizyty, komunikacji w zwi\u0105zku z dan\u0105 us\u0142ug\u0105 &#8211; podstaw\u0105 prawn\u0105 takiego przetwarzania danych jest art. 6 ust. 1 lit. b) RODO, umo\u017cliwiaj\u0105cy przetwarzanie danych w sytuacji, gdy jest to niezb\u0119dne do wykonania umowy, kt\u00f3rej stron\u0105 jest osoba, kt\u00f3rej dane dotycz\u0105, lub do podj\u0119cia dzia\u0142a\u0144 na \u017c\u0105danie osoby, kt\u00f3rej dane dotycz\u0105, przed zawarciem umowy. W przypadku umieszczenia w tre\u015bci wiadomo\u015bci danych osobowych dot. stanu zdrowia b\u0119dziemy przetwarza\u0107 te dana na podstawie art. 9 ust. 2 lit. a) RODO tj. na podstawie zgody osoby, kt\u00f3rej dane dotycz\u0105; <\/li>\n<li>rozpatrywanie reklamacji zg\u0142aszanych przez u\u017cytkownik\u00f3w Serwisu, dotycz\u0105cych us\u0142ug \u015bwiadczonych przez Administratora \u2013 prawn\u0105 podstaw\u0105 do przetwarzania danych w tym zakresie jest przepis art. 6 ust. 1 lit. b) RODO umo\u017cliwiaj\u0105cy przetwarzanie danych w sytuacji, gdy jest to niezb\u0119dne do realizacji postanowie\u0144 umowy, zawartej pomi\u0119dzy Administratorem a osob\u0105, kt\u00f3rej dane dotycz\u0105;<\/li>\n<li>wystawienie faktury, rachunku i spe\u0142nienie innych obowi\u0105zk\u00f3w wynikaj\u0105cych z przepis\u00f3w prawa podatkowego\u2013 prawn\u0105 podstaw\u0105 do przetwarzania danych w tym zakresie jest przepis art. 6 ust. 1 lit. c) RODO, umo\u017cliwiaj\u0105cy przetwarzanie danych w sytuacji, gdy jest to niezb\u0119dne do wype\u0142nienia obowi\u0105zku prawnego ci\u0105\u017c\u0105cego na Administratorze;<\/li>\n<li>dochodzenia roszcze\u0144 lub obrony przed roszczeniami \u2013 prawn\u0105 podstaw\u0105 do przetwarzania danych w tym zakresie jest przepis art. 6 ust. 1 lit. f) RODO, umo\u017cliwiaj\u0105cy przetwarzanie danych w sytuacji, gdy jest to niezb\u0119dne do realizacji cel\u00f3w wynikaj\u0105cych z prawnie uzasadnionych interes\u00f3w realizowanych przez Administratora lub przez stron\u0119 trzeci\u0105. Prawnie uzasadnionym interesem Administratora w tym przypadku jest konieczno\u015b\u0107 dochodzenia roszcze\u0144 lub obrony przed roszczeniami;<\/li>\n<li>wykorzystywanie cookies na stronie internetowej, <span style=\"color: #1b1b1b;\"><span style=\"font-family: Open Sans, serif;\"><span style=\"font-size: medium;\">w przypadku cookies niezb\u0119dnych \u2013 na podstawie art. 6 ust. 1 lit. f)\u00a0\u00a0RODO (uzasadniony interes\u00a0Administratora:\u00a0prawid\u0142owe funkcjonowanie Serwisu);<\/li>\n<\/ol>\n<p>natomiast w przypadku cookies innych ni\u017c niezb\u0119dne \u2013 na podstawie art. 6 ust. 1 lit. a) RODO tj. zgody U\u017cytkownika\u00a0(przy pierwszym wej\u015bciu na stron\u0119 internetow\u0105 pojawia si\u0119 zapytanie o zgod\u0119 na wykorzystanie cookies);<\/p>\n<ol start=\"7\">\n<li>prawid\u0142owego funkcjonowania Serwisu i jego obs\u0142ugi technicznej &#8211; podstaw\u0105 prawn\u0105 takiego przetwarzania danych jest art. 6 ust. 1 lit. f) RODO, kt\u00f3ry pozwala przetwarza\u0107 dane osobowe, je\u017celi tym sposobem Administrator Danych Osobowych realizuje sw\u00f3j prawnie uzasadniony interes (w tym przypadku interesem Administratora danych osobowych jest zapewnienia poprawno\u015bci dzia\u0142ania strony i jego obs\u0142ugi technicznej, takie jak informacje o urz\u0105dzeniu, z kt\u00f3rego korzysta U\u017cytkownik, przegl\u0105darce internetowej, numerze IP i innych danych dotycz\u0105cych po\u0142\u0105czenia).<\/li>\n<\/ol>\n<p><a name=\"Bookmark\"><\/a> <b>Odbiorcy danych osobowych<\/b><\/p>\n<p>Dane b\u0119d\u0105 przetwarzane przez Administratora oraz jego wsp\u00f3\u0142pracownik\u00f3w oraz mog\u0105 by\u0107 przetwarzane przez uprawnione organy publiczne, gdy obowi\u0105zek taki wynika z\u00a0przepis\u00f3w prawa, podmioty \u015bwiadcz\u0105ce us\u0142ugi doradztwa prawnego, podmioty \u015bwiadcz\u0105ce us\u0142ugi techniczno-technologiczne w tym IT, podmioty \u015bwiadcz\u0105ce us\u0142ugi marketingowe, podmioty \u015bwiadcz\u0105ce us\u0142ugi prowadzenie ksi\u0105g rachunkowych, podmioty umo\u017cliwiaj\u0105ce dokonywanie p\u0142atno\u015bci za us\u0142ugi w ramach Serwisu. Takie podmioty przetwarzaj\u0105 dane na podstawie upowa\u017cnienia b\u0105d\u017a umowy z Administratorem i tylko zgodnie z jego poleceniami.<\/p>\n<p><b>Okres przechowywania danych osobowych<\/b><\/p>\n<ul>\n<li>Dane osobowe przetwarzane na podstawie zgody tj. 6 ust. 1 lit a) RODO, 9 ust. 2 lit. a) RODO b\u0119d\u0105 przetwarzane do czasu wycofania zgody na przetwarzanie danych osobowych;<\/li>\n<li>Dane przetwarzane na podstawie umowy tj. art. 6 ust. 1 lit b) RODO b\u0119d\u0105 przetwarzane przez okres zawierania i realizacji Umowy (do czasu zako\u0144czenia wykonywania Umowy), a po tym czasie dla dochodzenia ewentualnych roszcze\u0144 \u2013 do up\u0142ywu okresu przedawnienia okre\u015blonego przepisami kodeksu cywilnego lub innych (co do zasady do 6 lat po zako\u0144czeniu Umowy). Wskazany termin mo\u017ce ulec przed\u0142u\u017ceniu do czasu zako\u0144czenia dochodzenia ewentualnych roszcze\u0144 wynik\u0142ych z Umowy; <\/li>\n<li>Dane osobowe przetwarzane na podstawie art. 6 ust. 1 lit. c) RODO w zakresie wype\u0142niania obowi\u0105zk\u00f3w prawnych ci\u0105\u017c\u0105cych na Administratorze w zwi\u0105zku z zawarciem i realizacj\u0105 Umowy (je\u017celi przepisy krajowe albo unijne b\u0105d\u017a prawa mi\u0119dzynarodowego obliguj\u0105 Administratora do retencji danych np. obowi\u0105zk\u00f3w okre\u015blonych przepisami prawa podatkowego, przepisami ksi\u0119gowymi i przepisami z zakresu rachunkowo\u015bci) \u2013 przez okresy wskazane w tych przepisach lub przez okres do czasu wype\u0142nienia tych obowi\u0105zk\u00f3w przez Administratora (co do zasady do 5 lat liczone od ko\u0144ca roku kalendarzowego, w kt\u00f3rym Umowa uleg\u0142a rozwi\u0105zaniu lub wygas\u0142a);<\/li>\n<li>Dane osobowe przetwarzane na podstawie prawnie uzasadnionego interesu art. 6 ust. 1 lit f) RODO b\u0119d\u0105 przetwarzane przez czas istnienia tego interesu lub do momentu wniesienia skutecznego sprzeciwu na przetwarzanie danych.<\/li>\n<\/ul>\n<p>Okres przetwarzania danych mo\u017ce by\u0107 przed\u0142u\u017cony w przypadku, gdy przetwarzanie jest niezb\u0119dne do ustalenia, dochodzenia lub obrony przed ewentualnymi roszczeniami, a po tym okresie, jedynie w przypadku i w zakresie, w jakim b\u0119d\u0105 wymaga\u0107 tego przepisy prawa. <\/p>\n<p><b>Prawa os\u00f3b, kt\u00f3rych dane dotycz\u0105<\/b><\/p>\n<p>Na zasadach okre\u015blonych przepisami o ochronie danych przys\u0142uguj\u0105 Pa\u0144stwu nast\u0119puj\u0105ce prawa: <\/p>\n<ul>\n<li>prawo dost\u0119pu do tre\u015bci przetwarzanych danych oraz otrzymania ich kopii,<\/li>\n<li>prawo do sprostowania (poprawiania) danych,<\/li>\n<li>prawo do usuni\u0119cia danych,<\/li>\n<li>prawo do ograniczenia przetwarzania danych,<\/li>\n<li>prawo do wniesienia sprzeciwu wobec przetwarzania danych,<\/li>\n<li>prawo do przenoszenia danych,<\/li>\n<li>prawo do cofni\u0119cia zgody &#8211; gdy przetwarzamy dane na podstawie Pa\u0144stwa zgody, przys\u0142uguje Pa\u0144stwu prawo do jej cofni\u0119cia i to w dowolnym momencie. Cofni\u0119cie udzielonej zgody nie b\u0119dzie mia\u0142o wp\u0142ywu na zgodno\u015b\u0107 z prawem przetwarzania, kt\u00f3rego dokonali\u015bmy na podstawie zgody przed jej cofni\u0119ciem.<\/li>\n<\/ul>\n<p>W przypadkach uznania, i\u017c przetwarzanie danych narusza przepisy rozporz\u0105dzenia RODO, przys\u0142uguje Pa\u0144stwu prawo do wniesienia skargi do w\u0142a\u015bciwego organu nadzorczego, kt\u00f3rym jest Prezes Urz\u0119du Ochrony Danych Osobowych.<\/p>\n<p><b>Informacje o dobrowolno\u015bci lub obowi\u0105zku podania danych<\/b><\/p>\n<p>Podanie przez U\u017cytkownika danych osobowych jest dobrowolne, jednak\u017ce niepodanie pewnych informacji, oznaczonych w Serwisie jako obowi\u0105zkowe, jest warunkiem mo\u017cliwo\u015bci \u015bwiadczenia us\u0142ug oraz zawarcia i realizacji umowy oraz ustawowo okre\u015blonych uprawnie\u0144 i obowi\u0105zk\u00f3w Administratora zwi\u0105zanych z prowadzon\u0105 przez niego dzia\u0142alno\u015bci\u0105. W przypadku niepodania obowi\u0105zkowych danych osobowych Administrator zmuszony jest odm\u00f3wi\u0107 realizacji \u015bwiadczenia us\u0142ug oraz zawarcia umowy.<\/p>\n<p>W zamieszczonych w Serwisie formularzach pola wymagane zosta\u0142y wskazane. Wpisywanie pozosta\u0142ych danych do formularzy jest dobrowolne.<\/p>\n<p><b>Przetwarzanie danych osobowych w\u00a0spos\u00f3b zautomatyzowany<\/b><\/p>\n<p>Administrator nie b\u0119dzie przetwarza\u0142 Pani\/Pana danych w spos\u00f3b prowadz\u0105cy do zautomatyzowanego podejmowania decyzji w rozumieniu art. 22 ust. 1 i 4 RODO.<\/p>\n<p><b>Przekazywanie danych do pa\u0144stw trzecich<\/b><\/p>\n<p>Nie przekazujemy Pa\u0144stwa danych poza teren Europejskiego Obszaru Gospodarczego, z zastrze\u017ceniem ponadnarodowego charakteru przep\u0142ywu danych w ramach us\u0142ug Google (opisanych w niniejszej polityce prywatno\u015bci), kt\u00f3rych dostawc\u0105 jest Google Ireland Limited oraz us\u0142ug Facebook i Instagram, kt\u00f3rym dostawc\u0105 jest Meta Platforms Ireland Limited (4 Grand Canal Square, Grand Canal Harbour, Dublin 2 Irlandia).<\/p>\n<p><b>Pliki cookies<\/b><\/p>\n<p>Nasz Serwis nie zbiera w spos\u00f3b automatyczny \u017cadnych danych o U\u017cytkownikach, z wyj\u0105tkiem\u00a0\u00a0 informacji zbieranych za pomoc\u0105 technologii HTTP Cookie (dalej: \u201ecookies\u201d).<\/p>\n<p><b>Co to s\u0105 pliki cookies i do czego s\u0142u\u017c\u0105?<\/b><\/p>\n<p>Cookies to niewielkie pliki tekstowe, kt\u00f3re s\u0105 wysy\u0142ane przez Serwis do przegl\u0105darki internetowej zainstalowanej w urz\u0105dzeniu U\u017cytkownika, a nast\u0119pnie wysy\u0142ane s\u0105 przez przegl\u0105dark\u0119 internetow\u0105 tego U\u017cytkownika podczas ka\u017cdorazowego wej\u015bcia na witryn\u0119 Serwisu. Dzi\u0119ki plikom cookies korzystanie z witryny Serwisu jest \u0142atwiejsze i bardziej komfortowe dla U\u017cytkownika.<\/p>\n<p><b>Rodzaje cookies stosowanych w Serwisie:\u00a0<\/b><\/p>\n<ul>\n<li>pliki konwersji, kt\u00f3re pozwalaj\u0105 nam analizowa\u0107 wydajno\u015b\u0107 r\u00f3\u017cnych kana\u0142\u00f3w sprzeda\u017cy<\/li>\n<li>pliki \u015bledzenia, kt\u00f3re w po\u0142\u0105czeniu z konwersj\u0105 pomagaj\u0105 analizowa\u0107 wydajno\u015b\u0107 r\u00f3\u017cnych kana\u0142\u00f3w sprzeda\u017cy<\/li>\n<li>pliki remarketingowe, kt\u00f3rych u\u017cywamy do personalizowania tre\u015bci reklam i ich w\u0142a\u015bciwego kierowania<\/li>\n<li>pliki analizy, kt\u00f3re pomagaj\u0105 nam zwi\u0119kszy\u0107 komfort u\u017cytkowania naszej witryny poprzez zrozumienie, w jaki spos\u00f3b korzystaj\u0105 z niej u\u017cytkownicy<\/li>\n<li>pliki niezb\u0119dne, kt\u00f3re s\u0105 wa\u017cne dla podstawowej funkcjonalno\u015bci serwisu<\/li>\n<\/ul>\n<p><b>Serwis wykorzystuje pliki cookies w celu:\u00a0<\/b><\/p>\n<ul>\n<li>pozyskania danych statystycznych o ruchu U\u017cytkownik\u00f3w i korzystaniu przez nich z poszczeg\u00f3lnych stron Serwisu;<\/li>\n<li>umo\u017cliwienia identyfikacji i zapami\u0119tywania preferencji U\u017cytkownika w celu poznania jego zachowa\u0144 i zainteresowa\u0144;<\/li>\n<li>prawid\u0142owego funkcjonowania naszej strony, aby proces rezerwacji przebiega\u0142 z jak najmniejsz\u0105 trudno\u015bci\u0105.\u00a0\u00a0<\/li>\n<\/ul>\n<p><b>W jaki spos\u00f3b U\u017cytkownik mo\u017ce zarz\u0105dza\u0107 cookies?<\/b><\/p>\n<p>W\u0142\u0105czenie przez U\u017cytkownika w swojej przegl\u0105darce funkcjonalno\u015bci przyjmowanie plik\u00f3w cookies oznacza jego zgod\u0119 na przechowywanie i stosowanie cookies przy korzystaniu z Serwisu. Akceptowanie plik\u00f3w cookies jest warunkiem umo\u017cliwiaj\u0105cym prawid\u0142owe i pe\u0142ne korzystanie z naszego Serwisu. U\u017cytkownik mo\u017ce w ka\u017cdej chwili wy\u0142\u0105czy\u0107 w swojej przegl\u0105darce opcj\u0119 przyjmowania plik\u00f3w cookies, jednak\u017ce wy\u0142\u0105czenie plik\u00f3w cookies mo\u017ce spowodowa\u0107 utrudnienia, czy wr\u0119cz uniemo\u017cliwi\u0107 korzystanie z niniejszego Serwisu. Szczeg\u00f3\u0142owe informacje o konfiguracji ustawie\u0144 dotycz\u0105cych cookies w przegl\u0105darkach dost\u0119pne s\u0105 w jej ustawieniach.<\/p>\n<p><b>Logi techniczne serwer\u00f3w<\/b><\/p>\n<p>Fakt wy\u015bwietlenia ka\u017cdego elementu Serwisu przez przegl\u0105dark\u0119 jest zapisywany w tzw. logu technicznym serwera. Zapisane w ten spos\u00f3b rekordy danych zawieraj\u0105 nast\u0119puj\u0105ce dane: data i godzina pobrania, nazwa otwieranej strony, adres IP, port \u017ar\u00f3d\u0142owy, URL strony referencyjnej (adres strony, z kt\u00f3rej u\u017cytkownik zosta\u0142 przekierowany), pobrana ilo\u015b\u0107 danych, a tak\u017ce informacje o wersji produktu stosowanej przegl\u0105darki internetowej.<\/p>\n<p>Informacje te s\u0142u\u017c\u0105 do optymalizacji i monitorowania stanu serwer\u00f3w Serwisu, zwi\u0119kszenia bezpiecze\u0144stwa Serwisu, w tym ochrony przed atakami oraz do przekazywania informacji organom \u015bcigania w sprawach \/ dochodzeniach prowadzonych w zakresie podejrzenia o podszywanie si\u0119 pod inn\u0105 osob\u0119 lub wy\u0142udze\u0144.<\/p>\n<p><span style=\"font-size: medium;\"><b>Pliki cookies podmiot\u00f3w trzecich<\/b><\/p>\n<p><b>Google Ads<\/b><\/p>\n<p>Administrator korzysta z programu reklamowego Google Ads obs\u0142ugiwanego przez Google LLC, 1600 Amphitheatre Parkway, Mountain View, CA 94043, USA w celu prowadzenia kampanii reklamowych, w tym remarketingowych. Dane w tym celu s\u0105 przetwarzane na podstawie prawnie uzasadnionego interesu Administratora (art. 6 ust. 1 lit. f RODO), polegaj\u0105cego na marketingu w\u0142asnych produkt\u00f3w lub us\u0142ug.<\/p>\n<p>Je\u017celi U\u017cytkownik wyrazi zgod\u0119 na stosowanie plik\u00f3w cookies reklamowych, po wej\u015bciu na Serwis na urz\u0105dzeniu U\u017cytkownika zostanie zapisany plik remarketing cookie firmy Google, kt\u00f3ry na podstawie odwiedzanych przez U\u017cytkownika stron umo\u017cliwi wy\u015bwietlanie reklam opartych na zainteresowaniach U\u017cytkownika.<\/p>\n<p>Administrator korzystaj\u0105c z Google Ads, nie gromadzi jakichkolwiek danych, kt\u00f3re pozwala\u0142aby na identyfikacj\u0119 U\u017cytkownika. Ewentualne zestawienie danych w taki spos\u00f3b, \u017ce nabieraj\u0105 one charakteru danych osobowych, mo\u017ce by\u0107 dokonywane wy\u0142\u0105cznie po stronie Google, za co Administrator nie ponosi odpowiedzialno\u015bci, poniewa\u017c Google realizuje te dzia\u0142ania na podstawie umowy zawartej z U\u017cytkownikiem jako u\u017cytkownikiem us\u0142ug Google.<\/p>\n<p>Administrator, korzystaj\u0105c z Google Ads, definiuje wy\u0142\u0105cznie\u00a0grupy odbiorc\u00f3w, do kt\u00f3rych maj\u0105 dociera\u0107 jego reklamy. To Google podejmuje decyzj\u0119, kiedy i w jaki spos\u00f3b zaprezentuje U\u017cytkownikowi reklam\u0119 Administratora.<\/p>\n<p>Istnieje mo\u017cliwo\u015b\u0107 zablokowania plik\u00f3w cookies Google Ads przy wykorzystaniu mechanizmu Ustawie\u0144 zaimplementowanego w Serwisie albo za pomoc\u0105 ustwie\u0144 reklam bezpo\u015brednio po stronie Google:\u00a0<span style=\"color: #0070c0;\"><a href=\"https:\/\/adssettings.google.com\/\">https:\/\/adssettings.google.com\/<\/a> <\/p>\n<p>Informacje o tym jak Google przetwarza dane U\u017cytkownik\u00f3w opisane s\u0105 w polityce prywatno\u015bci Google:\u00a0\u00a0<a href=\"https:\/\/policies.google.com\/privacy\"><span style=\"color: #0070c0;\">https:\/\/policies.google.com\/privacy<\/a>. Zach\u0119camy do przeczytania!<\/p>\n<p><b>Google Analytics<\/b><\/p>\n<p>Administrator korzysta z narz\u0119dzia Google Analytics zapewnianego przez Google LLC, 1600 Amphitheatre Parkway, Mountain View, CA 94043, USA. Dane w tym celu s\u0105 przetwarzane na podstawie prawnie uzasadnionego interesu Administratora polegaj\u0105cym na tworzeniu statystyk i\u00a0ich analizie w celu optymalizacji strony internetowej.<\/p>\n<p>Google Analytics w spos\u00f3b automatyczny gromadzi informacje o korzystaniu z Serwisu. Zgromadzone w ten spos\u00f3b informacje s\u0105 najcz\u0119\u015bciej przekazywane do serwer\u00f3w Google, kt\u00f3re mog\u0105 znajdowa\u0107 si\u0119 w ca\u0142ym \u015bwiecie i tam przechowywane.<\/p>\n<p>Administrator korzystaj\u0105c z Google Ads nie gromadzi jakichkolwiek danych, kt\u00f3re pozwala\u0142aby na identyfikacj\u0119 U\u017cytkownika. W zwi\u0105zku z tym, dane gromadzone w ramach Google Analytics nie maj\u0105 dla Administratora charakteru danych osobowych.<\/p>\n<p><b>Facebook Ads i Insights.\u00a0<\/b><\/p>\n<ul>\n<li>Korzystamy z narz\u0119dzi marketingowych i analitycznych dost\u0119pnych w ramach serwisu Facebook (Facebook Inc.)<\/li>\n<li>celem jest marketing w\u0142asnych produkt\u00f3w lub us\u0142ug oraz analiza i statystyki<\/li>\n<li>w ramach naszej strony mamy zaimplementowany Pixel Facebooka, kt\u00f3ry w spos\u00f3b automatyczny gromadzi informacje o Pa\u0144stwa korzystaniu z naszej witryny w zakresie przegl\u0105danych stron, celem kierowania do Pa\u0144stwa reklam spersonalizowanych pod k\u0105tem Pa\u0144stwa zachowa\u0144 w naszym Serwisie\u00a0<\/li>\n<li>Informacje zbierane w ramach Pixela Facebooka nie pozwalaj\u0105 na Pa\u0144stwa identyfikacj\u0119. Dzi\u0119ki nim mamy jedynie mo\u017cliwo\u015b\u0107 wiedzie\u0107 jakie dzia\u0142ania podj\u0105\u0142e\u015b w ramach naszej strony. \u00a0<\/li>\n<li>szczeg\u00f3\u0142y dot. polityki prywatno\u015bci Facebooka znajdziesz pod adresem: <a href=\"https:\/\/www.facebook.com\/privacy\/explanation\">https:\/\/www.facebook.com\/privacy\/explanation<\/a>.<\/li>\n<\/ul>\n<p><b>Google DoubleClick.\u00a0<\/b><\/p>\n<p>W celu wy\u015bwietlania dopasowanych i wa\u017cnych dla Pa\u0144stwa reklam zainstalowali\u015bmy na stronie us\u0142ug\u0119 DoubleClick wykorzystuj\u0105ca pliki cookies, kt\u00f3r\u0105 zapewnia Google Ireland Ltd. (Gordon House, 4 Barrow Street, Dublin, Ireland (\u201eGoogle\u201c)). Dane zbierane s\u0105 na podstawie numeru identyfikacyjnego (ID) przypisanego do twojej przegl\u0105darki, kt\u00f3ry umo\u017cliwia sprawdzenie, kt\u00f3re reklamy zosta\u0142y wy\u015bwietlone w Pa\u0144stwa przegl\u0105darce i z kt\u00f3rymi reklamami zasz\u0142a interakcja. Mog\u0105 Pa\u0144stwo zablokowa\u0107 obs\u0142ug\u0119 plik\u00f3w cookie przez wybranie odpowiednich ustawie\u0144 w przegl\u0105darce. Nale\u017cy jednak pami\u0119ta\u0107, \u017ce mo\u017ce to ograniczy\u0107 ci pe\u0142n\u0105 funkcjonalno\u015b\u0107 witryny. Mo\u017cna r\u00f3wnie\u017c zrezygnowa\u0107 ze zbierania i klasyfikowania informacji opartych na zainteresowaniach, wy\u0142\u0105czaj\u0105c je na stronie z ustawieniami plik\u00f3w cookie DoubleClick\u00a0<a href=\"https:\/\/support.google.com\/ads\/answer\/7395996\">https:\/\/support.google.com\/ads\/answer\/7395996<\/a><\/p>\n<p><b>Media spo\u0142eczno\u015bciowe <\/b><\/p>\n<p>W Serwisie posiadamy tzw. pixel Facebooka, Instagrama, kt\u00f3re umo\u017cliwiaj\u0105 podczas korzystania z Serwisu przej\u015bcie bezpo\u015brednio na dan\u0105 stron\u0119 social medi\u00f3w i zalogowanie si\u0119 na Pani\/Pan profil, a nast\u0119pnie kontynuowanie przegl\u0105dania strony Facebooka, Instagrama i\/lub jej polubienie, wstawienie posta lub komentarza, zdj\u0119cia. Jednak, aby to by\u0142o mo\u017cliwe, musimy korzysta\u0107 z plik\u00f3w cookies dostarczanych przez Facebooka w ramach jego produkt\u00f3w m.in. Instagrama, Messengera i innych produkt\u00f3w i funkcji oferowanych przez Facebook oraz Google. Informacje dot. przetwarzania danych osobowych przez Administratora znajduj\u0105 si\u0119 w\u00a0<a href=\"https:\/\/files.hotelgram.com\/755651\/img\/Fanpage.pdf\">Polityce prywatno\u015bci u\u017cytkownik\u00f3w fanpage w serwisie Facebook oraz profilu Instagram. <\/a><\/p>\n<p>Je\u015bli U\u017cytkownik posiadaj\u0105cy profil w kt\u00f3rym\u015b z portali spo\u0142eczno\u015bciowych nie chce, aby operator danego portalu gromadzi\u0142 dane za po\u015brednictwem Serwisu i \u0142\u0105czy\u0142 je z innymi zapisanymi danymi, przed odwiedzeniem Serwisu powinien wylogowa\u0107 si\u0119 z danego portalu spo\u0142eczno\u015bciowego i ewentualnie usun\u0105\u0107 odpowiednie pliki cookies.<\/p>\n<p><b>Linki do stron trzecich<\/b><\/p>\n<p>Linki\/przekierowania do stron internetowych innych podmiot\u00f3w zosta\u0142y zamieszczone w tre\u015bci serwisu to wy\u0142\u0105cznie dla wygody jego u\u017cytkownik\u00f3w, jednak dzia\u0142aj\u0105 one niezale\u017cnie od naszej strony. Administrator nie ponosi odpowiedzialno\u015bci za informacje podane przez w\u0142a\u015bcicieli innych witryn, jak r\u00f3wnie\u017c za polityk\u0119 ochrony prywatno\u015bci\/danych osobowych innych podmiot\u00f3w.<\/p>","protected":false},"excerpt":{"rendered":"<p>Informacje og\u00f3lne Niniejsza Polityka prywatno\u015bci i wykorzystywania plik\u00f3w cookies (dalej: \u201ePolityka\u201d) szczeg\u00f3\u0142owo okre\u015bla podstawowe zasady przetwarzania danych osobowych i standardy ochrony danych gwarantuj\u0105ce zgodno\u015b\u0107 z krajowymi i unijnymi przepisami o ochronie danych, w szczeg\u00f3lno\u015bci z przepisami Rozporz\u0105dzenia Parlamentu Europejskiego i Rady (UE) 2016\/679 z dnia 27 kwietnia 2016 r. w sprawie ochrony os\u00f3b fizycznych w [&hellip;]<\/p>","protected":false},"author":1,"featured_media":0,"parent":0,"menu_order":0,"comment_status":"closed","ping_status":"closed","template":"","meta":{"footnotes":""},"class_list":["post-18038","page","type-page","status-publish","hentry"],"_links":{"self":[{"href":"https:\/\/sentio.pl\/ru\/wp-json\/wp\/v2\/pages\/18038","targetHints":{"allow":["GET"]}}],"collection":[{"href":"https:\/\/sentio.pl\/ru\/wp-json\/wp\/v2\/pages"}],"about":[{"href":"https:\/\/sentio.pl\/ru\/wp-json\/wp\/v2\/types\/page"}],"author":[{"embeddable":true,"href":"https:\/\/sentio.pl\/ru\/wp-json\/wp\/v2\/users\/1"}],"replies":[{"embeddable":true,"href":"https:\/\/sentio.pl\/ru\/wp-json\/wp\/v2\/comments?post=18038"}],"version-history":[{"count":2,"href":"https:\/\/sentio.pl\/ru\/wp-json\/wp\/v2\/pages\/18038\/revisions"}],"predecessor-version":[{"id":18040,"href":"https:\/\/sentio.pl\/ru\/wp-json\/wp\/v2\/pages\/18038\/revisions\/18040"}],"wp:attachment":[{"href":"https:\/\/sentio.pl\/ru\/wp-json\/wp\/v2\/media?parent=18038"}],"curies":[{"name":"wp","href":"https:\/\/api.w.org\/{rel}","templated":true}]}}