{"id":17915,"date":"2024-02-14T13:28:34","date_gmt":"2024-02-14T12:28:34","guid":{"rendered":"https:\/\/sentio.pl\/?page_id=17915"},"modified":"2024-02-14T15:52:18","modified_gmt":"2024-02-14T14:52:18","slug":"coaching","status":"publish","type":"page","link":"https:\/\/sentio.pl\/ru\/coaching\/","title":{"rendered":"Coaching"},"content":{"rendered":"<div class=\"wpb-content-wrapper\"><div  class=\"vc_row wpb_row vc_row-fluid bg-right vc_custom_1687074528561 vc_column-gap-default ts-row-wide loading\"  data-vc-full-width=\"true\" data-vc-full-width-init=\"false\"  ><div class=\"wpb_column vc_column_container vc_col-sm-12 vc_col-lg-5 vc_col-md-6\">\n\t<div class=\"wpb_wrapper\">\n\t<div class=\"vc_row wpb_row vc_inner vc_row-fluid vc_column-gap-default\"><div class=\"wpb_column vc_column_container vc_col-sm-12 vc_hidden-md vc_hidden-sm vc_hidden-xs\"><div class=\"vc_column-inner\"><div class=\"wpb_wrapper\"><div class=\"vc_empty_space\"   style=\"height: 30px\"><span class=\"vc_empty_space_inner\"><\/span><\/div><\/div><\/div><\/div><\/div>\n\t<div class=\"wpb_text_column wpb_content_element vc_custom_1707921208986\" >\n\t\t<div class=\"wpb_wrapper\">\n\t\t\t<h2 class=\"fusion-responsive-typography-calculated\" data-fontsize=\"37\" data-lineheight=\"48.1px\">Pracuj\u0119 przede wszystkim z Tob\u0105<\/h2>\n<p style=\"margin-bottom: 35px; line-height: 32px;\">Wsp\u00f3lnymi si\u0142ami przywr\u00f3cimy Ci\u00a0<strong>poczucie niezale\u017cno\u015bci<\/strong>, przyjrzymy si\u0119 przeszkodom na drodze do zmiany i rozprawimy si\u0119 z nimi!<\/p>\n\n\t\t<\/div>\n\t<\/div>\n<div class=\"vc_row wpb_row vc_inner vc_row-fluid vc_column-gap-default\"><div class=\"wpb_column vc_column_container vc_col-sm-12 vc_hidden-md vc_hidden-sm vc_hidden-xs\"><div class=\"vc_column-inner\"><div class=\"wpb_wrapper\"><div class=\"vc_empty_space\"   style=\"height: 30px\"><span class=\"vc_empty_space_inner\"><\/span><\/div><\/div><\/div><\/div><\/div>\t<\/div>\n<\/div><div class=\"wpb_column vc_column_container vc_col-sm-12 vc_col-lg-7 vc_col-md-6 vc_custom_1601520445360\">\n\t<div class=\"wpb_wrapper\">\n\t\t<\/div>\n<\/div><\/div><div class=\"vc_row-full-width\"><\/div>\t<div  class=\"vc_row wpb_row vc_row-fluid vc_custom_1604285148356 vc_column-gap-default ts-row-wide\"  ><div class=\"wpb_column vc_column_container vc_col-sm-12\">\n\t<div class=\"wpb_wrapper\">\n\t<div class=\"vc_empty_space\"   style=\"height: 60px\"><span class=\"vc_empty_space_inner\"><\/span><\/div><div class=\"vc_row wpb_row vc_inner vc_row-fluid vc_custom_1604287313828 vc_column-gap-default vc_row-o-equal-height vc_row-o-content-middle vc_row-flex\"><div class=\"wpb_column vc_column_container vc_col-sm-6\"><div class=\"vc_column-inner\"><div class=\"wpb_wrapper\">\t\t<div class=\"ts-single-image ts-effect-image ts-aligncenter no-eff ts-single-image-1 banner-radius\">\n\t\t\t<div class=\"ts-shortcode-custom-style hidden\">.ts-single-image-1:hover .overlay{background-color:#ffffff}<\/div>\t\t\t<a title=\"\" target=\"_blank\" class=\"image-link\" href=\"\" >\n\t\t\t\t<img loading=\"lazy\" decoding=\"async\" width=\"800\" height=\"534\" src=\"https:\/\/sentio.pl\/wp-content\/uploads\/2024\/02\/oswajanie-celu.jpg\" class=\"img\" alt=\"\" srcset=\"https:\/\/sentio.pl\/wp-content\/uploads\/2024\/02\/oswajanie-celu.jpg 800w, https:\/\/sentio.pl\/wp-content\/uploads\/2024\/02\/oswajanie-celu-150x100.jpg 150w, https:\/\/sentio.pl\/wp-content\/uploads\/2024\/02\/oswajanie-celu-300x200.jpg 300w, https:\/\/sentio.pl\/wp-content\/uploads\/2024\/02\/oswajanie-celu-768x513.jpg 768w, https:\/\/sentio.pl\/wp-content\/uploads\/2024\/02\/oswajanie-celu-310x207.jpg 310w, https:\/\/sentio.pl\/wp-content\/uploads\/2024\/02\/oswajanie-celu-18x12.jpg 18w\" sizes=\"auto, (max-width: 800px) 100vw, 800px\" \/>\t\t\t\t<span class=\"overlay\"><\/span>\n\t\t\t<\/a>\n\t\t<\/div>\n\t\t<div class=\"vc_empty_space\"   style=\"height: 30px\"><span class=\"vc_empty_space_inner\"><\/span><\/div><\/div><\/div><\/div><div class=\"wpb_column vc_column_container vc_col-sm-6\"><div class=\"vc_column-inner\"><div class=\"wpb_wrapper\">\n\t<div class=\"wpb_text_column wpb_content_element vc_custom_1707913793500\" >\n\t\t<div class=\"wpb_wrapper\">\n\t\t\t<h1>Oswajanie celu<\/h1>\n<ul>\n<li>Czy znasz sw\u00f3j cel?<\/li>\n<li>Czy znasz drog\u0119, kt\u00f3ra do niego zmierza?<\/li>\n<li>Czy chcesz czu\u0107 lekko\u015b\u0107, odwag\u0119 i motywacj\u0119 w drodze do celu?<\/li>\n<\/ul>\n<p><b>Wyznaczenie celu to pocz\u0105tek procesu zmiany<\/b>. Przy pomocy metod i narz\u0119dzi takich jak Wizualizacja przysz\u0142o\u015bci, Wizualizacje \u2013 Miasto, Siatka Cel\u00f3w etc, we\u017amiemy na warsztat Twoje cele.<\/p>\n<p><b>Twoje najwa\u017cniejsze cele zostan\u0105 zauwa\u017cone, nazwane i zrealizowane!<\/b>\u00a0Oferuj\u0119 prac\u0119 w atmosferze profesjonalnego luzu \u2013 empatycznego otwarcia na drug\u0105 osob\u0119 z domieszk\u0105 wiedzy teoretycznej i do\u015bwiadczenia. W \u017cyciu wchodz\u0119 w wiele r\u00f3l \u2013 podobnie jak Ty. Bywam coachem, mediatorem, managerem, mam\u0105, \u017con\u0105, a przede wszystkim cz\u0142owiekiem.<b>\u00a0Dzia\u0142am w spos\u00f3b indywidualny, dostosowany do Twoich potrzeb.\u00a0<\/b>Zapewni\u0119 bezpieczne i wspieraj\u0105ce towarzystwo w realizacji Twoich cel\u00f3w. Wierz\u0119, \u017ce ten\u00a0<b>cel jest w Tobie \u2013 dlatego z empati\u0105 Towarzysz\u0119 Tobie<\/b>\u00a0z moim \u201ekuferkiem\u201d narz\u0119dzi, kt\u00f3rymi mo\u017cesz si\u0119 wesprze\u0107 w dotarciu tam, gdzie chcesz by\u0107.<\/p>\n\n\t\t<\/div>\n\t<\/div>\n<div class=\"vc_btn3-container vc_btn3-inline vc_do_btn\" ><a class=\"vc_general vc_btn3 vc_btn3-size-lg vc_btn3-shape-rounded vc_btn3-style-outline vc_btn3-icon-left vc_btn3-color-warning\" href=\"#umowsesje\" title=\"\"><i class=\"vc_btn3-icon fas fa-arrow-down\"><\/i> Um\u00f3w si\u0119 na sesj\u0119<\/a><\/div><\/div><\/div><\/div><\/div><div class=\"vc_empty_space\"   style=\"height: 60px\"><span class=\"vc_empty_space_inner\"><\/span><\/div><div class=\"vc_row wpb_row vc_inner vc_row-fluid mobile-reverse-columns vc_custom_1604287526037 vc_column-gap-default vc_row-o-equal-height vc_row-o-content-middle vc_row-flex\"><div class=\"wpb_column vc_column_container vc_col-sm-6\"><div class=\"vc_column-inner\"><div class=\"wpb_wrapper\">\n\t<div class=\"wpb_text_column wpb_content_element vc_custom_1707913802663\" >\n\t\t<div class=\"wpb_wrapper\">\n\t\t\t<h1>Odkrywanie warto\u015bci<\/h1>\n<ul>\n<li>Czy wiesz, co jest dla Ciebie wa\u017cne?<\/li>\n<li>Czy potrafisz wyja\u015bni\u0107, dlaczego wybierasz opcj\u0119 A, a nie B?<\/li>\n<li>Czy wybierasz \u015bwiadomie, czy pozwalasz, \u017ceby inni podejmowali decyzj\u0119 za Ciebie?<\/li>\n<\/ul>\n<p>Warto\u015bci przek\u0142adaj\u0105 si\u0119 bezpo\u015brednio na Twoje pragnienia i ambicje. W czasie spotka\u0144 przeanalizujemy i wsp\u00f3lnie odkryjemy\u00a0<strong>rzeczywiste<\/strong>\u00a0motywy Twoich dzia\u0142a\u0144.<\/p>\n<p>Znajomo\u015b\u0107<b>\u00a0warto\u015bci<\/b>, jakimi si\u0119 kierujesz, pomo\u017ce podj\u0105\u0107 w\u0142a\u015bciwe decyzje.\u00a0<b>S\u0105 one jak latarnia na morzu codziennych spraw.<\/b><\/p>\n<p>Proces odkrywania warto\u015bci\u00a0<b>podniesie Twoj\u0105 asertywno\u015b\u0107<\/b>. Pozwoli zauwa\u017cy\u0107 Twoje granice i broni\u0107 ich.<\/p>\n<p>Zidentyfikowanie warto\u015bci jest podstaw\u0105 do dalszej pracy samorozwojowej.<\/p>\n\n\t\t<\/div>\n\t<\/div>\n<div class=\"vc_btn3-container vc_btn3-inline vc_do_btn\" ><a class=\"vc_general vc_btn3 vc_btn3-size-lg vc_btn3-shape-rounded vc_btn3-style-outline vc_btn3-icon-left vc_btn3-color-warning\" href=\"#umowsesje\" title=\"\"><i class=\"vc_btn3-icon fas fa-arrow-down\"><\/i> Um\u00f3w si\u0119 na sesj\u0119<\/a><\/div><\/div><\/div><\/div><div class=\"wpb_column vc_column_container vc_col-sm-6\"><div class=\"vc_column-inner\"><div class=\"wpb_wrapper\">\t\t<div class=\"ts-single-image ts-effect-image ts-aligncenter no-eff ts-single-image-2 banner-radius\">\n\t\t\t<div class=\"ts-shortcode-custom-style hidden\">.ts-single-image-2:hover .overlay{background-color:#ffffff}<\/div>\t\t\t<a title=\"\" target=\"_self\" class=\"image-link\" href=\"\" >\n\t\t\t\t<img loading=\"lazy\" decoding=\"async\" width=\"800\" height=\"534\" src=\"https:\/\/sentio.pl\/wp-content\/uploads\/2024\/02\/odkrywanie-wartosci.jpg\" class=\"img\" alt=\"\" srcset=\"https:\/\/sentio.pl\/wp-content\/uploads\/2024\/02\/odkrywanie-wartosci.jpg 800w, https:\/\/sentio.pl\/wp-content\/uploads\/2024\/02\/odkrywanie-wartosci-150x100.jpg 150w, https:\/\/sentio.pl\/wp-content\/uploads\/2024\/02\/odkrywanie-wartosci-300x200.jpg 300w, https:\/\/sentio.pl\/wp-content\/uploads\/2024\/02\/odkrywanie-wartosci-768x513.jpg 768w, https:\/\/sentio.pl\/wp-content\/uploads\/2024\/02\/odkrywanie-wartosci-310x207.jpg 310w, https:\/\/sentio.pl\/wp-content\/uploads\/2024\/02\/odkrywanie-wartosci-18x12.jpg 18w\" sizes=\"auto, (max-width: 800px) 100vw, 800px\" \/>\t\t\t\t<span class=\"overlay\"><\/span>\n\t\t\t<\/a>\n\t\t<\/div>\n\t\t<div class=\"vc_empty_space\"   style=\"height: 30px\"><span class=\"vc_empty_space_inner\"><\/span><\/div><\/div><\/div><\/div><\/div><div class=\"vc_empty_space\"   style=\"height: 60px\"><span class=\"vc_empty_space_inner\"><\/span><\/div><div class=\"vc_row wpb_row vc_inner vc_row-fluid vc_custom_1604287328733 vc_column-gap-default vc_row-o-equal-height vc_row-o-content-middle vc_row-flex\"><div class=\"wpb_column vc_column_container vc_col-sm-6\"><div class=\"vc_column-inner\"><div class=\"wpb_wrapper\">\t\t<div class=\"ts-single-image ts-effect-image ts-aligncenter no-eff ts-single-image-3 banner-radius\">\n\t\t\t<div class=\"ts-shortcode-custom-style hidden\">.ts-single-image-3:hover .overlay{background-color:#ffffff}<\/div>\t\t\t<a title=\"\" target=\"_self\" class=\"image-link\" href=\"\" >\n\t\t\t\t<img loading=\"lazy\" decoding=\"async\" width=\"800\" height=\"534\" src=\"https:\/\/sentio.pl\/wp-content\/uploads\/2024\/02\/pomoz-mi-myslec.jpg\" class=\"img\" alt=\"\" srcset=\"https:\/\/sentio.pl\/wp-content\/uploads\/2024\/02\/pomoz-mi-myslec.jpg 800w, https:\/\/sentio.pl\/wp-content\/uploads\/2024\/02\/pomoz-mi-myslec-150x100.jpg 150w, https:\/\/sentio.pl\/wp-content\/uploads\/2024\/02\/pomoz-mi-myslec-300x200.jpg 300w, https:\/\/sentio.pl\/wp-content\/uploads\/2024\/02\/pomoz-mi-myslec-768x513.jpg 768w, https:\/\/sentio.pl\/wp-content\/uploads\/2024\/02\/pomoz-mi-myslec-310x207.jpg 310w, https:\/\/sentio.pl\/wp-content\/uploads\/2024\/02\/pomoz-mi-myslec-18x12.jpg 18w\" sizes=\"auto, (max-width: 800px) 100vw, 800px\" \/>\t\t\t\t<span class=\"overlay\"><\/span>\n\t\t\t<\/a>\n\t\t<\/div>\n\t\t<div class=\"vc_empty_space\"   style=\"height: 30px\"><span class=\"vc_empty_space_inner\"><\/span><\/div><\/div><\/div><\/div><div class=\"wpb_column vc_column_container vc_col-sm-6\"><div class=\"vc_column-inner\"><div class=\"wpb_wrapper\">\n\t<div class=\"wpb_text_column wpb_content_element vc_custom_1707913875793\" >\n\t\t<div class=\"wpb_wrapper\">\n\t\t\t<h1>Pom\u00f3\u017c mi pomy\u015ble\u0107<\/h1>\n<ul>\n<li>Co aktualnie Ci\u0119 blokuje?<\/li>\n<li>W jaki spos\u00f3b mo\u017cesz bardzo szybko poradzi\u0107 sobie z problemem?<\/li>\n<li>Jak mo\u017cesz znale\u017a\u0107 optymalny scenariusz w Twojej sytuacji?<\/li>\n<\/ul>\n<p>Czasami przychodzi taki moment, kiedy\u00a0<b>potrzebujesz na g\u0142os wypowiedzie\u0107 swoje my\u015bli, uwagi, pomys\u0142y<\/b>. Przyjrze\u0107 si\u0119 miejscu, w kt\u00f3rym jeste\u015b w obszarze\u00a0<strong>zawodowym<\/strong>\u00a0albo\u00a0<strong>prywatnym<\/strong>. Nie potrzebujesz ca\u0142ego procesu.<\/p>\n<p>Wok\u00f3\u0142 siebie nie masz mo\u017cliwo\u015bci otwarcie porozmawia\u0107, bo w miejscu w kt\u00f3rym pracujesz, nie masz na tyle zaufanej osoby, albo nie chcesz martwi\u0107 bliskich Ci os\u00f3b. Trzymanie takich temat\u00f3w tylko dla siebie jest bardzo m\u0119cz\u0105ce i obci\u0105\u017caj\u0105ce. Cz\u0119sto wprowadza te\u017c w spiral\u0119 negatywnego my\u015blenia.<\/p>\n<p>W czasie mojej pracy w du\u017cych organizacjach \u2013 wsp\u00f3\u0142pracownicy cz\u0119sto prosili mnie o takie rozmowy. Ja pyta\u0142am, a oni m\u00f3wi\u0105c znajdowali rozwi\u0105zania \u2013 po czym ka\u017cdy z nas rusza\u0142 dalej w swoj\u0105 drog\u0119.<\/p>\n<p>Znane by\u0142o powiedzenie jednej z kole\u017canek \u201eKarola, chod\u017a pomo\u017cesz mi pomy\u015ble\u0107\u2026.\u201d<\/p>\n\n\t\t<\/div>\n\t<\/div>\n<div class=\"vc_btn3-container vc_btn3-inline vc_do_btn\" ><a class=\"vc_general vc_btn3 vc_btn3-size-lg vc_btn3-shape-rounded vc_btn3-style-outline vc_btn3-icon-left vc_btn3-color-warning\" href=\"#umowsesje\" title=\"\"><i class=\"vc_btn3-icon fas fa-arrow-down\"><\/i> Um\u00f3w si\u0119 na sesj\u0119<\/a><\/div><\/div><\/div><\/div><\/div><div class=\"vc_empty_space\"   style=\"height: 60px\"><span class=\"vc_empty_space_inner\"><\/span><\/div><div class=\"vc_row wpb_row vc_inner vc_row-fluid mobile-reverse-columns vc_custom_1604287526037 vc_column-gap-default vc_row-o-equal-height vc_row-o-content-middle vc_row-flex\"><div class=\"wpb_column vc_column_container vc_col-sm-6\"><div class=\"vc_column-inner\"><div class=\"wpb_wrapper\">\n\t<div class=\"wpb_text_column wpb_content_element vc_custom_1707913979617\" >\n\t\t<div class=\"wpb_wrapper\">\n\t\t\t<h1>Coaching interwencyjny<\/h1>\n<ul>\n<li>Gdzie znajduje si\u0119 Twoja kontrola sytuacji?<\/li>\n<li>W jaki spos\u00f3b mo\u017cesz odnale\u017a\u0107 si\u0119 w nowym \u015brodowisku?<\/li>\n<li>Co mo\u017cesz zrobi\u0107 w swojej sytuacji?<\/li>\n<\/ul>\n<p><b>Zdarza si\u0119, \u017ce rzeczywisto\u015b\u0107 zawodowa nas zaskakuje<\/b>. Zar\u00f3wno w tym pozytywnym jak i negatywnym sensie \u2013 niespodziewany awans, zmiana stanowiska, zagro\u017cenie zwolnieniem lub otrzymanie wypowiedzenia, to momenty dezorganizuj\u0105ce codzienne \u017cycie.<\/p>\n<p>W takich sytuacjach, oferuj\u0119\u00a0<strong>jednorazowe i kompleksowe<\/strong>\u00a0spotkanie coachingu interwencyjnego. Jego zadaniem jest\u00a0<b>przywr\u00f3ci\u0107 Ci poczucie kontroli oraz sprawczo\u015bci<\/b>. W \u015brodowisku biznesowym, by\u0142am ju\u017c nie raz \u015bwiatkiem takich sytuacji, wiem, co robi\u0107.<\/p>\n<p>Przeanalizujemy Twoj\u0105 sytuacj\u0119 za pomoc\u0105 dost\u0119pnych narz\u0119dzi. Jest to praca dynamiczna w czasie kt\u00f3rej stworzysz plan dzia\u0142ania na przysz\u0142o\u015b\u0107.<\/p>\n\n\t\t<\/div>\n\t<\/div>\n<div class=\"vc_btn3-container vc_btn3-inline vc_do_btn\" ><a class=\"vc_general vc_btn3 vc_btn3-size-lg vc_btn3-shape-rounded vc_btn3-style-outline vc_btn3-icon-left vc_btn3-color-warning\" href=\"#umowsesje\" title=\"\"><i class=\"vc_btn3-icon fas fa-arrow-down\"><\/i> Um\u00f3w si\u0119 na sesj\u0119<\/a><\/div><\/div><\/div><\/div><div class=\"wpb_column vc_column_container vc_col-sm-6\"><div class=\"vc_column-inner\"><div class=\"wpb_wrapper\">\t\t<div class=\"ts-single-image ts-effect-image ts-aligncenter no-eff ts-single-image-4 banner-radius\">\n\t\t\t<div class=\"ts-shortcode-custom-style hidden\">.ts-single-image-4:hover .overlay{background-color:#ffffff}<\/div>\t\t\t<a title=\"\" target=\"_self\" class=\"image-link\" href=\"\" >\n\t\t\t\t<img loading=\"lazy\" decoding=\"async\" width=\"800\" height=\"534\" src=\"https:\/\/sentio.pl\/wp-content\/uploads\/2024\/02\/coaching-interwencyjny.jpg\" class=\"img\" alt=\"\" srcset=\"https:\/\/sentio.pl\/wp-content\/uploads\/2024\/02\/coaching-interwencyjny.jpg 800w, https:\/\/sentio.pl\/wp-content\/uploads\/2024\/02\/coaching-interwencyjny-150x100.jpg 150w, https:\/\/sentio.pl\/wp-content\/uploads\/2024\/02\/coaching-interwencyjny-300x200.jpg 300w, https:\/\/sentio.pl\/wp-content\/uploads\/2024\/02\/coaching-interwencyjny-768x513.jpg 768w, https:\/\/sentio.pl\/wp-content\/uploads\/2024\/02\/coaching-interwencyjny-310x207.jpg 310w, https:\/\/sentio.pl\/wp-content\/uploads\/2024\/02\/coaching-interwencyjny-18x12.jpg 18w\" sizes=\"auto, (max-width: 800px) 100vw, 800px\" \/>\t\t\t\t<span class=\"overlay\"><\/span>\n\t\t\t<\/a>\n\t\t<\/div>\n\t\t<div class=\"vc_empty_space\"   style=\"height: 30px\"><span class=\"vc_empty_space_inner\"><\/span><\/div><\/div><\/div><\/div><\/div><div class=\"vc_empty_space\"   style=\"height: 60px\"><span class=\"vc_empty_space_inner\"><\/span><\/div><div class=\"vc_row wpb_row vc_inner vc_row-fluid vc_custom_1604287328733 vc_column-gap-default vc_row-o-equal-height vc_row-o-content-middle vc_row-flex\"><div class=\"wpb_column vc_column_container vc_col-sm-6\"><div class=\"vc_column-inner\"><div class=\"wpb_wrapper\">\t\t<div class=\"ts-single-image ts-effect-image ts-aligncenter no-eff ts-single-image-5 banner-radius\">\n\t\t\t<div class=\"ts-shortcode-custom-style hidden\">.ts-single-image-5:hover .overlay{background-color:#ffffff}<\/div>\t\t\t<a title=\"\" target=\"_self\" class=\"image-link\" href=\"\" >\n\t\t\t\t<img loading=\"lazy\" decoding=\"async\" width=\"533\" height=\"800\" src=\"https:\/\/sentio.pl\/wp-content\/uploads\/2024\/02\/karolina-bak.jpg\" class=\"img\" alt=\"\" srcset=\"https:\/\/sentio.pl\/wp-content\/uploads\/2024\/02\/karolina-bak.jpg 533w, https:\/\/sentio.pl\/wp-content\/uploads\/2024\/02\/karolina-bak-100x150.jpg 100w, https:\/\/sentio.pl\/wp-content\/uploads\/2024\/02\/karolina-bak-200x300.jpg 200w, https:\/\/sentio.pl\/wp-content\/uploads\/2024\/02\/karolina-bak-310x465.jpg 310w, https:\/\/sentio.pl\/wp-content\/uploads\/2024\/02\/karolina-bak-8x12.jpg 8w\" sizes=\"auto, (max-width: 533px) 100vw, 533px\" \/>\t\t\t\t<span class=\"overlay\"><\/span>\n\t\t\t<\/a>\n\t\t<\/div>\n\t\t<div class=\"vc_empty_space\"   style=\"height: 30px\"><span class=\"vc_empty_space_inner\"><\/span><\/div><\/div><\/div><\/div><div class=\"wpb_column vc_column_container vc_col-sm-6\"><div class=\"vc_column-inner\"><div class=\"wpb_wrapper\">\n\t<div class=\"wpb_text_column wpb_content_element vc_custom_1707920871987\" >\n\t\t<div class=\"wpb_wrapper\">\n\t\t\t<h1>Karolina B\u0105k<\/h1>\n<p>Jestem entuzjastk\u0105 rozwoju osobistego, do\u015bwiadczon\u0105 networkerk\u0105 i coachem. Pracuj\u0119 od 16 lat z indywidualnymi klientami i zespo\u0142ami jako mened\u017cer obszar\u00f3w analityki danych w du\u017cych mi\u0119dzynarodowych korporacjach. Umys\u0142 analityczny z pasj\u0105 rozwijaj\u0105cy si\u0119 w nowych obszarach, w tym: mediacji, motywacji i empatycznej komunikacji NVC (Komunikacji Bez Przemocy).<\/p>\n<p>Typ wsp\u00f3\u0142pracuj\u0105cy, a nie rywalizuj\u0105cy.<\/p>\n<p>Nieustannie pracuj\u0119 nad rozwojem samo\u015bwiadomo\u015bci, stabilizacji i r\u00f3wnowagi w \u017cyciu \u2013 bo g\u0142\u0119boko wierz\u0119, \u017ce jest to strategia, kt\u00f3ra pozwoli\u00a0<b>utrzyma\u0107 niezale\u017cno\u015b\u0107 i pod\u0105\u017ca\u0107 w kierunku wybranego celu.<\/b><\/p>\n\n\t\t<\/div>\n\t<\/div>\n<\/div><\/div><\/div><\/div><div class=\"vc_empty_space\"   style=\"height: 60px\"><span class=\"vc_empty_space_inner\"><\/span><\/div><div id=\"umowsesje\" class=\"vc_row wpb_row vc_inner vc_row-fluid vc_custom_1707921278455 vc_column-gap-default vc_row-o-equal-height vc_row-o-content-middle vc_row-flex\"><div class=\"wpb_column vc_column_container vc_col-sm-12\"><div class=\"vc_column-inner\"><div class=\"wpb_wrapper\">\n\t<div class=\"wpb_text_column wpb_content_element vc_custom_1707922197942\" >\n\t\t<div class=\"wpb_wrapper\">\n\t\t\t<h1>Um\u00f3w si\u0119 na sesj\u0119<\/h1>\n<p>Wype\u0142nij poni\u017cszy formularz, oddzwonimy do Ciebie i um\u00f3wimy szczeg\u00f3\u0142y.<\/p>\n\n\t\t<\/div>\n\t<\/div>\n\n<div class=\"wpcf7 no-js\" id=\"wpcf7-f17926-o1\" lang=\"en-US\" dir=\"ltr\" data-wpcf7-id=\"17926\">\n<div class=\"screen-reader-response\"><p role=\"status\" aria-live=\"polite\" aria-atomic=\"true\"><\/p> <ul><\/ul><\/div>\n<form action=\"\/ru\/wp-json\/wp\/v2\/pages\/17915#wpcf7-f17926-o1\" method=\"post\" class=\"wpcf7-form init\" aria-label=\"Contact form\" novalidate=\"novalidate\" data-status=\"init\" data-trp-original-action=\"\/ru\/wp-json\/wp\/v2\/pages\/17915#wpcf7-f17926-o1\">\n<div style=\"display: none;\">\n<input type=\"hidden\" name=\"_wpcf7\" value=\"17926\" \/>\n<input type=\"hidden\" name=\"_wpcf7_version\" value=\"6.0.6\" \/>\n<input type=\"hidden\" name=\"_wpcf7_locale\" value=\"en_US\" \/>\n<input type=\"hidden\" name=\"_wpcf7_unit_tag\" value=\"wpcf7-f17926-o1\" \/>\n<input type=\"hidden\" name=\"_wpcf7_container_post\" value=\"0\" \/>\n<input type=\"hidden\" name=\"_wpcf7_posted_data_hash\" value=\"\" \/>\n<input type=\"hidden\" name=\"_wpcf7_recaptcha_response\" value=\"\" \/>\n<\/div>\n<div class=\"contact-form\">\n\t<div class=\"info-wrapper\">\n\t\t<p><span class=\"wpcf7-form-control-wrap\" data-name=\"imieinazwisko\"><input size=\"40\" maxlength=\"400\" class=\"wpcf7-form-control wpcf7-text wpcf7-validates-as-required\" aria-required=\"true\" aria-invalid=\"false\" placeholder=\"Imi\u0119 i nazwisko\" value=\"\" type=\"text\" name=\"imieinazwisko\" \/><\/span>\n\t\t<\/p>\n\t\t<p><span class=\"wpcf7-form-control-wrap\" data-name=\"tel\"><input size=\"40\" maxlength=\"400\" class=\"wpcf7-form-control wpcf7-text wpcf7-validates-as-required\" aria-required=\"true\" aria-invalid=\"false\" placeholder=\"Numer telefonu\" value=\"\" type=\"text\" name=\"tel\" \/><\/span>\n\t\t<\/p>\n\t<\/div>\n\t<div class=\"info-wrapper\">\n\t\t<p style=\"text-align: right; padding-top: 13px;\">Jaki termin sesji Ci odpowiada?\n\t\t<\/p>\n\t\t<p><span class=\"wpcf7-form-control-wrap\" data-name=\"termin\"><select class=\"wpcf7-form-control wpcf7-select wpcf7-validates-as-required\" aria-required=\"true\" aria-invalid=\"false\" name=\"termin\"><option value=\"Jak najszybciej\">Jak najszybciej<\/option><option value=\"W ci\u0105gu tygodnia\">W ci\u0105gu tygodnia<\/option><option value=\"W ci\u0105gu dw\u00f3ch tygodni\">W ci\u0105gu dw\u00f3ch tygodni<\/option><\/select><\/span>\n\t\t<\/p>\n\t\t<p style=\"text-align: right; padding-top: 13px;\">W kt\u00f3rych godzinach pasuje Ci sesja?\n\t\t<\/p>\n\t\t<p><span class=\"wpcf7-form-control-wrap\" data-name=\"godziny\"><select class=\"wpcf7-form-control wpcf7-select wpcf7-validates-as-required\" aria-required=\"true\" aria-invalid=\"false\" name=\"godziny\"><option value=\"Oboj\u0119tnie\">Oboj\u0119tnie<\/option><option value=\"Rano\">Rano<\/option><option value=\"W okolicach po\u0142udnia\">W okolicach po\u0142udnia<\/option><option value=\"Popo\u0142udniu lub wieczorem\">Popo\u0142udniu lub wieczorem<\/option><\/select><\/span>\n\t\t<\/p>\n\t<\/div>\n\t<div class=\"info-wrapper\">\n\t\t<p style=\"text-align: right; padding-top: 13px;\">Czy umawiasz sesj\u0119 dla siebie?\n\t\t<\/p>\n\t\t<p><span class=\"wpcf7-form-control-wrap\" data-name=\"dlakogo\"><select class=\"wpcf7-form-control wpcf7-select wpcf7-validates-as-required\" aria-required=\"true\" aria-invalid=\"false\" name=\"dlakogo\"><option value=\"Tak\">Tak<\/option><option value=\"Nie, dla osoby bliskiej\">Nie, dla osoby bliskiej<\/option><\/select><\/span>\n\t\t<\/p>\n\t\t<p style=\"text-align: right; padding-top: 13px;\">Wybierz rodzaj sesji\n\t\t<\/p>\n\t\t<p><span class=\"wpcf7-form-control-wrap\" data-name=\"sesja\"><select class=\"wpcf7-form-control wpcf7-select wpcf7-validates-as-required\" aria-required=\"true\" aria-invalid=\"false\" name=\"sesja\"><option value=\"Oswajanie celu\">Oswajanie celu<\/option><option value=\"Odkrywanie warto\u015bci\">Odkrywanie warto\u015bci<\/option><option value=\"Pom\u00f3\u017c mi pomy\u015ble\u0107\">Pom\u00f3\u017c mi pomy\u015ble\u0107<\/option><option value=\"Coaching interwencyjny\">Coaching interwencyjny<\/option><\/select><\/span>\n\t\t<\/p>\n\t<\/div>\n\t<p class=\"clearfix\"><input class=\"wpcf7-form-control wpcf7-submit has-spinner button-primary\" type=\"submit\" value=\"Umawiam si\u0119\" \/>\n\t<\/p>\n<\/div><div class=\"wpcf7-response-output\" aria-hidden=\"true\"><\/div>\n<input type=\"hidden\" name=\"trp-form-language\" value=\"ru\"\/><\/form>\n<\/div>\n<\/div><\/div><\/div><\/div><div class=\"vc_empty_space\"   style=\"height: 60px\"><span class=\"vc_empty_space_inner\"><\/span><\/div>\t<\/div>\n<\/div><\/div>\n<\/div>","protected":false},"excerpt":{"rendered":"Pracuj\u0119 przede wszystkim z Tob\u0105 Wsp\u00f3lnymi si\u0142ami przywr\u00f3cimy Ci\u00a0poczucie niezale\u017cno\u015bci, przyjrzymy si\u0119 przeszkodom na drodze do zmiany i rozprawimy si\u0119 z nimi! .ts-single-image-6:hover .overlay{background-color:#ffffff} Oswajanie celu Czy znasz sw\u00f3j cel? Czy znasz drog\u0119, kt\u00f3ra do niego zmierza? Czy chcesz czu\u0107 lekko\u015b\u0107, odwag\u0119 i motywacj\u0119 w drodze do celu? Wyznaczenie celu to pocz\u0105tek procesu zmiany. Przy [...]","protected":false},"author":1,"featured_media":0,"parent":0,"menu_order":0,"comment_status":"closed","ping_status":"closed","template":"","meta":{"footnotes":""},"class_list":["post-17915","page","type-page","status-publish","hentry"],"_links":{"self":[{"href":"https:\/\/sentio.pl\/ru\/wp-json\/wp\/v2\/pages\/17915","targetHints":{"allow":["GET"]}}],"collection":[{"href":"https:\/\/sentio.pl\/ru\/wp-json\/wp\/v2\/pages"}],"about":[{"href":"https:\/\/sentio.pl\/ru\/wp-json\/wp\/v2\/types\/page"}],"author":[{"embeddable":true,"href":"https:\/\/sentio.pl\/ru\/wp-json\/wp\/v2\/users\/1"}],"replies":[{"embeddable":true,"href":"https:\/\/sentio.pl\/ru\/wp-json\/wp\/v2\/comments?post=17915"}],"version-history":[{"count":26,"href":"https:\/\/sentio.pl\/ru\/wp-json\/wp\/v2\/pages\/17915\/revisions"}],"predecessor-version":[{"id":17949,"href":"https:\/\/sentio.pl\/ru\/wp-json\/wp\/v2\/pages\/17915\/revisions\/17949"}],"wp:attachment":[{"href":"https:\/\/sentio.pl\/ru\/wp-json\/wp\/v2\/media?parent=17915"}],"curies":[{"name":"wp","href":"https:\/\/api.w.org\/{rel}","templated":true}]}}