{"id":17704,"date":"2023-06-18T10:17:56","date_gmt":"2023-06-18T08:17:56","guid":{"rendered":"http:\/\/sentio.pl\/?page_id=17704"},"modified":"2023-06-18T10:53:12","modified_gmt":"2023-06-18T08:53:12","slug":"onas","status":"publish","type":"page","link":"https:\/\/sentio.pl\/ru\/onas\/","title":{"rendered":"O nas"},"content":{"rendered":"<div class=\"wpb-content-wrapper\"><div  class=\"vc_row wpb_row vc_row-fluid bg-right vc_custom_1687076812044 vc_column-gap-default ts-row-wide loading\"  data-vc-full-width=\"true\" data-vc-full-width-init=\"false\"  ><div class=\"wpb_column vc_column_container vc_col-sm-12 vc_col-lg-5 vc_col-md-6\">\n\t<div class=\"wpb_wrapper\">\n\t<div class=\"vc_row wpb_row vc_inner vc_row-fluid vc_column-gap-default\"><div class=\"wpb_column vc_column_container vc_col-sm-12 vc_hidden-md vc_hidden-sm vc_hidden-xs\"><div class=\"vc_column-inner\"><div class=\"wpb_wrapper\"><div class=\"vc_empty_space\"   style=\"height: 30px\"><span class=\"vc_empty_space_inner\"><\/span><\/div><\/div><\/div><\/div><\/div>\n\t<div class=\"wpb_text_column wpb_content_element vc_custom_1687076552670\" >\n\t\t<div class=\"wpb_wrapper\">\n\t\t\t<h2 style=\"margin-bottom: 25px;\">Centrum przyjazne pacjentom<\/h2>\n<p style=\"margin-bottom: 35px; line-height: 32px;\">SENTIO dba o komfort i wygod\u0119 swoich pacjent\u00f3w, zapewniaj\u0105c przyjazne i relaksuj\u0105ce otoczenie. Nasze nowoczesne i dobrze wyposa\u017cone centrum zapewnia spokojn\u0105 atmosfer\u0119 sprzyjaj\u0105c\u0105 terapii i samorozwojowi.<\/p>\n\n\t\t<\/div>\n\t<\/div>\n<div class=\"vc_row wpb_row vc_inner vc_row-fluid vc_column-gap-default\"><div class=\"wpb_column vc_column_container vc_col-sm-12 vc_hidden-md vc_hidden-sm vc_hidden-xs\"><div class=\"vc_column-inner\"><div class=\"wpb_wrapper\"><div class=\"vc_empty_space\"   style=\"height: 30px\"><span class=\"vc_empty_space_inner\"><\/span><\/div><\/div><\/div><\/div><\/div>\t<\/div>\n<\/div><div class=\"wpb_column vc_column_container vc_col-sm-12 vc_col-lg-7 vc_col-md-6 vc_custom_1601520445360\">\n\t<div class=\"wpb_wrapper\">\n\t\t<\/div>\n<\/div><\/div><div class=\"vc_row-full-width\"><\/div>\t<div  class=\"vc_row wpb_row vc_row-fluid vc_column-gap-default ts-row-wide\"  ><div class=\"wpb_column vc_column_container vc_col-sm-12 vc_hidden-md vc_hidden-sm vc_hidden-xs\">\n\t<div class=\"wpb_wrapper\">\n\t<div class=\"vc_empty_space\"   style=\"height: 60px\"><span class=\"vc_empty_space_inner\"><\/span><\/div>\t<\/div>\n<\/div><\/div>\t<div  class=\"vc_row wpb_row vc_row-fluid vc_custom_1604285148356 vc_column-gap-default ts-row-wide\"  ><div class=\"wpb_column vc_column_container vc_col-sm-12\">\n\t<div class=\"wpb_wrapper\">\n\t<div class=\"vc_row wpb_row vc_inner vc_row-fluid vc_custom_1604287313828 vc_column-gap-default vc_row-o-equal-height vc_row-o-content-middle vc_row-flex\"><div class=\"wpb_column vc_column_container vc_col-sm-6\"><div class=\"vc_column-inner\"><div class=\"wpb_wrapper\">\t\t<div class=\"ts-single-image ts-effect-image ts-aligncenter no-eff ts-single-image-1 banner-radius\">\n\t\t\t<div class=\"ts-shortcode-custom-style hidden\">.ts-single-image-1:hover .overlay{background-color:#ffffff}<\/div>\t\t\t<a title=\"\" target=\"_blank\" class=\"image-link\" href=\"\" >\n\t\t\t\t<img loading=\"lazy\" decoding=\"async\" width=\"700\" height=\"479\" src=\"https:\/\/sentio.pl\/wp-content\/uploads\/2023\/06\/prod01.jpg\" class=\"img\" alt=\"\" srcset=\"https:\/\/sentio.pl\/wp-content\/uploads\/2023\/06\/prod01.jpg 700w, https:\/\/sentio.pl\/wp-content\/uploads\/2023\/06\/prod01-150x103.jpg 150w, https:\/\/sentio.pl\/wp-content\/uploads\/2023\/06\/prod01-300x205.jpg 300w, https:\/\/sentio.pl\/wp-content\/uploads\/2023\/06\/prod01-310x212.jpg 310w\" sizes=\"auto, (max-width: 700px) 100vw, 700px\" \/>\t\t\t\t<span class=\"overlay\"><\/span>\n\t\t\t<\/a>\n\t\t<\/div>\n\t\t<\/div><\/div><\/div><div class=\"wpb_column vc_column_container vc_col-sm-6\"><div class=\"vc_column-inner\"><div class=\"wpb_wrapper\">\n\t<div class=\"wpb_text_column wpb_content_element vc_custom_1687076871935\" >\n\t\t<div class=\"wpb_wrapper\">\n\t\t\t<h2>Terapia rodzinna<\/h2>\n<p>Terapia rodzinna to forma pomocy psychologicznej, kt\u00f3ra skupia si\u0119 na poprawie komunikacji, rozwi\u0105zywaniu konflikt\u00f3w i budowaniu zdrowych relacji w rodzinie. Celem jest wzmocnienie wi\u0119zi rodzinnych i poprawa funkcjonowania rodziny jako ca\u0142o\u015bci.<\/p>\n\n\t\t<\/div>\n\t<\/div>\n<\/div><\/div><\/div><\/div><div class=\"vc_row wpb_row vc_inner vc_row-fluid vc_column-gap-default\"><div class=\"wpb_column vc_column_container vc_col-sm-12 vc_hidden-md vc_hidden-sm vc_hidden-xs\"><div class=\"vc_column-inner\"><div class=\"wpb_wrapper\"><div class=\"vc_empty_space\"   style=\"height: 60px\"><span class=\"vc_empty_space_inner\"><\/span><\/div><\/div><\/div><\/div><\/div><div class=\"vc_row wpb_row vc_inner vc_row-fluid mobile-reverse-columns vc_custom_1604287526037 vc_column-gap-default vc_row-o-equal-height vc_row-o-content-middle vc_row-flex\"><div class=\"wpb_column vc_column_container vc_col-sm-6\"><div class=\"vc_column-inner\"><div class=\"wpb_wrapper\">\n\t<div class=\"wpb_text_column wpb_content_element vc_custom_1687077625560\" >\n\t\t<div class=\"wpb_wrapper\">\n\t\t\t<h2>Terapia dzieci\u0119ca<\/h2>\n<p>Terapia dzieci\u0119ca to specjalistyczna forma pomocy psychologicznej skierowana do dzieci i m\u0142odzie\u017cy. Psycholog pracuje z dzieckiem w celu zrozumienia i rozwi\u0105zania problem\u00f3w emocjonalnych, spo\u0142ecznych lub zachowawczych, zgodnie z wiekiem i rozwojem dziecka.<\/p>\n\n\t\t<\/div>\n\t<\/div>\n<\/div><\/div><\/div><div class=\"wpb_column vc_column_container vc_col-sm-6\"><div class=\"vc_column-inner\"><div class=\"wpb_wrapper\">\t\t<div class=\"ts-single-image ts-effect-image ts-aligncenter no-eff ts-single-image-2 banner-radius\">\n\t\t\t<div class=\"ts-shortcode-custom-style hidden\">.ts-single-image-2:hover .overlay{background-color:#ffffff}<\/div>\t\t\t<a title=\"\" target=\"_self\" class=\"image-link\" href=\"\" >\n\t\t\t\t<img loading=\"lazy\" decoding=\"async\" width=\"700\" height=\"479\" src=\"https:\/\/sentio.pl\/wp-content\/uploads\/2023\/06\/prod02.jpg\" class=\"img\" alt=\"\" srcset=\"https:\/\/sentio.pl\/wp-content\/uploads\/2023\/06\/prod02.jpg 700w, https:\/\/sentio.pl\/wp-content\/uploads\/2023\/06\/prod02-150x103.jpg 150w, https:\/\/sentio.pl\/wp-content\/uploads\/2023\/06\/prod02-300x205.jpg 300w, https:\/\/sentio.pl\/wp-content\/uploads\/2023\/06\/prod02-310x212.jpg 310w\" sizes=\"auto, (max-width: 700px) 100vw, 700px\" \/>\t\t\t\t<span class=\"overlay\"><\/span>\n\t\t\t<\/a>\n\t\t<\/div>\n\t\t<\/div><\/div><\/div><\/div><div class=\"vc_row wpb_row vc_inner vc_row-fluid vc_column-gap-default\"><div class=\"wpb_column vc_column_container vc_col-sm-12 vc_hidden-md vc_hidden-sm vc_hidden-xs\"><div class=\"vc_column-inner\"><div class=\"wpb_wrapper\"><div class=\"vc_empty_space\"   style=\"height: 60px\"><span class=\"vc_empty_space_inner\"><\/span><\/div><\/div><\/div><\/div><\/div><div class=\"vc_row wpb_row vc_inner vc_row-fluid vc_custom_1604287328733 vc_column-gap-default vc_row-o-equal-height vc_row-o-content-middle vc_row-flex\"><div class=\"wpb_column vc_column_container vc_col-sm-6\"><div class=\"vc_column-inner\"><div class=\"wpb_wrapper\">\t\t<div class=\"ts-single-image ts-effect-image ts-aligncenter no-eff ts-single-image-3 banner-radius\">\n\t\t\t<div class=\"ts-shortcode-custom-style hidden\">.ts-single-image-3:hover .overlay{background-color:#ffffff}<\/div>\t\t\t<a title=\"\" target=\"_self\" class=\"image-link\" href=\"\" >\n\t\t\t\t<img loading=\"lazy\" decoding=\"async\" width=\"700\" height=\"479\" src=\"https:\/\/sentio.pl\/wp-content\/uploads\/2023\/06\/prod03.jpg\" class=\"img\" alt=\"\" srcset=\"https:\/\/sentio.pl\/wp-content\/uploads\/2023\/06\/prod03.jpg 700w, https:\/\/sentio.pl\/wp-content\/uploads\/2023\/06\/prod03-150x103.jpg 150w, https:\/\/sentio.pl\/wp-content\/uploads\/2023\/06\/prod03-300x205.jpg 300w, https:\/\/sentio.pl\/wp-content\/uploads\/2023\/06\/prod03-310x212.jpg 310w\" sizes=\"auto, (max-width: 700px) 100vw, 700px\" \/>\t\t\t\t<span class=\"overlay\"><\/span>\n\t\t\t<\/a>\n\t\t<\/div>\n\t\t<\/div><\/div><\/div><div class=\"wpb_column vc_column_container vc_col-sm-6\"><div class=\"vc_column-inner\"><div class=\"wpb_wrapper\">\n\t<div class=\"wpb_text_column wpb_content_element vc_custom_1687077800914\" >\n\t\t<div class=\"wpb_wrapper\">\n\t\t\t<h2>Terapia indywidualna<\/h2>\n<p>Terapia indywidualna to proces terapeutyczny skoncentrowany na jednej osobie. Psycholog wspomaga klienta w identyfikacji, zrozumieniu i rozwi\u0105zaniu problem\u00f3w emocjonalnych, zachowa\u0144 lub trudno\u015bci \u017cyciowych. Terapia indywidualna umo\u017cliwia klientowi eksploracj\u0119 swoich uczu\u0107 i my\u015bli w bezpiecznym i wspieraj\u0105cym \u015brodowisku.<\/p>\n\n\t\t<\/div>\n\t<\/div>\n<\/div><\/div><\/div><\/div><div class=\"vc_row wpb_row vc_inner vc_row-fluid vc_column-gap-default\"><div class=\"wpb_column vc_column_container vc_col-sm-12 vc_hidden-md vc_hidden-sm vc_hidden-xs\"><div class=\"vc_column-inner\"><div class=\"wpb_wrapper\"><div class=\"vc_empty_space\"   style=\"height: 60px\"><span class=\"vc_empty_space_inner\"><\/span><\/div><\/div><\/div><\/div><\/div><div class=\"vc_row wpb_row vc_inner vc_row-fluid mobile-reverse-columns vc_custom_1604287526037 vc_column-gap-default vc_row-o-equal-height vc_row-o-content-middle vc_row-flex\"><div class=\"wpb_column vc_column_container vc_col-sm-6\"><div class=\"vc_column-inner\"><div class=\"wpb_wrapper\">\n\t<div class=\"wpb_text_column wpb_content_element vc_custom_1687078096238\" >\n\t\t<div class=\"wpb_wrapper\">\n\t\t\t<h2>Terapia traumy<\/h2>\n<p>Terapia traumy to forma pomocy psychologicznej dla os\u00f3b, kt\u00f3re do\u015bwiadczy\u0142y traumy lub prze\u017cy\u0142y wstrz\u0105saj\u0105ce wydarzenia. Psycholog pomaga klientowi w przetwarzaniu traumy, redukcji objaw\u00f3w stresu pourazowego i budowaniu zdrowych strategii radzenia sobie.<\/p>\n\n\t\t<\/div>\n\t<\/div>\n<\/div><\/div><\/div><div class=\"wpb_column vc_column_container vc_col-sm-6\"><div class=\"vc_column-inner\"><div class=\"wpb_wrapper\">\t\t<div class=\"ts-single-image ts-effect-image ts-aligncenter no-eff ts-single-image-4 banner-radius\">\n\t\t\t<div class=\"ts-shortcode-custom-style hidden\">.ts-single-image-4:hover .overlay{background-color:#ffffff}<\/div>\t\t\t<a title=\"\" target=\"_self\" class=\"image-link\" href=\"\" >\n\t\t\t\t<img loading=\"lazy\" decoding=\"async\" width=\"700\" height=\"479\" src=\"https:\/\/sentio.pl\/wp-content\/uploads\/2023\/06\/prod04.jpg\" class=\"img\" alt=\"\" srcset=\"https:\/\/sentio.pl\/wp-content\/uploads\/2023\/06\/prod04.jpg 700w, https:\/\/sentio.pl\/wp-content\/uploads\/2023\/06\/prod04-150x103.jpg 150w, https:\/\/sentio.pl\/wp-content\/uploads\/2023\/06\/prod04-300x205.jpg 300w, https:\/\/sentio.pl\/wp-content\/uploads\/2023\/06\/prod04-310x212.jpg 310w\" sizes=\"auto, (max-width: 700px) 100vw, 700px\" \/>\t\t\t\t<span class=\"overlay\"><\/span>\n\t\t\t<\/a>\n\t\t<\/div>\n\t\t<\/div><\/div><\/div><\/div><div class=\"vc_row wpb_row vc_inner vc_row-fluid vc_column-gap-default\"><div class=\"wpb_column vc_column_container vc_col-sm-12 vc_hidden-md vc_hidden-sm vc_hidden-xs\"><div class=\"vc_column-inner\"><div class=\"wpb_wrapper\"><div class=\"vc_empty_space\"   style=\"height: 60px\"><span class=\"vc_empty_space_inner\"><\/span><\/div><\/div><\/div><\/div><\/div><div class=\"vc_row wpb_row vc_inner vc_row-fluid vc_custom_1604287328733 vc_column-gap-default vc_row-o-equal-height vc_row-o-content-middle vc_row-flex\"><div class=\"wpb_column vc_column_container vc_col-sm-6\"><div class=\"vc_column-inner\"><div class=\"wpb_wrapper\">\t\t<div class=\"ts-single-image ts-effect-image ts-aligncenter no-eff ts-single-image-5 banner-radius\">\n\t\t\t<div class=\"ts-shortcode-custom-style hidden\">.ts-single-image-5:hover .overlay{background-color:#ffffff}<\/div>\t\t\t<a title=\"\" target=\"_self\" class=\"image-link\" href=\"\" >\n\t\t\t\t<img loading=\"lazy\" decoding=\"async\" width=\"700\" height=\"479\" src=\"https:\/\/sentio.pl\/wp-content\/uploads\/2023\/06\/prod05.jpg\" class=\"img\" alt=\"\" srcset=\"https:\/\/sentio.pl\/wp-content\/uploads\/2023\/06\/prod05.jpg 700w, https:\/\/sentio.pl\/wp-content\/uploads\/2023\/06\/prod05-150x103.jpg 150w, https:\/\/sentio.pl\/wp-content\/uploads\/2023\/06\/prod05-300x205.jpg 300w, https:\/\/sentio.pl\/wp-content\/uploads\/2023\/06\/prod05-310x212.jpg 310w\" sizes=\"auto, (max-width: 700px) 100vw, 700px\" \/>\t\t\t\t<span class=\"overlay\"><\/span>\n\t\t\t<\/a>\n\t\t<\/div>\n\t\t<\/div><\/div><\/div><div class=\"wpb_column vc_column_container vc_col-sm-6\"><div class=\"vc_column-inner\"><div class=\"wpb_wrapper\">\n\t<div class=\"wpb_text_column wpb_content_element vc_custom_1687078209646\" >\n\t\t<div class=\"wpb_wrapper\">\n\t\t\t<h2>Terapia uzale\u017cnie\u0144<\/h2>\n<p>Terapia uzale\u017cnie\u0144 to specjalistyczna forma pomocy psychologicznej dla os\u00f3b borykaj\u0105cych si\u0119 z r\u00f3\u017cnymi uzale\u017cnieniami, takimi jak alkohol, narkotyki, hazard czy zachowania kompulsywne. Psycholog pomaga klientowi w identyfikacji i zrozumieniu przyczyn uzale\u017cnienia oraz opracowaniu planu leczenia i powrotu do zdrowego funkcjonowania.<\/p>\n\n\t\t<\/div>\n\t<\/div>\n<\/div><\/div><\/div><\/div><div class=\"vc_row wpb_row vc_inner vc_row-fluid vc_column-gap-default\"><div class=\"wpb_column vc_column_container vc_col-sm-12 vc_hidden-md vc_hidden-sm vc_hidden-xs\"><div class=\"vc_column-inner\"><div class=\"wpb_wrapper\"><div class=\"vc_empty_space\"   style=\"height: 60px\"><span class=\"vc_empty_space_inner\"><\/span><\/div><\/div><\/div><\/div><\/div><div class=\"vc_row wpb_row vc_inner vc_row-fluid mobile-reverse-columns vc_custom_1604287526037 vc_column-gap-default vc_row-o-equal-height vc_row-o-content-middle vc_row-flex\"><div class=\"wpb_column vc_column_container vc_col-sm-6\"><div class=\"vc_column-inner\"><div class=\"wpb_wrapper\">\n\t<div class=\"wpb_text_column wpb_content_element vc_custom_1687078311141\" >\n\t\t<div class=\"wpb_wrapper\">\n\t\t\t<h2>Terapia rozwojowa<\/h2>\n<p>Terapia rozwojowa to forma wsparcia psychologicznego, kt\u00f3ra skupia si\u0119 na promowaniu osobistego rozwoju, zdrowego rozwoju emocjonalnego i osi\u0105ganiu pe\u0142nego potencja\u0142u. Psycholog wspomaga klienta w identyfikacji cel\u00f3w rozwojowych, budowaniu umiej\u0119tno\u015bci radzenia sobie ze stresem i wzmocnieniu pozytywnego podej\u015bcia do \u017cycia.<\/p>\n\n\t\t<\/div>\n\t<\/div>\n<\/div><\/div><\/div><div class=\"wpb_column vc_column_container vc_col-sm-6\"><div class=\"vc_column-inner\"><div class=\"wpb_wrapper\">\t\t<div class=\"ts-single-image ts-effect-image ts-aligncenter no-eff ts-single-image-6 banner-radius\">\n\t\t\t<div class=\"ts-shortcode-custom-style hidden\">.ts-single-image-6:hover .overlay{background-color:#ffffff}<\/div>\t\t\t<a title=\"\" target=\"_self\" class=\"image-link\" href=\"\" >\n\t\t\t\t<img loading=\"lazy\" decoding=\"async\" width=\"700\" height=\"479\" src=\"https:\/\/sentio.pl\/wp-content\/uploads\/2023\/06\/prod06.jpg\" class=\"img\" alt=\"\" srcset=\"https:\/\/sentio.pl\/wp-content\/uploads\/2023\/06\/prod06.jpg 700w, https:\/\/sentio.pl\/wp-content\/uploads\/2023\/06\/prod06-150x103.jpg 150w, https:\/\/sentio.pl\/wp-content\/uploads\/2023\/06\/prod06-300x205.jpg 300w, https:\/\/sentio.pl\/wp-content\/uploads\/2023\/06\/prod06-310x212.jpg 310w\" sizes=\"auto, (max-width: 700px) 100vw, 700px\" \/>\t\t\t\t<span class=\"overlay\"><\/span>\n\t\t\t<\/a>\n\t\t<\/div>\n\t\t<\/div><\/div><\/div><\/div>\t<\/div>\n<\/div><\/div>\t<div  class=\"vc_row wpb_row vc_row-fluid vc_column-gap-default ts-row-wide\"  ><div class=\"wpb_column vc_column_container vc_col-sm-12 vc_hidden-md vc_hidden-sm vc_hidden-xs\">\n\t<div class=\"wpb_wrapper\">\n\t<div class=\"vc_empty_space\"   style=\"height: 60px\"><span class=\"vc_empty_space_inner\"><\/span><\/div>\t<\/div>\n<\/div><\/div>\n<\/div>","protected":false},"excerpt":{"rendered":"Centrum przyjazne pacjentom SENTIO dba o komfort i wygod\u0119 swoich pacjent\u00f3w, zapewniaj\u0105c przyjazne i relaksuj\u0105ce otoczenie. Nasze nowoczesne i dobrze wyposa\u017cone centrum zapewnia spokojn\u0105 atmosfer\u0119 sprzyjaj\u0105c\u0105 terapii i samorozwojowi. .ts-single-image-7:hover .overlay{background-color:#ffffff} Terapia rodzinna Terapia rodzinna to forma pomocy psychologicznej, kt\u00f3ra skupia si\u0119 na poprawie komunikacji, rozwi\u0105zywaniu konflikt\u00f3w i budowaniu zdrowych relacji w rodzinie. Celem jest [...]","protected":false},"author":1,"featured_media":0,"parent":0,"menu_order":0,"comment_status":"closed","ping_status":"closed","template":"","meta":{"footnotes":""},"class_list":["post-17704","page","type-page","status-publish","hentry"],"_links":{"self":[{"href":"https:\/\/sentio.pl\/ru\/wp-json\/wp\/v2\/pages\/17704","targetHints":{"allow":["GET"]}}],"collection":[{"href":"https:\/\/sentio.pl\/ru\/wp-json\/wp\/v2\/pages"}],"about":[{"href":"https:\/\/sentio.pl\/ru\/wp-json\/wp\/v2\/types\/page"}],"author":[{"embeddable":true,"href":"https:\/\/sentio.pl\/ru\/wp-json\/wp\/v2\/users\/1"}],"replies":[{"embeddable":true,"href":"https:\/\/sentio.pl\/ru\/wp-json\/wp\/v2\/comments?post=17704"}],"version-history":[{"count":13,"href":"https:\/\/sentio.pl\/ru\/wp-json\/wp\/v2\/pages\/17704\/revisions"}],"predecessor-version":[{"id":17724,"href":"https:\/\/sentio.pl\/ru\/wp-json\/wp\/v2\/pages\/17704\/revisions\/17724"}],"wp:attachment":[{"href":"https:\/\/sentio.pl\/ru\/wp-json\/wp\/v2\/media?parent=17704"}],"curies":[{"name":"wp","href":"https:\/\/api.w.org\/{rel}","templated":true}]}}